{"id":136711,"date":"2026-04-09T09:00:55","date_gmt":"2026-04-09T07:00:55","guid":{"rendered":"https:\/\/www.oslomyntgalleri.no\/?post_type=product&#038;p=136711"},"modified":"2026-03-27T16:41:57","modified_gmt":"2026-03-27T15:41:57","slug":"1880-o-usa-dollar-0-01","status":"publish","type":"product","link":"https:\/\/www.oslomyntgalleri.no\/en\/produkt\/1880-o-usa-dollar-0-01\/","title":{"rendered":"1880 O USA dollar, 0\/01"},"content":{"rendered":"","protected":false},"excerpt":{"rendered":"<h2><strong>USA. Morgan Dollar. S\u00f8lv, 1880-O<\/strong><\/h2>\n<p style=\"font-weight: 400;\">Den klassiske amerikanske s\u00f8lvdollaren fra perioden 1878\u20131921.<\/p>\n<p style=\"font-weight: 400;\">Mynten er utformet av\u00a0George T. Morgan, som gav Liberty et mer naturalistisk og individuelt uttrykk. I stedet for en idealisert, nesten guddommelig allegori er Liberty her basert p\u00e5 en virkelig person, noe som gir fremstillingen en mer menneskelig og direkte karakter.<\/p>\n<p style=\"font-weight: 400;\">Forbildet for portrettet var\u00a0Anna Willess Williams, omgitt av 13 stjerner som representerer de opprinnelige statene i unionen.<\/p>\n<p style=\"font-weight: 400;\">Reversen viser den amerikanske \u00f8rnen med utstrakte vinger, omgitt av laurb\u00e6rkrans og nasjonale inskripsjoner. Mottoet\u00a0<em>E Pluribus Unum<\/em>\u00a0(\u201cav mange, \u00e9n\u201d) viser til unionens sammensetning, mens\u00a0<em>In God We Trust<\/em>\u00a0ble innf\u00f8rt p\u00e5 amerikanske mynter etter borgerkrigen og reflekterer samtidens religi\u00f8se og politiske str\u00f8mninger.<\/p>\n<p style=\"font-weight: 400;\">Morgan-dollarene ble innf\u00f8rt gjennom Bland\u2013Allison Act (1878), som p\u00e5la staten \u00e5 kj\u00f8pe store mengder s\u00f8lv og omsette dette i myntproduksjon. Bakgrunnen var blant annet de omfattende s\u00f8lvfunnene i vestlige omr\u00e5der, s\u00e6rlig Comstock Lode i Nevada. Dette skapte en situasjon hvor tilbudet av s\u00f8lv oversteg markedets ettersp\u00f8rsel, samtidig som politiske hensyn tilsa at metallet fortsatt skulle spille en rolle i pengesystemet. Resultatet var omfattende produksjon av s\u00f8lvdollar, ofte uavhengig av faktisk behov i sirkulasjon.<\/p>\n<p style=\"font-weight: 400;\">Myntens p\u00e5lydende verdi reflekterte ikke n\u00f8dvendigvis markedsverdien av s\u00f8lvinnholdet, men var i stor grad et resultat av politiske beslutninger knyttet til s\u00f8lvets rolle i \u00f8konomien.<\/p>\n<p style=\"font-weight: 400;\">Preget ved myntverket i New Orleans, etablert i 1838 som et regionalt myntverk for \u00e5 betjene handelen i s\u00f8rstatene. Etter en periode med stans under borgerkrigen ble produksjonen gjenopptatt, og myntverket spilte en viktig rolle i distribusjonen av mynt i det s\u00f8rlige USA.<\/p>\n<p style=\"font-weight: 400;\">Advers:\u00a0\u00a0\u00a0\u00a0\u00a0\u00a0\u00a0\u00a0\u00a0\u00a0 Liberty-portrett.<br \/>\nRevers:\u00a0\u00a0\u00a0\u00a0\u00a0\u00a0\u00a0\u00a0\u00a0\u00a0 \u00d8rn med utstrakte vinger.<\/p>\n<p style=\"font-weight: 400;\">Myntmerket er plassert p\u00e5 reversen, under \u00f8rnen mellom kransens b\u00e5nd.<\/p>\n<p style=\"font-weight: 400;\">S\u00f8lv (.900), 26,73 g.<\/p>\n<p> <a href=\"https:\/\/www.oslomyntgalleri.no\/en\/produkt\/1880-o-usa-dollar-0-01\/\"><\/a><\/p>\n","protected":false},"featured_media":136607,"template":"","meta":{"_acf_changed":false},"product_brand":[],"product_cat":[18,58],"product_tag":[],"class_list":{"0":"post-136711","1":"product","2":"type-product","3":"status-publish","4":"has-post-thumbnail","6":"product_cat-verden","7":"product_cat-usa","9":"first","10":"instock","11":"shipping-taxable","12":"purchasable","13":"product-type-simple"},"acf":[],"_links":{"self":[{"href":"https:\/\/www.oslomyntgalleri.no\/en\/wp-json\/wp\/v2\/product\/136711","targetHints":{"allow":["GET"]}}],"collection":[{"href":"https:\/\/www.oslomyntgalleri.no\/en\/wp-json\/wp\/v2\/product"}],"about":[{"href":"https:\/\/www.oslomyntgalleri.no\/en\/wp-json\/wp\/v2\/types\/product"}],"wp:featuredmedia":[{"embeddable":true,"href":"https:\/\/www.oslomyntgalleri.no\/en\/wp-json\/wp\/v2\/media\/136607"}],"wp:attachment":[{"href":"https:\/\/www.oslomyntgalleri.no\/en\/wp-json\/wp\/v2\/media?parent=136711"}],"wp:term":[{"taxonomy":"product_brand","embeddable":true,"href":"https:\/\/www.oslomyntgalleri.no\/en\/wp-json\/wp\/v2\/product_brand?post=136711"},{"taxonomy":"product_cat","embeddable":true,"href":"https:\/\/www.oslomyntgalleri.no\/en\/wp-json\/wp\/v2\/product_cat?post=136711"},{"taxonomy":"product_tag","embeddable":true,"href":"https:\/\/www.oslomyntgalleri.no\/en\/wp-json\/wp\/v2\/product_tag?post=136711"}],"curies":[{"name":"wp","href":"https:\/\/api.w.org\/{rel}","templated":true}]}}