{"id":136707,"date":"2026-04-07T09:01:28","date_gmt":"2026-04-07T07:01:28","guid":{"rendered":"https:\/\/www.oslomyntgalleri.no\/?post_type=product&#038;p=136707"},"modified":"2026-04-07T09:02:29","modified_gmt":"2026-04-07T07:02:29","slug":"1884-hellas-20-drachmai-george-i-01","status":"publish","type":"product","link":"https:\/\/www.oslomyntgalleri.no\/en\/produkt\/1884-hellas-20-drachmai-george-i-01\/","title":{"rendered":"1884 Hellas 20 drachmai George I, 01"},"content":{"rendered":"","protected":false},"excerpt":{"rendered":"<p>Hellas. <span class=\"hover:entity-accent entity-underline inline cursor-pointer align-baseline\"><span class=\"whitespace-normal\">George I of Greece<\/span><\/span>. 20 Drachmai, ca. 1884<br data-start=\"689\" data-end=\"692\" \/>Preget under kong Georg I, i en periode hvor Hellas var integrert i det europeiske pengesystemet gjennom den latinske myntunionen. Mynten f\u00f8lger samme standard som de franske 20 franc, med fast vekt og finhet, og var dermed direkte kompatibel med tilsvarende gullmynter fra flere europeiske land.<br data-start=\"988\" data-end=\"991\" \/>Georg I regjerte Hellas i n\u00e6rmere femti \u00e5r og spilte en sentral rolle i stabiliseringen av landet etter uavhengigheten. Under hans styre ble Hellas tettere knyttet til de \u00f8konomiske strukturene i Vest-Europa, noe ogs\u00e5 gjenspeiles i myntvesenet.<br data-start=\"1235\" data-end=\"1238\" \/>Adversen viser kongens portrett i profil, i tr\u00e5d med samtidens europeiske mynttradisjon. Reversen b\u00e6rer riksv\u00e5penet innen en krans, i en klassisk og balansert komposisjon som understreker myntens rolle som standardisert gullval\u00f8r innen et felles europeisk system.<br data-start=\"1501\" data-end=\"1504\" \/>Myntpregested: Paris<br data-start=\"1524\" data-end=\"1527\" \/>Material: Gull (.900)<br data-start=\"1548\" data-end=\"1551\" \/>Vekt: 6,45 g<br data-start=\"1563\" data-end=\"1566\" \/>Diameter: 21 mm<br \/>\nKv. 01 <a href=\"https:\/\/www.oslomyntgalleri.no\/en\/produkt\/1884-hellas-20-drachmai-george-i-01\/\"><\/a><\/p>\n","protected":false},"featured_media":136708,"template":"","meta":{"_acf_changed":false},"product_brand":[],"product_cat":[188,189,143],"product_tag":[],"class_list":{"0":"post-136707","1":"product","2":"type-product","3":"status-publish","4":"has-post-thumbnail","6":"product_cat-verden-en","7":"product_cat-europa-en","8":"product_cat-gullmynter-2-en","10":"first","11":"instock","12":"shipping-taxable","13":"purchasable","14":"product-type-simple"},"acf":[],"_links":{"self":[{"href":"https:\/\/www.oslomyntgalleri.no\/en\/wp-json\/wp\/v2\/product\/136707","targetHints":{"allow":["GET"]}}],"collection":[{"href":"https:\/\/www.oslomyntgalleri.no\/en\/wp-json\/wp\/v2\/product"}],"about":[{"href":"https:\/\/www.oslomyntgalleri.no\/en\/wp-json\/wp\/v2\/types\/product"}],"wp:featuredmedia":[{"embeddable":true,"href":"https:\/\/www.oslomyntgalleri.no\/en\/wp-json\/wp\/v2\/media\/136708"}],"wp:attachment":[{"href":"https:\/\/www.oslomyntgalleri.no\/en\/wp-json\/wp\/v2\/media?parent=136707"}],"wp:term":[{"taxonomy":"product_brand","embeddable":true,"href":"https:\/\/www.oslomyntgalleri.no\/en\/wp-json\/wp\/v2\/product_brand?post=136707"},{"taxonomy":"product_cat","embeddable":true,"href":"https:\/\/www.oslomyntgalleri.no\/en\/wp-json\/wp\/v2\/product_cat?post=136707"},{"taxonomy":"product_tag","embeddable":true,"href":"https:\/\/www.oslomyntgalleri.no\/en\/wp-json\/wp\/v2\/product_tag?post=136707"}],"curies":[{"name":"wp","href":"https:\/\/api.w.org\/{rel}","templated":true}]}}