{"id":136703,"date":"2026-04-07T09:01:10","date_gmt":"2026-04-07T07:01:10","guid":{"rendered":"https:\/\/www.oslomyntgalleri.no\/?post_type=product&#038;p=136703"},"modified":"2026-04-07T09:01:12","modified_gmt":"2026-04-07T07:01:12","slug":"1874-b-preussen-10-mark-wilhelm-i-hannover-1-1","status":"publish","type":"product","link":"https:\/\/www.oslomyntgalleri.no\/en\/produkt\/1874-b-preussen-10-mark-wilhelm-i-hannover-1-1\/","title":{"rendered":"1874 B Preussen 10 mark Wilhelm I, Hannover, 1"},"content":{"rendered":"","protected":false},"excerpt":{"rendered":"<p>Preget i det tyske keiserriket etter samlingen av Tyskland i 1871, en periode hvor en ny felles valuta ble etablert basert p\u00e5 mark og pfennig, med gullmyntene som fundament i det monet\u00e6re systemet. Gullstandarden ga myntene en fast verdi knyttet til metallinnholdet, og bidro til stabilitet i et raskt voksende industrisamfunn.<br data-start=\"590\" data-end=\"593\" \/>Wilhelm I var konge av Preussen og den f\u00f8rste tyske keiseren etter rikssamlingen. Under hans styre ble det nye riket konsolidert b\u00e5de politisk og \u00f8konomisk, med Berlin som sentrum for den keiserlige makten. Myntene fra denne perioden b\u00e6rer fortsatt preg av de enkelte delstatene, samtidig som de inng\u00e5r i et felles rikssystem.<br data-start=\"919\" data-end=\"922\" \/>Adversen viser keiseren i profil med tydelig portrettkarakter, omgitt av hans titler som b\u00e5de tysk keiser og konge av Preussen. Reversen b\u00e6rer den keiserlige \u00f8rnen med krone, et kraftfullt symbol p\u00e5 det samlede riket, med val\u00f8ren plassert under. Utformingen er klassisk og balansert, i tr\u00e5d med samtidens europeiske gullmynter.<br data-start=\"1249\" data-end=\"1252\" \/>Myntpregested: Hannover\u00a0<br data-start=\"1304\" data-end=\"1307\" \/>Material: Gull (.900)<br data-start=\"1328\" data-end=\"1331\" \/>Vekt: 3,98 g<br \/>\nKv. 1 <a href=\"https:\/\/www.oslomyntgalleri.no\/en\/produkt\/1874-b-preussen-10-mark-wilhelm-i-hannover-1-1\/\"><\/a><\/p>\n","protected":false},"featured_media":136704,"template":"","meta":{"_acf_changed":false},"product_brand":[],"product_cat":[188,193,143],"product_tag":[],"class_list":{"0":"post-136703","1":"product","2":"type-product","3":"status-publish","4":"has-post-thumbnail","6":"product_cat-verden-en","7":"product_cat-tyskland-en","8":"product_cat-gullmynter-2-en","10":"first","11":"outofstock","12":"shipping-taxable","13":"purchasable","14":"product-type-simple"},"acf":[],"_links":{"self":[{"href":"https:\/\/www.oslomyntgalleri.no\/en\/wp-json\/wp\/v2\/product\/136703","targetHints":{"allow":["GET"]}}],"collection":[{"href":"https:\/\/www.oslomyntgalleri.no\/en\/wp-json\/wp\/v2\/product"}],"about":[{"href":"https:\/\/www.oslomyntgalleri.no\/en\/wp-json\/wp\/v2\/types\/product"}],"wp:featuredmedia":[{"embeddable":true,"href":"https:\/\/www.oslomyntgalleri.no\/en\/wp-json\/wp\/v2\/media\/136704"}],"wp:attachment":[{"href":"https:\/\/www.oslomyntgalleri.no\/en\/wp-json\/wp\/v2\/media?parent=136703"}],"wp:term":[{"taxonomy":"product_brand","embeddable":true,"href":"https:\/\/www.oslomyntgalleri.no\/en\/wp-json\/wp\/v2\/product_brand?post=136703"},{"taxonomy":"product_cat","embeddable":true,"href":"https:\/\/www.oslomyntgalleri.no\/en\/wp-json\/wp\/v2\/product_cat?post=136703"},{"taxonomy":"product_tag","embeddable":true,"href":"https:\/\/www.oslomyntgalleri.no\/en\/wp-json\/wp\/v2\/product_tag?post=136703"}],"curies":[{"name":"wp","href":"https:\/\/api.w.org\/{rel}","templated":true}]}}