{"id":136699,"date":"2026-04-07T09:01:32","date_gmt":"2026-04-07T07:01:32","guid":{"rendered":"https:\/\/www.oslomyntgalleri.no\/?post_type=product&#038;p=136699"},"modified":"2026-04-07T09:02:56","modified_gmt":"2026-04-07T07:02:56","slug":"1817-a-frankrike-20-francs-louis-xviii-1-1","status":"publish","type":"product","link":"https:\/\/www.oslomyntgalleri.no\/en\/produkt\/1817-a-frankrike-20-francs-louis-xviii-1-1\/","title":{"rendered":"1817 A Frankrike 20 francs Louis XVIII, 1\/1+"},"content":{"rendered":"","protected":false},"excerpt":{"rendered":"<p>Frankrike, 20 francs, Louis XVIII, preget 1816\u20131824.<\/p>\n<p>Klassisk fransk gullmynt fra restaurasjonsperioden under kong Louis XVIII, utstedt etter Bourbon-monarkiets gjeninnsettelse etter Napoleons fall. Adversen viser kongens portrett med titulatur, utf\u00f8rt i en n\u00f8ktern, nyklassisistisk stil som reflekterer tidens politiske \u00f8nske om kontinuitet og stabilitet. Reversen b\u00e6rer val\u00f8r og \u00e5rstall innen krans, sammen med revolusjonstidens videref\u00f8rte myntsystem basert p\u00e5 franc.<\/p>\n<p>Louis XVIII, bror av den henrettede Louis XVI, vendte tilbake til Frankrike etter \u00e5r i eksil under revolusjonen og Napoleonskrigene. Hans gjeninnsettelse markerer et bemerkelsesverdig historisk \u00f8yeblikk hvor monarkiet igjen ble etablert i et samfunn formet av revolusjon\u00e6re omveltninger. Gjennom Charteret av 1814 s\u00f8kte han \u00e5 forene det gamle dynastiet med et konstitusjonelt styre, og hans regjeringstid fremst\u00e5r som relativt stabil, til tross for vedvarende politiske spenninger.<\/p>\n<p>Preget i gull etter spesifikasjonene som senere ble fastlagt gjennom Den latinske myntunion i Paris, med standardisert vekt og finhet som skulle danne grunnlag for et internasjonalt myntsystem.<\/p>\n<p>Et tiltalende og historisk betydningsfullt gullstykke fra den franske restaurasjonen.<\/p>\n<p>Myntpregested : Paris<br \/>\nMetall : Gull<br \/>\nVekt : 6,45 g.<br \/>\nKv. 1\/1+ <a href=\"https:\/\/www.oslomyntgalleri.no\/en\/produkt\/1817-a-frankrike-20-francs-louis-xviii-1-1\/\"><\/a><\/p>\n","protected":false},"featured_media":136700,"template":"","meta":{"_acf_changed":false},"product_brand":[],"product_cat":[188,191,143],"product_tag":[],"class_list":{"0":"post-136699","1":"product","2":"type-product","3":"status-publish","4":"has-post-thumbnail","6":"product_cat-verden-en","7":"product_cat-frankrike-en","8":"product_cat-gullmynter-2-en","10":"first","11":"instock","12":"shipping-taxable","13":"purchasable","14":"product-type-simple"},"acf":[],"_links":{"self":[{"href":"https:\/\/www.oslomyntgalleri.no\/en\/wp-json\/wp\/v2\/product\/136699","targetHints":{"allow":["GET"]}}],"collection":[{"href":"https:\/\/www.oslomyntgalleri.no\/en\/wp-json\/wp\/v2\/product"}],"about":[{"href":"https:\/\/www.oslomyntgalleri.no\/en\/wp-json\/wp\/v2\/types\/product"}],"wp:featuredmedia":[{"embeddable":true,"href":"https:\/\/www.oslomyntgalleri.no\/en\/wp-json\/wp\/v2\/media\/136700"}],"wp:attachment":[{"href":"https:\/\/www.oslomyntgalleri.no\/en\/wp-json\/wp\/v2\/media?parent=136699"}],"wp:term":[{"taxonomy":"product_brand","embeddable":true,"href":"https:\/\/www.oslomyntgalleri.no\/en\/wp-json\/wp\/v2\/product_brand?post=136699"},{"taxonomy":"product_cat","embeddable":true,"href":"https:\/\/www.oslomyntgalleri.no\/en\/wp-json\/wp\/v2\/product_cat?post=136699"},{"taxonomy":"product_tag","embeddable":true,"href":"https:\/\/www.oslomyntgalleri.no\/en\/wp-json\/wp\/v2\/product_tag?post=136699"}],"curies":[{"name":"wp","href":"https:\/\/api.w.org\/{rel}","templated":true}]}}