{"id":136682,"date":"2026-04-06T09:00:15","date_gmt":"2026-04-06T07:00:15","guid":{"rendered":"https:\/\/www.oslomyntgalleri.no\/?post_type=product&#038;p=136682"},"modified":"2026-04-06T21:12:58","modified_gmt":"2026-04-06T19:12:58","slug":"1897-nederland-10-gulden-wilhelmina-0","status":"publish","type":"product","link":"https:\/\/www.oslomyntgalleri.no\/en\/produkt\/1897-nederland-10-gulden-wilhelmina-0\/","title":{"rendered":"1897 Nederland 10 gulden Wilhelmina"},"content":{"rendered":"","protected":false},"excerpt":{"rendered":"<p>Nederland. Wilhelmina. 10 Gulden, 1897\/1898<br \/>\nEn gullmynt fra perioden under den klassiske gullstandarden, hvor den nederlandske gulden var definert ved et fast gullinnhold og inngikk i et stabilt europeisk pengesystem.<br \/>\nMotivet viser dronning Wilhelmina i ung alder, i et portrett som skiller seg tydelig fra samtidens mer autorit\u00e6re fremstillinger av monarker. Wilhelmina ble dronning allerede i 1890, kun ti \u00e5r gammel, mens portrettet p\u00e5 mynten er basert p\u00e5 et fotografi tatt i 1891 da hun var elleve \u00e5r gammel, et bilde som fortsatt eksisterer og gir motivet en uvanlig direkte og personlig karakter.<br \/>\nSelv om hun formelt var dronning, ble landet i denne perioden styrt av hennes mor som regent, og f\u00f8rst i 1898 overtok hun selv det fulle ansvaret. Den unge fremstillingen st\u00e5r dermed i kontrast til hennes senere rolle som en av Nederlands mest markante monarker, s\u00e6rlig kjent for sin innsats under andre verdenskrig, hvor hun fra eksil i London fremstod som en samlende skikkelse, i en rolle som ogs\u00e5 har klare paralleller til Kong Haakon VII.<br \/>\nPortrettet ble utformet av W. J. Schammer etter fotografi av Adolphe Zimmermans, og gir mynten en n\u00e6rmest intim karakter sammenlignet med mer stiliserte kongeportretter fra perioden. Reversen b\u00e6rer Nederlands kronede riksv\u00e5pen i en tradisjonell og balansert komposisjon.<br \/>\nMyntpregested: Royal Dutch Mint,Utrecht<br \/>\nGull (.900), 6,72 g.<br \/>\nKv. 01 <a href=\"https:\/\/www.oslomyntgalleri.no\/en\/produkt\/1897-nederland-10-gulden-wilhelmina-0\/\"><\/a><\/p>\n","protected":false},"featured_media":136683,"template":"","meta":{"_acf_changed":false},"product_brand":[],"product_cat":[188,143],"product_tag":[],"class_list":{"0":"post-136682","1":"product","2":"type-product","3":"status-publish","4":"has-post-thumbnail","6":"product_cat-verden-en","7":"product_cat-gullmynter-2-en","9":"first","10":"instock","11":"shipping-taxable","12":"purchasable","13":"product-type-simple"},"acf":[],"_links":{"self":[{"href":"https:\/\/www.oslomyntgalleri.no\/en\/wp-json\/wp\/v2\/product\/136682","targetHints":{"allow":["GET"]}}],"collection":[{"href":"https:\/\/www.oslomyntgalleri.no\/en\/wp-json\/wp\/v2\/product"}],"about":[{"href":"https:\/\/www.oslomyntgalleri.no\/en\/wp-json\/wp\/v2\/types\/product"}],"wp:featuredmedia":[{"embeddable":true,"href":"https:\/\/www.oslomyntgalleri.no\/en\/wp-json\/wp\/v2\/media\/136683"}],"wp:attachment":[{"href":"https:\/\/www.oslomyntgalleri.no\/en\/wp-json\/wp\/v2\/media?parent=136682"}],"wp:term":[{"taxonomy":"product_brand","embeddable":true,"href":"https:\/\/www.oslomyntgalleri.no\/en\/wp-json\/wp\/v2\/product_brand?post=136682"},{"taxonomy":"product_cat","embeddable":true,"href":"https:\/\/www.oslomyntgalleri.no\/en\/wp-json\/wp\/v2\/product_cat?post=136682"},{"taxonomy":"product_tag","embeddable":true,"href":"https:\/\/www.oslomyntgalleri.no\/en\/wp-json\/wp\/v2\/product_tag?post=136682"}],"curies":[{"name":"wp","href":"https:\/\/api.w.org\/{rel}","templated":true}]}}