{"id":136680,"date":"2026-04-06T09:00:05","date_gmt":"2026-04-06T07:00:05","guid":{"rendered":"https:\/\/www.oslomyntgalleri.no\/?post_type=product&#038;p=136680"},"modified":"2026-04-05T23:47:41","modified_gmt":"2026-04-05T21:47:41","slug":"1812-a-frankrike-20-francs-napoleon-i-ripe-1","status":"publish","type":"product","link":"https:\/\/www.oslomyntgalleri.no\/en\/produkt\/1812-a-frankrike-20-francs-napoleon-i-ripe-1\/","title":{"rendered":"1812 A Frankrike 20 francs Napoleon I Bonaparte, 1+ med anmerkning"},"content":{"rendered":"","protected":false},"excerpt":{"rendered":"<p>Frankrike. <span class=\"hover:entity-accent entity-underline inline cursor-pointer align-baseline\"><span class=\"whitespace-normal\">Napoleon Bonaparte<\/span><\/span>. 20 Francs, ca. 1809\u20131814<br data-start=\"1058\" data-end=\"1061\" \/>Preget under Napoleons styre, i en periode hvor Frankrike gjennomgikk en omfattende monet\u00e6r reform etter revolusjons\u00e5renes ustabilitet. Innf\u00f8ringen av den s\u00e5kalte Germinal-francen i 1803 etablerte et nytt og stabilt pengesystem, hvor valutaen ble knyttet til fast gullinnhold og et definert forhold til s\u00f8lv.<br data-start=\"1369\" data-end=\"1372\" \/>Napoleon Bonaparte styrte Europa i en relativt kort periode, men etterlot seg varige strukturer, b\u00e5de politisk og \u00f8konomisk. Hans gullmynter ble preget i standardiserte val\u00f8rer og fikk stor utbredelse, ikke bare i Frankrike, men ogs\u00e5 i omr\u00e5der under fransk innflytelse. Portrettet utvikler seg gjennom perioden fra f\u00f8rstekonsul til keiser, og i de senere utgavene med laurb\u00e6rkrans som en tydelig referanse til antikkens keisere.<br data-start=\"1800\" data-end=\"1803\" \/>Reversen b\u00e6rer en enkel og balansert utforming med val\u00f8r og krans, i tr\u00e5d med den klassiske stilen som kjennetegner perioden. Mynttypen fremst\u00e5r som et uttrykk for b\u00e5de \u00f8konomisk stabilisering og keiserlig representasjon.<br data-start=\"2024\" data-end=\"2027\" \/>Myntpregested: Paris<br data-start=\"2052\" data-end=\"2055\" \/>Material: Gull (.900)<br data-start=\"2076\" data-end=\"2079\" \/>Vekt: 6,45 g<br data-start=\"2091\" data-end=\"2094\" \/>Diameter: 21 mm<br \/>\nKv. 1+, med en ripe over ansikten <a href=\"https:\/\/www.oslomyntgalleri.no\/en\/produkt\/1812-a-frankrike-20-francs-napoleon-i-ripe-1\/\"><\/a><\/p>\n","protected":false},"featured_media":136589,"template":"","meta":{"_acf_changed":false},"product_brand":[],"product_cat":[45],"product_tag":[],"class_list":{"0":"post-136680","1":"product","2":"type-product","3":"status-publish","4":"has-post-thumbnail","6":"product_cat-gullmynter-2","8":"first","9":"instock","10":"shipping-taxable","11":"purchasable","12":"product-type-simple"},"acf":[],"_links":{"self":[{"href":"https:\/\/www.oslomyntgalleri.no\/en\/wp-json\/wp\/v2\/product\/136680","targetHints":{"allow":["GET"]}}],"collection":[{"href":"https:\/\/www.oslomyntgalleri.no\/en\/wp-json\/wp\/v2\/product"}],"about":[{"href":"https:\/\/www.oslomyntgalleri.no\/en\/wp-json\/wp\/v2\/types\/product"}],"wp:featuredmedia":[{"embeddable":true,"href":"https:\/\/www.oslomyntgalleri.no\/en\/wp-json\/wp\/v2\/media\/136589"}],"wp:attachment":[{"href":"https:\/\/www.oslomyntgalleri.no\/en\/wp-json\/wp\/v2\/media?parent=136680"}],"wp:term":[{"taxonomy":"product_brand","embeddable":true,"href":"https:\/\/www.oslomyntgalleri.no\/en\/wp-json\/wp\/v2\/product_brand?post=136680"},{"taxonomy":"product_cat","embeddable":true,"href":"https:\/\/www.oslomyntgalleri.no\/en\/wp-json\/wp\/v2\/product_cat?post=136680"},{"taxonomy":"product_tag","embeddable":true,"href":"https:\/\/www.oslomyntgalleri.no\/en\/wp-json\/wp\/v2\/product_tag?post=136680"}],"curies":[{"name":"wp","href":"https:\/\/api.w.org\/{rel}","templated":true}]}}