{"id":136677,"date":"2026-04-05T08:59:31","date_gmt":"2026-04-05T06:59:31","guid":{"rendered":"https:\/\/www.oslomyntgalleri.no\/?post_type=product&#038;p=136677"},"modified":"2026-04-05T08:59:32","modified_gmt":"2026-04-05T06:59:32","slug":"1978-vatikanet-500-lire-paul-vi-0","status":"publish","type":"product","link":"https:\/\/www.oslomyntgalleri.no\/en\/produkt\/1978-vatikanet-500-lire-paul-vi-0\/","title":{"rendered":"1978 Vatikanet, 500 lire Paul VI, 0"},"content":{"rendered":"","protected":false},"excerpt":{"rendered":"<p data-start=\"247\" data-end=\"801\">Vatikanstaten. 500 lire, 1978<br data-start=\"276\" data-end=\"279\" \/>Pave Paul VI, 1963\u20131978<br data-start=\"302\" data-end=\"305\" \/>En minnemynt preget i Roma i det siste \u00e5ret av Paul VIs pontifikat, en periode hvor han fortsatt preget Den katolske kirke gjennom videref\u00f8ringen av reformene etter Det annet Vatikankonsil.<br data-start=\"494\" data-end=\"497\" \/>Utformet av grav\u00f8ren Nicola Morelli, med et motiv hentet fra evangeliene som viser Kristus ved bredden idet han kaller to fiskere i b\u00e5ten \u2013 en fremstilling med tydelig bibelsk og symbolsk innhold.<br data-start=\"693\" data-end=\"696\" \/>Adversen b\u00e6rer pavens kronede v\u00e5penskjold med omskrift, i tr\u00e5d med pavestatens tradisjonelle heraldikk.<\/p>\n<p data-start=\"803\" data-end=\"934\">Myntpregested: Zecca dello Stato, Roma.<br data-start=\"842\" data-end=\"845\" \/>Preget i s\u00f8lv (.835), 11 gram.<br data-start=\"875\" data-end=\"878\" \/>Opplag: 265 000 eksemplarer (120 000 reservert til \u00e5rssett).<\/p>\n<p> <a href=\"https:\/\/www.oslomyntgalleri.no\/en\/produkt\/1978-vatikanet-500-lire-paul-vi-0\/\"><\/a><\/p>\n","protected":false},"featured_media":136678,"template":"","meta":{"_acf_changed":false},"product_brand":[],"product_cat":[188],"product_tag":[],"class_list":{"0":"post-136677","1":"product","2":"type-product","3":"status-publish","4":"has-post-thumbnail","6":"product_cat-verden-en","8":"first","9":"instock","10":"shipping-taxable","11":"purchasable","12":"product-type-simple"},"acf":[],"_links":{"self":[{"href":"https:\/\/www.oslomyntgalleri.no\/en\/wp-json\/wp\/v2\/product\/136677","targetHints":{"allow":["GET"]}}],"collection":[{"href":"https:\/\/www.oslomyntgalleri.no\/en\/wp-json\/wp\/v2\/product"}],"about":[{"href":"https:\/\/www.oslomyntgalleri.no\/en\/wp-json\/wp\/v2\/types\/product"}],"wp:featuredmedia":[{"embeddable":true,"href":"https:\/\/www.oslomyntgalleri.no\/en\/wp-json\/wp\/v2\/media\/136678"}],"wp:attachment":[{"href":"https:\/\/www.oslomyntgalleri.no\/en\/wp-json\/wp\/v2\/media?parent=136677"}],"wp:term":[{"taxonomy":"product_brand","embeddable":true,"href":"https:\/\/www.oslomyntgalleri.no\/en\/wp-json\/wp\/v2\/product_brand?post=136677"},{"taxonomy":"product_cat","embeddable":true,"href":"https:\/\/www.oslomyntgalleri.no\/en\/wp-json\/wp\/v2\/product_cat?post=136677"},{"taxonomy":"product_tag","embeddable":true,"href":"https:\/\/www.oslomyntgalleri.no\/en\/wp-json\/wp\/v2\/product_tag?post=136677"}],"curies":[{"name":"wp","href":"https:\/\/api.w.org\/{rel}","templated":true}]}}