{"id":136641,"date":"2026-04-04T09:01:51","date_gmt":"2026-04-04T07:01:51","guid":{"rendered":"https:\/\/www.oslomyntgalleri.no\/?post_type=product&#038;p=136641"},"modified":"2026-04-04T09:01:52","modified_gmt":"2026-04-04T07:01:52","slug":"1978-bahrain-100-dinars-isa-bin-salman-al-khalifa-opplag-5000-stk-london-0","status":"publish","type":"product","link":"https:\/\/www.oslomyntgalleri.no\/en\/produkt\/1978-bahrain-100-dinars-isa-bin-salman-al-khalifa-opplag-5000-stk-london-0\/","title":{"rendered":"1978 Bahrain 100 dinars Isa bin Salman Al Khalifa, opplag 5000 stk., London, 0"},"content":{"rendered":"","protected":false},"excerpt":{"rendered":"<p data-start=\"134\" data-end=\"1124\">Bahrain. 100 Dinars, 1978<br data-start=\"159\" data-end=\"162\" \/>En stor gullmynt utgitt i en periode hvor de oljeproduserende statene p\u00e5 Den arabiske halv\u00f8y opplevde betydelig \u00f8konomisk vekst og \u00f8kende internasjonal finanspolitisk betydning.<br data-start=\"339\" data-end=\"342\" \/>Mynten er knyttet til \u00e5pningen av Bahrain Monetary Agency, etablert kort tid etter landets uavhengighet, og reflekterer fremveksten av Bahrain som et regionalt finanssenter. Utgaver som denne ble preget i begrensede opplag og hadde i liten grad en rolle i sirkulasjon, men fungerte snarere som representasjons- og investeringsobjekter.<br data-start=\"677\" data-end=\"680\" \/>Motivet viser emir Sheikh Isa bin Salman Al Khalifa, mens reversen b\u00e6rer riksv\u00e5pen og val\u00f8r i b\u00e5de arabisk og latinsk skrift, i en utforming som kombinerer lokal identitet med et internasjonalt orientert uttrykk.<br data-start=\"892\" data-end=\"895\" \/>Mynten er gravert av den britiske medalj\u00f8ren Michael Rizzello og preget i London, noe som plasserer den i skj\u00e6ringspunktet mellom arabisk velstand og britisk mynttradisjon.<br data-start=\"1067\" data-end=\"1070\" \/>Gull (.917), 31,96 g. Opplag: ca. 5 000 eksemplarer.<\/p>\n<p data-start=\"1126\" data-end=\"1333\">En mynttype som kombinerer h\u00f8y gullverdi med lavt opplag og en tydelig representativ funksjon, og som samtidig gir et innblikk i hvordan nye, velst\u00e5ende stater uttrykte \u00f8konomisk styrke gjennom myntpregning.<\/p>\n<p> <a href=\"https:\/\/www.oslomyntgalleri.no\/en\/produkt\/1978-bahrain-100-dinars-isa-bin-salman-al-khalifa-opplag-5000-stk-london-0\/\"><\/a><\/p>\n","protected":false},"featured_media":136642,"template":"","meta":{"_acf_changed":false},"product_brand":[],"product_cat":[188,189,143],"product_tag":[],"class_list":{"0":"post-136641","1":"product","2":"type-product","3":"status-publish","4":"has-post-thumbnail","6":"product_cat-verden-en","7":"product_cat-europa-en","8":"product_cat-gullmynter-2-en","10":"first","11":"instock","12":"shipping-taxable","13":"purchasable","14":"product-type-simple"},"acf":[],"_links":{"self":[{"href":"https:\/\/www.oslomyntgalleri.no\/en\/wp-json\/wp\/v2\/product\/136641","targetHints":{"allow":["GET"]}}],"collection":[{"href":"https:\/\/www.oslomyntgalleri.no\/en\/wp-json\/wp\/v2\/product"}],"about":[{"href":"https:\/\/www.oslomyntgalleri.no\/en\/wp-json\/wp\/v2\/types\/product"}],"wp:featuredmedia":[{"embeddable":true,"href":"https:\/\/www.oslomyntgalleri.no\/en\/wp-json\/wp\/v2\/media\/136642"}],"wp:attachment":[{"href":"https:\/\/www.oslomyntgalleri.no\/en\/wp-json\/wp\/v2\/media?parent=136641"}],"wp:term":[{"taxonomy":"product_brand","embeddable":true,"href":"https:\/\/www.oslomyntgalleri.no\/en\/wp-json\/wp\/v2\/product_brand?post=136641"},{"taxonomy":"product_cat","embeddable":true,"href":"https:\/\/www.oslomyntgalleri.no\/en\/wp-json\/wp\/v2\/product_cat?post=136641"},{"taxonomy":"product_tag","embeddable":true,"href":"https:\/\/www.oslomyntgalleri.no\/en\/wp-json\/wp\/v2\/product_tag?post=136641"}],"curies":[{"name":"wp","href":"https:\/\/api.w.org\/{rel}","templated":true}]}}