{"id":136636,"date":"2026-04-04T09:01:01","date_gmt":"2026-04-04T07:01:01","guid":{"rendered":"https:\/\/www.oslomyntgalleri.no\/?post_type=product&#038;p=136636"},"modified":"2026-04-04T09:01:02","modified_gmt":"2026-04-04T07:01:02","slug":"1974-nederland-dukat-343-g-rent-gull-0-01-6","status":"publish","type":"product","link":"https:\/\/www.oslomyntgalleri.no\/en\/produkt\/1974-nederland-dukat-343-g-rent-gull-0-01-6\/","title":{"rendered":"1974 Nederland dukat, 0\/01"},"content":{"rendered":"","protected":false},"excerpt":{"rendered":"<p>Nederland. 1 Dukat, 1974<br \/>\nEn gullmynt fra en av Europas mest langlivede mynttradisjoner, f\u00f8rst preget i 1586 og videref\u00f8rt med n\u00e6r uendret design frem til i dag.<br \/>\nDukaten ble opprinnelig utgitt som en internasjonal handelsmynt i en periode hvor De forente Nederlandene etablerte seg som en ledende handelsmakt. Motivet med den st\u00e5ende ridderen med sverd og piler \u2013 et symbol p\u00e5 de forente provinsene \u2013 ledsages av omskriften \u00abCONCORDIA RES PARVAE CRESCUNT\u00bb (\u00abEnighet gj\u00f8r sm\u00e5 ting store\u00bb), og har i hovedsak forblitt uendret gjennom \u00e5rhundrene.<br \/>\nMynten var ikke ment for daglig sirkulasjon, men som en p\u00e5litelig handelsmynt med fast gullinnhold, og oppn\u00e5dde stor utbredelse i b\u00e5de Europa og Asia. Den h\u00f8ye tilliten til typen var s\u00e5 betydelig at den ogs\u00e5 ble etterlignet i andre land.<br \/>\nEt viktig skille g\u00e5r ved 1917. De tidligere utgavene ble preget som reelle handelsmynter for internasjonal bruk, mens de senere utgavene \u2013 som denne \u2013 videref\u00f8rer typen som en moderne bullion- og handelsmynt, preget med samme historiske design og spesifikasjoner.<br \/>\nMynten er preget ved det nederlandske myntverket i Utrecht, som fortsatt opprettholder denne flere hundre \u00e5r gamle tradisjonen.<br \/>\nDukattypen har ogs\u00e5 en s\u00e6rskilt plass i norsk numismatikk gjennom den s\u00e5kalte Runde-skatten, hvor et stort antall dukater fra 1700-tallet, s\u00e6rlig \u00e5rgangen 1724 fra Utrecht, ble funnet etter forliset av skipet Akerendam utenfor norskekysten.<br \/>\nMyntpregested: Utrecht<br \/>\nMaterial: Gull (.983)<br \/>\nVekt: 3,49 g<br \/>\nDiameter: 21 mm <a href=\"https:\/\/www.oslomyntgalleri.no\/en\/produkt\/1974-nederland-dukat-343-g-rent-gull-0-01-6\/\"><\/a><\/p>\n","protected":false},"featured_media":136637,"template":"","meta":{"_acf_changed":false},"product_brand":[],"product_cat":[188,189,143],"product_tag":[],"class_list":{"0":"post-136636","1":"product","2":"type-product","3":"status-publish","4":"has-post-thumbnail","6":"product_cat-verden-en","7":"product_cat-europa-en","8":"product_cat-gullmynter-2-en","10":"first","11":"instock","12":"shipping-taxable","13":"purchasable","14":"product-type-simple"},"acf":[],"_links":{"self":[{"href":"https:\/\/www.oslomyntgalleri.no\/en\/wp-json\/wp\/v2\/product\/136636","targetHints":{"allow":["GET"]}}],"collection":[{"href":"https:\/\/www.oslomyntgalleri.no\/en\/wp-json\/wp\/v2\/product"}],"about":[{"href":"https:\/\/www.oslomyntgalleri.no\/en\/wp-json\/wp\/v2\/types\/product"}],"wp:featuredmedia":[{"embeddable":true,"href":"https:\/\/www.oslomyntgalleri.no\/en\/wp-json\/wp\/v2\/media\/136637"}],"wp:attachment":[{"href":"https:\/\/www.oslomyntgalleri.no\/en\/wp-json\/wp\/v2\/media?parent=136636"}],"wp:term":[{"taxonomy":"product_brand","embeddable":true,"href":"https:\/\/www.oslomyntgalleri.no\/en\/wp-json\/wp\/v2\/product_brand?post=136636"},{"taxonomy":"product_cat","embeddable":true,"href":"https:\/\/www.oslomyntgalleri.no\/en\/wp-json\/wp\/v2\/product_cat?post=136636"},{"taxonomy":"product_tag","embeddable":true,"href":"https:\/\/www.oslomyntgalleri.no\/en\/wp-json\/wp\/v2\/product_tag?post=136636"}],"curies":[{"name":"wp","href":"https:\/\/api.w.org\/{rel}","templated":true}]}}