{"id":136554,"date":"2026-04-06T08:59:27","date_gmt":"2026-04-06T06:59:27","guid":{"rendered":"https:\/\/www.oslomyntgalleri.no\/?post_type=product&#038;p=136554"},"modified":"2026-04-06T08:59:28","modified_gmt":"2026-04-06T06:59:28","slug":"1994-alderney-2-pounds-elizabeth-ii-proof","status":"publish","type":"product","link":"https:\/\/www.oslomyntgalleri.no\/en\/produkt\/1994-alderney-2-pounds-elizabeth-ii-proof\/","title":{"rendered":"1994 Alderney 2 pounds Elizabeth II, proof"},"content":{"rendered":"","protected":false},"excerpt":{"rendered":"<p>Alderney. 2 Pounds, 1994<br data-start=\"106\" data-end=\"109\" \/>D-Day 50-\u00e5rsjubileum<br data-start=\"129\" data-end=\"132\" \/>En minnemynt utgitt for \u00f8ya Alderney, en del av Kanal\u00f8yene i Den engelske kanal. \u00d8ya er en britisk kronbesittelse med eget selvstyre, og utsteder derfor egne mynter innenfor et pengesystem knyttet til pund sterling.<br data-start=\"347\" data-end=\"350\" \/>Mynten markerer 50-\u00e5rsjubileet for D-dagen i 1944, en hendelse med s\u00e6rlig tilknytning til Kanal\u00f8yene, som var de eneste britiske omr\u00e5dene under tysk okkupasjon under andre verdenskrig.<br data-start=\"534\" data-end=\"537\" \/>Motivet viser en stilisert fremstilling knyttet til landgangen i Normandie, med referanser til de alliertes invasjon og frigj\u00f8ringen av Vest-Europa, i en klar og fortellende komposisjon.<br data-start=\"723\" data-end=\"726\" \/>Portrettet av dronning Elizabeth II er utf\u00f8rt av Raphael David Maklouf, kjent for sitt offisielle portrett brukt p\u00e5 britiske mynter i perioden 1985\u20131997.<br data-start=\"879\" data-end=\"882\" \/>Myntpregested: Royal Mint, London.<br data-start=\"916\" data-end=\"919\" \/>S\u00f8lv (.925), ca. 28,28 g.<br data-start=\"944\" data-end=\"947\" \/>Opplag: 5 000 eksemplarer.<\/p>\n<p>I kapsel og etui. <a href=\"https:\/\/www.oslomyntgalleri.no\/en\/produkt\/1994-alderney-2-pounds-elizabeth-ii-proof\/\"><\/a><\/p>\n","protected":false},"featured_media":136555,"template":"","meta":{"_acf_changed":false},"product_brand":[],"product_cat":[188,189,187],"product_tag":[],"class_list":{"0":"post-136554","1":"product","2":"type-product","3":"status-publish","4":"has-post-thumbnail","6":"product_cat-verden-en","7":"product_cat-europa-en","8":"product_cat-solv-en","10":"first","11":"instock","12":"shipping-taxable","13":"purchasable","14":"product-type-simple"},"acf":[],"_links":{"self":[{"href":"https:\/\/www.oslomyntgalleri.no\/en\/wp-json\/wp\/v2\/product\/136554","targetHints":{"allow":["GET"]}}],"collection":[{"href":"https:\/\/www.oslomyntgalleri.no\/en\/wp-json\/wp\/v2\/product"}],"about":[{"href":"https:\/\/www.oslomyntgalleri.no\/en\/wp-json\/wp\/v2\/types\/product"}],"wp:featuredmedia":[{"embeddable":true,"href":"https:\/\/www.oslomyntgalleri.no\/en\/wp-json\/wp\/v2\/media\/136555"}],"wp:attachment":[{"href":"https:\/\/www.oslomyntgalleri.no\/en\/wp-json\/wp\/v2\/media?parent=136554"}],"wp:term":[{"taxonomy":"product_brand","embeddable":true,"href":"https:\/\/www.oslomyntgalleri.no\/en\/wp-json\/wp\/v2\/product_brand?post=136554"},{"taxonomy":"product_cat","embeddable":true,"href":"https:\/\/www.oslomyntgalleri.no\/en\/wp-json\/wp\/v2\/product_cat?post=136554"},{"taxonomy":"product_tag","embeddable":true,"href":"https:\/\/www.oslomyntgalleri.no\/en\/wp-json\/wp\/v2\/product_tag?post=136554"}],"curies":[{"name":"wp","href":"https:\/\/api.w.org\/{rel}","templated":true}]}}