{"id":136550,"date":"2026-04-03T09:01:57","date_gmt":"2026-04-03T07:01:57","guid":{"rendered":"https:\/\/www.oslomyntgalleri.no\/?post_type=product&#038;p=136550"},"modified":"2026-04-03T09:02:45","modified_gmt":"2026-04-03T07:02:45","slug":"1910-a-preussen-20-mark-wilhelm-ii-0-01","status":"publish","type":"product","link":"https:\/\/www.oslomyntgalleri.no\/en\/produkt\/1910-a-preussen-20-mark-wilhelm-ii-0-01\/","title":{"rendered":"1910 A Preussen 20 mark Wilhelm II, 0\/01"},"content":{"rendered":"","protected":false},"excerpt":{"rendered":"<p>Tyskland. Tysk keiser og konge av Preussen, Wilhelm II. 20 Mark, 1910 A<br data-start=\"501\" data-end=\"504\" \/>En gullmynt preget innenfor det tyske keiserrikets pengesystem, etablert etter rikssamlingen i 1871, hvor kongen av Preussen fra Hohenzollern-dynastiet samtidig ble tysk keiser. Innf\u00f8ringen av mark og pfennig som felles valuta representerte en omfattende monet\u00e6r reform, og gullval\u00f8rene p\u00e5 20, 10 og 5 mark utgjorde toppniv\u00e5et i dette systemet.<br data-start=\"848\" data-end=\"851\" \/>Myntpregningen var organisert slik at de enkelte delstatene i riket utstedte de st\u00f8rre val\u00f8rene i eget navn, mens mindre val\u00f8rer fungerte som felles riksmynt. Gullmyntene, s\u00e6rlig 20 mark, fikk en sentral rolle som standardisert h\u00f8yverdi i et system basert p\u00e5 gull.<br data-start=\"1115\" data-end=\"1118\" \/>Wilhelm II var den tredje og siste keiseren av det tyske riket, og hans regjeringstid markerer rikets siste fase frem mot f\u00f8rste verdenskrig og dets oppl\u00f8sning i 1918. Perioden var preget av \u00f8konomisk vekst og industrialisering, men ogs\u00e5 \u00f8kende politiske spenninger. Wilhelm II hadde ogs\u00e5 en personlig tilknytning til Norge, som han bes\u00f8kte flere ganger, og bidro blant annet til gjenoppbyggingen av \u00c5lesund etter bybrannen i 1904.<br data-start=\"1549\" data-end=\"1552\" \/>Motivet viser keiserens portrett i profil, mens reversen b\u00e6rer den tyske rik\u00f8rn under krone, omgitt av omskrift og val\u00f8r.<br data-start=\"1673\" data-end=\"1676\" \/>Myntpregested: Berlin (A)<br data-start=\"1701\" data-end=\"1704\" \/>Gull (.900), 7,96 g.<br data-start=\"1724\" data-end=\"1727\" \/>En klassisk gullmynt fra det tyske keiserriket, som forener et enhetlig pengesystem med en f\u00f8deral myntstruktur, og som samtidig markerer avslutningen p\u00e5 en kort, men betydningsfull epoke i tysk historie. <a href=\"https:\/\/www.oslomyntgalleri.no\/en\/produkt\/1910-a-preussen-20-mark-wilhelm-ii-0-01\/\"><\/a><\/p>\n","protected":false},"featured_media":136551,"template":"","meta":{"_acf_changed":false},"product_brand":[],"product_cat":[188,193,143],"product_tag":[],"class_list":{"0":"post-136550","1":"product","2":"type-product","3":"status-publish","4":"has-post-thumbnail","6":"product_cat-verden-en","7":"product_cat-tyskland-en","8":"product_cat-gullmynter-2-en","10":"first","11":"instock","12":"shipping-taxable","13":"purchasable","14":"product-type-simple"},"acf":[],"_links":{"self":[{"href":"https:\/\/www.oslomyntgalleri.no\/en\/wp-json\/wp\/v2\/product\/136550","targetHints":{"allow":["GET"]}}],"collection":[{"href":"https:\/\/www.oslomyntgalleri.no\/en\/wp-json\/wp\/v2\/product"}],"about":[{"href":"https:\/\/www.oslomyntgalleri.no\/en\/wp-json\/wp\/v2\/types\/product"}],"wp:featuredmedia":[{"embeddable":true,"href":"https:\/\/www.oslomyntgalleri.no\/en\/wp-json\/wp\/v2\/media\/136551"}],"wp:attachment":[{"href":"https:\/\/www.oslomyntgalleri.no\/en\/wp-json\/wp\/v2\/media?parent=136550"}],"wp:term":[{"taxonomy":"product_brand","embeddable":true,"href":"https:\/\/www.oslomyntgalleri.no\/en\/wp-json\/wp\/v2\/product_brand?post=136550"},{"taxonomy":"product_cat","embeddable":true,"href":"https:\/\/www.oslomyntgalleri.no\/en\/wp-json\/wp\/v2\/product_cat?post=136550"},{"taxonomy":"product_tag","embeddable":true,"href":"https:\/\/www.oslomyntgalleri.no\/en\/wp-json\/wp\/v2\/product_tag?post=136550"}],"curies":[{"name":"wp","href":"https:\/\/api.w.org\/{rel}","templated":true}]}}