{"id":136545,"date":"2026-04-03T09:01:18","date_gmt":"2026-04-03T07:01:18","guid":{"rendered":"https:\/\/www.oslomyntgalleri.no\/?post_type=product&#038;p=136545"},"modified":"2026-04-03T09:01:38","modified_gmt":"2026-04-03T07:01:38","slug":"1928-osterrike-100-schilling-1-republikk-01","status":"publish","type":"product","link":"https:\/\/www.oslomyntgalleri.no\/en\/produkt\/1928-osterrike-100-schilling-1-republikk-01\/","title":{"rendered":"1928 \u00d8sterrike 100 schilling, 1. republikk, 01"},"content":{"rendered":"","protected":false},"excerpt":{"rendered":"<p>\u00d8sterrike. 100 Schilling, 1926\u20131934<br data-start=\"35\" data-end=\"38\" \/>En stor gullmynt preget i den f\u00f8rste \u00f8sterrikske republikk, innf\u00f8rt etter etableringen av et nytt pengesystem basert p\u00e5 schilling fra 1925.<br data-start=\"177\" data-end=\"180\" \/>Etter mer enn seksti \u00e5r under Franz Joseph I f\u00f8rte f\u00f8rste verdenskrig til oppl\u00f8sningen av det \u00f8sterriksk-ungarske imperiet i 1918. De p\u00e5f\u00f8lgende \u00e5rene var preget av \u00f8konomisk krise, inflasjon og politisk usikkerhet, f\u00f8r en internasjonalt st\u00f8ttet stabiliseringsprosess p\u00e5 begynnelsen av 1920-tallet la grunnlaget for innf\u00f8ringen av en ny valuta.<br data-start=\"524\" data-end=\"527\" \/>Mynten m\u00e5 sees i lys av denne overgangen. Den representerer et fors\u00f8k p\u00e5 \u00e5 gjenopprette monet\u00e6r stabilitet, samtidig som den videref\u00f8rer tradisjonen med h\u00f8ye gullval\u00f8rer fra keisertiden \u2013 et preg som i denne sammenhengen fremst\u00e5r som b\u00e5de historisk forankret og noe anakronistisk. Gullval\u00f8rer som denne hadde i begrenset grad en praktisk rolle i daglig sirkulasjon, men inngikk snarere i en bredere stabiliseringspolitikk, hvor tilliten til den nye valutaen ble styrket gjennom utstedelse av h\u00f8yverdige mynter i edelt metall.<br data-start=\"1052\" data-end=\"1055\" \/>Motivet viser republikkens \u00f8rn, som holder hammer og sigd \u2013 symboler p\u00e5 arbeid og samfunn \u2013 i en utforming som markerer bruddet med den keiserlige heraldikken. Reversen b\u00e6rer val\u00f8r og \u00e5rstall i en enkel og balansert komposisjon.<br data-start=\"1283\" data-end=\"1286\" \/>Mynten er gravert av Arnold Hartig og preget ved myntverket i Wien.<br data-start=\"1353\" data-end=\"1356\" \/>Gull (.900), 23,52 g.<br data-start=\"1377\" data-end=\"1380\" \/>En mynttype som tydelig speiler overgangen fra imperium til republikk, hvor en ny stat s\u00f8ker stabilitet samtidig som den fortsatt b\u00e6rer preg av eldre \u00f8konomiske og monet\u00e6re tradisjoner. <a href=\"https:\/\/www.oslomyntgalleri.no\/en\/produkt\/1928-osterrike-100-schilling-1-republikk-01\/\"><\/a><\/p>\n","protected":false},"featured_media":136546,"template":"","meta":{"_acf_changed":false},"product_brand":[],"product_cat":[188,189,143],"product_tag":[],"class_list":{"0":"post-136545","1":"product","2":"type-product","3":"status-publish","4":"has-post-thumbnail","6":"product_cat-verden-en","7":"product_cat-europa-en","8":"product_cat-gullmynter-2-en","10":"first","11":"instock","12":"shipping-taxable","13":"purchasable","14":"product-type-simple"},"acf":[],"_links":{"self":[{"href":"https:\/\/www.oslomyntgalleri.no\/en\/wp-json\/wp\/v2\/product\/136545","targetHints":{"allow":["GET"]}}],"collection":[{"href":"https:\/\/www.oslomyntgalleri.no\/en\/wp-json\/wp\/v2\/product"}],"about":[{"href":"https:\/\/www.oslomyntgalleri.no\/en\/wp-json\/wp\/v2\/types\/product"}],"wp:featuredmedia":[{"embeddable":true,"href":"https:\/\/www.oslomyntgalleri.no\/en\/wp-json\/wp\/v2\/media\/136546"}],"wp:attachment":[{"href":"https:\/\/www.oslomyntgalleri.no\/en\/wp-json\/wp\/v2\/media?parent=136545"}],"wp:term":[{"taxonomy":"product_brand","embeddable":true,"href":"https:\/\/www.oslomyntgalleri.no\/en\/wp-json\/wp\/v2\/product_brand?post=136545"},{"taxonomy":"product_cat","embeddable":true,"href":"https:\/\/www.oslomyntgalleri.no\/en\/wp-json\/wp\/v2\/product_cat?post=136545"},{"taxonomy":"product_tag","embeddable":true,"href":"https:\/\/www.oslomyntgalleri.no\/en\/wp-json\/wp\/v2\/product_tag?post=136545"}],"curies":[{"name":"wp","href":"https:\/\/api.w.org\/{rel}","templated":true}]}}