{"id":136484,"date":"2026-03-29T09:01:04","date_gmt":"2026-03-29T07:01:04","guid":{"rendered":"https:\/\/www.oslomyntgalleri.no\/?post_type=product&#038;p=136484"},"modified":"2026-03-29T13:33:28","modified_gmt":"2026-03-29T11:33:28","slug":"1877-m-spania-25-pesetas-alfonso-xii-madrid-01","status":"publish","type":"product","link":"https:\/\/www.oslomyntgalleri.no\/en\/produkt\/1877-m-spania-25-pesetas-alfonso-xii-madrid-01\/","title":{"rendered":"1877 M Spania 25 pesetas Alfonso XII, Madrid, 01"},"content":{"rendered":"","protected":false},"excerpt":{"rendered":"<p data-start=\"117\" data-end=\"170\"><strong data-start=\"117\" data-end=\"170\">Spania. Alfonso XII (1874\u20131885). 25 pesetas, 1877 M<\/strong><\/p>\n<p data-start=\"172\" data-end=\"227\">En klassisk sirkulasjonsmynt fra gullstandardens epoke.<\/p>\n<p data-start=\"229\" data-end=\"436\">Mynten ble preget i en tid hvor valutaene var knyttet til edelmetallstandarder, og hvor gullmynter i stor grad var gjensidig ombyttelige p\u00e5 tvers av landegrenser gjennom definerte vekt- og finhetsstandarder.<\/p>\n<p data-start=\"438\" data-end=\"648\">Slike gullmynter gir ogs\u00e5 i dag et konkret innblikk i et pengesystem hvor verdi var direkte knyttet til edelmetall, og kan samtidig sees som en videref\u00f8ring av tradisjonen med \u00e5 oppbevare verdier i fysisk gull.<\/p>\n<p data-start=\"650\" data-end=\"888\">Alfonso XII gjenopprettet monarkiet etter revolusjonen i 1868 og en p\u00e5f\u00f8lgende periode preget av politisk fragmentering, skiftende styreformer og borgerkrig, hvor b\u00e5de dynastiske konflikter og svakt sentralstyre satte sitt preg p\u00e5 landet.<\/p>\n<p data-start=\"890\" data-end=\"1032\">Motivet viser kongen i klassisk portrett, mens reversen b\u00e6rer Spanias riksv\u00e5pen \u2013 et uttrykk for statsmakt, kontinuitet og nasjonal identitet.<\/p>\n<p data-start=\"1034\" data-end=\"1069\">Myntpregested : Real Casa de la Moneda de Madrid<\/p>\n<p data-start=\"1034\" data-end=\"1069\">Gull (.900), ca. 8,06 g. 24 mm.<\/p>\n<p> <a href=\"https:\/\/www.oslomyntgalleri.no\/en\/produkt\/1877-m-spania-25-pesetas-alfonso-xii-madrid-01\/\"><\/a><\/p>\n","protected":false},"featured_media":136485,"template":"","meta":{"_acf_changed":false},"product_brand":[],"product_cat":[188,189,143],"product_tag":[],"class_list":{"0":"post-136484","1":"product","2":"type-product","3":"status-publish","4":"has-post-thumbnail","6":"product_cat-verden-en","7":"product_cat-europa-en","8":"product_cat-gullmynter-2-en","10":"first","11":"instock","12":"shipping-taxable","13":"purchasable","14":"product-type-simple"},"acf":[],"_links":{"self":[{"href":"https:\/\/www.oslomyntgalleri.no\/en\/wp-json\/wp\/v2\/product\/136484","targetHints":{"allow":["GET"]}}],"collection":[{"href":"https:\/\/www.oslomyntgalleri.no\/en\/wp-json\/wp\/v2\/product"}],"about":[{"href":"https:\/\/www.oslomyntgalleri.no\/en\/wp-json\/wp\/v2\/types\/product"}],"wp:featuredmedia":[{"embeddable":true,"href":"https:\/\/www.oslomyntgalleri.no\/en\/wp-json\/wp\/v2\/media\/136485"}],"wp:attachment":[{"href":"https:\/\/www.oslomyntgalleri.no\/en\/wp-json\/wp\/v2\/media?parent=136484"}],"wp:term":[{"taxonomy":"product_brand","embeddable":true,"href":"https:\/\/www.oslomyntgalleri.no\/en\/wp-json\/wp\/v2\/product_brand?post=136484"},{"taxonomy":"product_cat","embeddable":true,"href":"https:\/\/www.oslomyntgalleri.no\/en\/wp-json\/wp\/v2\/product_cat?post=136484"},{"taxonomy":"product_tag","embeddable":true,"href":"https:\/\/www.oslomyntgalleri.no\/en\/wp-json\/wp\/v2\/product_tag?post=136484"}],"curies":[{"name":"wp","href":"https:\/\/api.w.org\/{rel}","templated":true}]}}