{"id":136475,"date":"2026-03-29T09:01:35","date_gmt":"2026-03-29T07:01:35","guid":{"rendered":"https:\/\/www.oslomyntgalleri.no\/?post_type=product&#038;p=136475"},"modified":"2026-03-31T16:33:55","modified_gmt":"2026-03-31T14:33:55","slug":"1868-spania-10-escudos-isabella-ii-madrid-01","status":"publish","type":"product","link":"https:\/\/www.oslomyntgalleri.no\/en\/produkt\/1868-spania-10-escudos-isabella-ii-madrid-01\/","title":{"rendered":"1868 Spania 10 escudos Isabella II, Madrid, 01"},"content":{"rendered":"","protected":false},"excerpt":{"rendered":"<p>Spania. Isabella II (1833\u20131868). 10 escudos, 1868<br data-start=\"178\" data-end=\"181\" \/>Den h\u00f8yeste gullval\u00f8ren preget i dette kortvarige pengesystemet.<br data-start=\"245\" data-end=\"248\" \/>Mynten tilh\u00f8rer den kortvarige escudo-baserte myntfoten som ble innf\u00f8rt i 1864, og som kun var i bruk i en sv\u00e6rt kort periode f\u00f8r den ble avl\u00f8st av pesetaen i 1868 som del av en bredere monet\u00e6r reform.<br data-start=\"449\" data-end=\"452\" \/>Systemet representerer et fors\u00f8k p\u00e5 modernisering og tilpasning til et mer enhetlig europeisk valutaomr\u00e5de, men fikk begrenset levetid som f\u00f8lge av de politiske omveltningene samme \u00e5r.<br data-start=\"636\" data-end=\"639\" \/>Under Isabella II of Spain ble slike gullmynter preget i en periode preget av politisk uro og skiftende regjeringer, som til slutt kulminerte i hennes avsettelse i 1868.<br data-start=\"808\" data-end=\"811\" \/>Myntene fra hennes regjeringstid gir et innblikk i en fase hvor Spania fortsatt bar preg av sin tidligere stormaktsrolle, men hvor de politiske strukturene var i ferd med \u00e5 endres.<br data-start=\"991\" data-end=\"994\" \/>Val\u00f8ren 10 escudos representerte toppniv\u00e5et blant de ordin\u00e6re gullmyntene i dette systemet og tilsvarte en betydelig verdi i samtiden.<br data-start=\"1128\" data-end=\"1131\" \/>Advers: Portrett av Isabella II<br data-start=\"1162\" data-end=\"1165\" \/>Revers: Spanias riksv\u00e5pen<br data-start=\"1190\" data-end=\"1193\" \/>Myntpregested: Real Casa de la Moneda de Madrid (sekstakket stjerne; Sevilla syvtakket)<br data-start=\"1280\" data-end=\"1283\" \/>Gull (.900), ca. 8,4 g<br data-start=\"1305\" data-end=\"1308\" \/>En mynttype fra en kort overgangsperiode, hvor det tradisjonelle spanske pengesystemet var i ferd med \u00e5 bli erstattet av en mer moderne og internasjonalt tilpasset valutaordning. <a href=\"https:\/\/www.oslomyntgalleri.no\/en\/produkt\/1868-spania-10-escudos-isabella-ii-madrid-01\/\"><\/a><\/p>\n","protected":false},"featured_media":136476,"template":"","meta":{"_acf_changed":false},"product_brand":[],"product_cat":[188,189,143],"product_tag":[],"class_list":{"0":"post-136475","1":"product","2":"type-product","3":"status-publish","4":"has-post-thumbnail","6":"product_cat-verden-en","7":"product_cat-europa-en","8":"product_cat-gullmynter-2-en","10":"first","11":"outofstock","12":"shipping-taxable","13":"purchasable","14":"product-type-simple"},"acf":[],"_links":{"self":[{"href":"https:\/\/www.oslomyntgalleri.no\/en\/wp-json\/wp\/v2\/product\/136475","targetHints":{"allow":["GET"]}}],"collection":[{"href":"https:\/\/www.oslomyntgalleri.no\/en\/wp-json\/wp\/v2\/product"}],"about":[{"href":"https:\/\/www.oslomyntgalleri.no\/en\/wp-json\/wp\/v2\/types\/product"}],"wp:featuredmedia":[{"embeddable":true,"href":"https:\/\/www.oslomyntgalleri.no\/en\/wp-json\/wp\/v2\/media\/136476"}],"wp:attachment":[{"href":"https:\/\/www.oslomyntgalleri.no\/en\/wp-json\/wp\/v2\/media?parent=136475"}],"wp:term":[{"taxonomy":"product_brand","embeddable":true,"href":"https:\/\/www.oslomyntgalleri.no\/en\/wp-json\/wp\/v2\/product_brand?post=136475"},{"taxonomy":"product_cat","embeddable":true,"href":"https:\/\/www.oslomyntgalleri.no\/en\/wp-json\/wp\/v2\/product_cat?post=136475"},{"taxonomy":"product_tag","embeddable":true,"href":"https:\/\/www.oslomyntgalleri.no\/en\/wp-json\/wp\/v2\/product_tag?post=136475"}],"curies":[{"name":"wp","href":"https:\/\/api.w.org\/{rel}","templated":true}]}}