{"id":136470,"date":"2026-03-29T09:01:18","date_gmt":"2026-03-29T07:01:18","guid":{"rendered":"https:\/\/www.oslomyntgalleri.no\/?post_type=product&#038;p=136470"},"modified":"2026-03-29T15:06:25","modified_gmt":"2026-03-29T13:06:25","slug":"1814-m-spania-2-escudos-ferdinand-vii-madrid-1","status":"publish","type":"product","link":"https:\/\/www.oslomyntgalleri.no\/en\/produkt\/1814-m-spania-2-escudos-ferdinand-vii-madrid-1\/","title":{"rendered":"1814 M Spania 2 escudos Ferdinand VII, Madrid, 1+"},"content":{"rendered":"","protected":false},"excerpt":{"rendered":"<p>Spania. Ferdinand VII (1808\u20131833). 2 escudos, 1814<br data-start=\"264\" data-end=\"267\" \/>Preget i forbindelse med restaurasjonen i 1814, da det spanske monarkiet ble gjeninnf\u00f8rt etter Napoleonskrigene.<br data-start=\"379\" data-end=\"382\" \/>Under <span class=\"hover:entity-accent entity-underline inline cursor-pointer align-baseline\"><span class=\"whitespace-normal\">Ferdinand VII of Spain<\/span><\/span> ble denne typen gullmynt videref\u00f8rt innenfor det tradisjonelle escudo-baserte pengesystemet, hvor verdien var direkte knyttet til metallinnholdet.<br data-start=\"572\" data-end=\"575\" \/>Etter \u00e5 ha blitt tvunget til \u00e5 abdisere i 1808 og holdt i fangenskap i Frankrike under Napoleons styre, vendte Ferdinand tilbake til Spania i 1814. I et land preget av krig, politisk uro og svekket \u00f8konomi gjeninnf\u00f8rte han eneveldet og fors\u00f8kte \u00e5 gjenopprette den tidligere statsordningen.<br data-start=\"864\" data-end=\"867\" \/>Mynten m\u00e5 sees i lys av denne situasjonen, hvor det tradisjonelle pengesystemet ble videref\u00f8rt til tross for et betydelig redusert \u00f8konomisk grunnlag og tap av kontroll over deler av de oversj\u00f8iske omr\u00e5dene.<br data-start=\"1074\" data-end=\"1077\" \/>Val\u00f8ren 2 escudos utgjorde en betydelig gullmynt i samtiden, egnet for st\u00f8rre betalinger, men l\u00e5 under de h\u00f8yere hovedval\u00f8rene som 4 og 8 escudos.<br data-start=\"1223\" data-end=\"1226\" \/>Advers: Portrett av Ferdinand VII<br data-start=\"1259\" data-end=\"1262\" \/>Revers: Spanias riksv\u00e5pen<br data-start=\"1287\" data-end=\"1290\" \/>Myntpregested: Real Casa de la Moneda de Madrid<br data-start=\"1337\" data-end=\"1340\" \/>Gull (.875), ca. 6,77 g<br data-start=\"1363\" data-end=\"1366\" \/>Mynten fra perioden hvor det spanske monarkiet ble gjenopprettet etter krig og okkupasjon, men under vesentlig endrede \u00f8konomiske og politiske forutsetninger. <a href=\"https:\/\/www.oslomyntgalleri.no\/en\/produkt\/1814-m-spania-2-escudos-ferdinand-vii-madrid-1\/\"><\/a><\/p>\n","protected":false},"featured_media":136478,"template":"","meta":{"_acf_changed":false},"product_brand":[],"product_cat":[188,189,143],"product_tag":[],"class_list":{"0":"post-136470","1":"product","2":"type-product","3":"status-publish","4":"has-post-thumbnail","6":"product_cat-verden-en","7":"product_cat-europa-en","8":"product_cat-gullmynter-2-en","10":"first","11":"instock","12":"shipping-taxable","13":"purchasable","14":"product-type-simple"},"acf":[],"_links":{"self":[{"href":"https:\/\/www.oslomyntgalleri.no\/en\/wp-json\/wp\/v2\/product\/136470","targetHints":{"allow":["GET"]}}],"collection":[{"href":"https:\/\/www.oslomyntgalleri.no\/en\/wp-json\/wp\/v2\/product"}],"about":[{"href":"https:\/\/www.oslomyntgalleri.no\/en\/wp-json\/wp\/v2\/types\/product"}],"wp:featuredmedia":[{"embeddable":true,"href":"https:\/\/www.oslomyntgalleri.no\/en\/wp-json\/wp\/v2\/media\/136478"}],"wp:attachment":[{"href":"https:\/\/www.oslomyntgalleri.no\/en\/wp-json\/wp\/v2\/media?parent=136470"}],"wp:term":[{"taxonomy":"product_brand","embeddable":true,"href":"https:\/\/www.oslomyntgalleri.no\/en\/wp-json\/wp\/v2\/product_brand?post=136470"},{"taxonomy":"product_cat","embeddable":true,"href":"https:\/\/www.oslomyntgalleri.no\/en\/wp-json\/wp\/v2\/product_cat?post=136470"},{"taxonomy":"product_tag","embeddable":true,"href":"https:\/\/www.oslomyntgalleri.no\/en\/wp-json\/wp\/v2\/product_tag?post=136470"}],"curies":[{"name":"wp","href":"https:\/\/api.w.org\/{rel}","templated":true}]}}