{"id":136420,"date":"2026-03-28T09:00:53","date_gmt":"2026-03-28T08:00:53","guid":{"rendered":"https:\/\/www.oslomyntgalleri.no\/?post_type=product&#038;p=136420"},"modified":"2026-03-28T09:00:54","modified_gmt":"2026-03-28T08:00:54","slug":"1921-usa-peace-dollar-philadelphia-1-1","status":"publish","type":"product","link":"https:\/\/www.oslomyntgalleri.no\/en\/produkt\/1921-usa-peace-dollar-philadelphia-1-1\/","title":{"rendered":"1921 USA Peace dollar, Philadelphia, 1\/1+"},"content":{"rendered":"","protected":false},"excerpt":{"rendered":"<p style=\"font-weight: 400\"><strong>USA. Peace Dollar. S\u00f8lv, 1921 (Philadelphia)<\/strong><\/p>\n<p style=\"font-weight: 400\">Den klassiske amerikanske s\u00f8lvdollaren fra perioden 1921\u20131935, innf\u00f8rt som etterf\u00f8lger til Morgan-dollarene med et nytt motiv som reflekterer tiden etter f\u00f8rste verdenskrig.<\/p>\n<p style=\"font-weight: 400\">Mynten er utformet av\u00a0Anthony de Francisci, og viser Liberty i en mer moderne og stilisert form. I stedet for en klassisk, idealisert allegori fremst\u00e5r portrettet enklere og mer direkte, preget av samtidens formspr\u00e5k.<\/p>\n<p style=\"font-weight: 400\">Forbildet for Liberty var\u00a0Teresa Cafarelli, noe som gir motivet et personlig og mindre idealisert uttrykk. Kronen med str\u00e5ler videref\u00f8rer frihetsmotivet fra tidligere amerikansk myntkunst, men i en forenklet og mer tidsriktig utforming.<\/p>\n<p style=\"font-weight: 400\">Reversen viser en hvilende \u00f8rn st\u00e5ende p\u00e5 en klippe, med en olivengren og inskripsjonen\u00a0<em>PEACE<\/em>. Motivet bryter med tidligere mer dynamiske fremstillinger og uttrykker i stedet ro og stabilitet etter krigs\u00e5rene.<\/p>\n<p style=\"font-weight: 400\">De tidlige utgavene fra 1921 ble preget med h\u00f8yere relieff, noe som senere ble justert for mer effektiv produksjon.<\/p>\n<p style=\"font-weight: 400\">Peace-dollarene ble introdusert i kj\u00f8lvannet av f\u00f8rste verdenskrig og markerer en symbolsk overgang fra krig til fred. Samtidig videref\u00f8rte de den praktiske funksjonen som s\u00f8lvdollar, blant annet knyttet til ettervirkningene av Pittman Act og behovet for \u00e5 opprettholde s\u00f8lvbasert myntproduksjon.<\/p>\n<p style=\"font-weight: 400\">Myntmerket er plassert p\u00e5 reversen under \u00f8rnen, over ordet \u201cDOLLAR\u201d.<\/p>\n<p style=\"font-weight: 400\">Advers: Liberty-portrett.<br \/>\nRevers: \u00d8rn st\u00e5ende p\u00e5 klippe med olivengren.<\/p>\n<p style=\"font-weight: 400\">S\u00f8lv (.900), 26,73 g.<\/p>\n<p> <a href=\"https:\/\/www.oslomyntgalleri.no\/en\/produkt\/1921-usa-peace-dollar-philadelphia-1-1\/\"><\/a><\/p>\n","protected":false},"featured_media":136421,"template":"","meta":{"_acf_changed":false},"product_brand":[],"product_cat":[188,194],"product_tag":[],"class_list":{"0":"post-136420","1":"product","2":"type-product","3":"status-publish","4":"has-post-thumbnail","6":"product_cat-verden-en","7":"product_cat-usa-en","9":"first","10":"outofstock","11":"shipping-taxable","12":"purchasable","13":"product-type-simple"},"acf":[],"_links":{"self":[{"href":"https:\/\/www.oslomyntgalleri.no\/en\/wp-json\/wp\/v2\/product\/136420","targetHints":{"allow":["GET"]}}],"collection":[{"href":"https:\/\/www.oslomyntgalleri.no\/en\/wp-json\/wp\/v2\/product"}],"about":[{"href":"https:\/\/www.oslomyntgalleri.no\/en\/wp-json\/wp\/v2\/types\/product"}],"wp:featuredmedia":[{"embeddable":true,"href":"https:\/\/www.oslomyntgalleri.no\/en\/wp-json\/wp\/v2\/media\/136421"}],"wp:attachment":[{"href":"https:\/\/www.oslomyntgalleri.no\/en\/wp-json\/wp\/v2\/media?parent=136420"}],"wp:term":[{"taxonomy":"product_brand","embeddable":true,"href":"https:\/\/www.oslomyntgalleri.no\/en\/wp-json\/wp\/v2\/product_brand?post=136420"},{"taxonomy":"product_cat","embeddable":true,"href":"https:\/\/www.oslomyntgalleri.no\/en\/wp-json\/wp\/v2\/product_cat?post=136420"},{"taxonomy":"product_tag","embeddable":true,"href":"https:\/\/www.oslomyntgalleri.no\/en\/wp-json\/wp\/v2\/product_tag?post=136420"}],"curies":[{"name":"wp","href":"https:\/\/api.w.org\/{rel}","templated":true}]}}