{"id":136344,"date":"2026-04-05T08:59:26","date_gmt":"2026-04-05T06:59:26","guid":{"rendered":"https:\/\/www.oslomyntgalleri.no\/?post_type=product&#038;p=136344"},"modified":"2026-04-05T08:59:27","modified_gmt":"2026-04-05T06:59:27","slug":"1991-bermuda-2-dollars-elizabeth-ii-heron-opplag-2500-stk-proof","status":"publish","type":"product","link":"https:\/\/www.oslomyntgalleri.no\/en\/produkt\/1991-bermuda-2-dollars-elizabeth-ii-heron-opplag-2500-stk-proof\/","title":{"rendered":"1991 Bermuda 2 dollars Elizabeth II, Heron, opplag. 2500 stk., proof"},"content":{"rendered":"","protected":false},"excerpt":{"rendered":"<p>Bermuda. 2 Dollars, 1991<br \/>\nFauna and Flora \u2013 Yellow-crowned Night Heron<br \/>\nEn moderne minnemynt utgitt for Bermuda, en britisk oversj\u00f8isk besittelse i Atlanterhavet, som utsteder egne mynter innenfor et pengesystem knyttet til amerikanske dollar.<br \/>\nMynten inng\u00e5r i en serie viet \u00f8yas dyreliv, og viser p\u00e5 reversen en gulkronehegre sittende p\u00e5 en gren \u2013 en art som er karakteristisk for Bermudas kystn\u00e6re natur. Utformingen er naturtro og dekorativ, med tydelig fokus p\u00e5 motivets visuelle kvaliteter.<br \/>\nAdversen b\u00e6rer portrettet av dronning Elizabeth II, utf\u00f8rt av Raphael David Maklouf, kjent for sitt offisielle portrett brukt p\u00e5 britiske mynter i perioden 1985\u20131997.<br \/>\nMyntpregested: Royal Mint, London.<br \/>\nS\u00f8lv (.925), 28,28 g.<br \/>\nOpplag: 3 000 eksemplarer.<\/p>\n<p>I kapsel. <a href=\"https:\/\/www.oslomyntgalleri.no\/en\/produkt\/1991-bermuda-2-dollars-elizabeth-ii-heron-opplag-2500-stk-proof\/\"><\/a><\/p>\n","protected":false},"featured_media":119569,"template":"","meta":{"_acf_changed":false},"product_brand":[],"product_cat":[188,189,187],"product_tag":[],"class_list":{"0":"post-136344","1":"product","2":"type-product","3":"status-publish","4":"has-post-thumbnail","6":"product_cat-verden-en","7":"product_cat-europa-en","8":"product_cat-solv-en","10":"first","11":"instock","12":"shipping-taxable","13":"purchasable","14":"product-type-simple"},"acf":[],"_links":{"self":[{"href":"https:\/\/www.oslomyntgalleri.no\/en\/wp-json\/wp\/v2\/product\/136344","targetHints":{"allow":["GET"]}}],"collection":[{"href":"https:\/\/www.oslomyntgalleri.no\/en\/wp-json\/wp\/v2\/product"}],"about":[{"href":"https:\/\/www.oslomyntgalleri.no\/en\/wp-json\/wp\/v2\/types\/product"}],"wp:featuredmedia":[{"embeddable":true,"href":"https:\/\/www.oslomyntgalleri.no\/en\/wp-json\/wp\/v2\/media\/119569"}],"wp:attachment":[{"href":"https:\/\/www.oslomyntgalleri.no\/en\/wp-json\/wp\/v2\/media?parent=136344"}],"wp:term":[{"taxonomy":"product_brand","embeddable":true,"href":"https:\/\/www.oslomyntgalleri.no\/en\/wp-json\/wp\/v2\/product_brand?post=136344"},{"taxonomy":"product_cat","embeddable":true,"href":"https:\/\/www.oslomyntgalleri.no\/en\/wp-json\/wp\/v2\/product_cat?post=136344"},{"taxonomy":"product_tag","embeddable":true,"href":"https:\/\/www.oslomyntgalleri.no\/en\/wp-json\/wp\/v2\/product_tag?post=136344"}],"curies":[{"name":"wp","href":"https:\/\/api.w.org\/{rel}","templated":true}]}}