{"id":136324,"date":"2026-03-27T08:59:03","date_gmt":"2026-03-27T07:59:03","guid":{"rendered":"https:\/\/www.oslomyntgalleri.no\/?post_type=product&#038;p=136324"},"modified":"2026-04-30T22:26:48","modified_gmt":"2026-04-30T20:26:48","slug":"1823-portugal-6400-reis-joao-vi-0-01","status":"publish","type":"product","link":"https:\/\/www.oslomyntgalleri.no\/en\/produkt\/1823-portugal-6400-reis-joao-vi-0-01\/","title":{"rendered":"1823 Portugal 1 pe\u00e7a\/ 6400 reis Jo\u00e3o VI, Lisboa, 0\/01"},"content":{"rendered":"","protected":false},"excerpt":{"rendered":"<p>Brasil (Portugal). Jo\u00e3o VI. 6400 r\u00e9is, 1823<br data-start=\"1254\" data-end=\"1257\" \/>Den h\u00f8yeste ordin\u00e6re gullval\u00f8ren preget av den portugisiske kronen i denne perioden, basert p\u00e5 gull fra Brasil og n\u00e5 igjen med hoffet i Lisboa som maktsentrum.<br data-start=\"1416\" data-end=\"1419\" \/>Under <span class=\"hover:entity-accent entity-underline inline cursor-pointer align-baseline\"><span class=\"whitespace-normal\">Jo\u00e3o VI of Portugal<\/span><\/span> ble disse store gullval\u00f8rene videref\u00f8rt i en tid preget av betydelige politiske endringer. Etter mer enn et ti\u00e5r hvor det portugisiske hoffet hadde v\u00e6rt etablert i Rio de Janeiro, vendte kongen tilbake til Lisboa i 1821 som f\u00f8lge av politisk press i hjemlandet.<br data-start=\"1724\" data-end=\"1727\" \/>Myntene fra denne fasen reflekterer en overgangstid hvor riket fors\u00f8kte \u00e5 gjenopprette sin europeiske forankring, samtidig som forbindelsen til Brasil fortsatt var avgj\u00f8rende for \u00f8konomien. Allerede i 1822 erkl\u00e6rte Brasil sin uavhengighet, noe som ytterligere understreker den historiske konteksten for disse utgavene.<br data-start=\"2045\" data-end=\"2048\" \/>Jo\u00e3o VI fremst\u00e5r som en pragmatisk og tilpasningsdyktig hersker, som i stor grad s\u00f8kte \u00e5 bevare stabilitet i en periode preget av politisk uro og strukturelle endringer i imperiet.<br data-start=\"2228\" data-end=\"2231\" \/>Val\u00f8ren 6400 r\u00e9is, ofte omtalt som en pe\u00e7a, representerte toppniv\u00e5et blant de ordin\u00e6re gullmyntene i pengesystemet og tilsvarte en betydelig verdi i samtiden.<br data-start=\"2389\" data-end=\"2392\" \/>Med en vekt p\u00e5 ca. 14,3 gram gull (.917) var dette en mynt beregnet for st\u00f8rre transaksjoner og som oppbevaring av formue.<br data-start=\"2514\" data-end=\"2517\" \/>Til tross for at mynten er preget i Lisboa, videref\u00f8rer den et pengesystem som i stor grad var bygget p\u00e5 tilgangen til brasiliansk gull, og representerer dermed en avsluttende fase av den lange \u00f8konomiske forbindelsen mellom Portugal og Brasil.<br data-start=\"2761\" data-end=\"2764\" \/>Advers: Portrett av Jo\u00e3o VI.<br data-start=\"2792\" data-end=\"2795\" \/>Revers: Portugisisk riksv\u00e5pen under krone.<br data-start=\"2837\" data-end=\"2840\" \/>Myntpregested: Lisboa<br data-start=\"2861\" data-end=\"2864\" \/>Gull (.917), ca. 14,3 g.<br data-start=\"2888\" data-end=\"2891\" \/>En mynttype fra en overgangsperiode hvor Portugal fors\u00f8kte \u00e5 gjenopprette sin posisjon i Europa, samtidig som det gamle imperiale grunnlaget var i ferd med \u00e5 g\u00e5 i oppl\u00f8sning. <a href=\"https:\/\/www.oslomyntgalleri.no\/en\/produkt\/1823-portugal-6400-reis-joao-vi-0-01\/\"><\/a><\/p>\n","protected":false},"featured_media":136325,"template":"","meta":{"_acf_changed":false},"product_brand":[],"product_cat":[143,189,188],"product_tag":[],"class_list":{"0":"post-136324","1":"product","2":"type-product","3":"status-publish","4":"has-post-thumbnail","6":"product_cat-gullmynter-2-en","7":"product_cat-europa-en","8":"product_cat-verden-en","10":"first","11":"instock","12":"shipping-taxable","13":"purchasable","14":"product-type-simple"},"acf":[],"_links":{"self":[{"href":"https:\/\/www.oslomyntgalleri.no\/en\/wp-json\/wp\/v2\/product\/136324","targetHints":{"allow":["GET"]}}],"collection":[{"href":"https:\/\/www.oslomyntgalleri.no\/en\/wp-json\/wp\/v2\/product"}],"about":[{"href":"https:\/\/www.oslomyntgalleri.no\/en\/wp-json\/wp\/v2\/types\/product"}],"wp:featuredmedia":[{"embeddable":true,"href":"https:\/\/www.oslomyntgalleri.no\/en\/wp-json\/wp\/v2\/media\/136325"}],"wp:attachment":[{"href":"https:\/\/www.oslomyntgalleri.no\/en\/wp-json\/wp\/v2\/media?parent=136324"}],"wp:term":[{"taxonomy":"product_brand","embeddable":true,"href":"https:\/\/www.oslomyntgalleri.no\/en\/wp-json\/wp\/v2\/product_brand?post=136324"},{"taxonomy":"product_cat","embeddable":true,"href":"https:\/\/www.oslomyntgalleri.no\/en\/wp-json\/wp\/v2\/product_cat?post=136324"},{"taxonomy":"product_tag","embeddable":true,"href":"https:\/\/www.oslomyntgalleri.no\/en\/wp-json\/wp\/v2\/product_tag?post=136324"}],"curies":[{"name":"wp","href":"https:\/\/api.w.org\/{rel}","templated":true}]}}