{"id":136296,"date":"2026-03-27T08:59:56","date_gmt":"2026-03-27T07:59:56","guid":{"rendered":"https:\/\/www.oslomyntgalleri.no\/?post_type=product&#038;p=136296"},"modified":"2026-03-31T00:29:02","modified_gmt":"2026-03-30T22:29:02","slug":"1879-danmark-solvmedalje-400-ar-universitet-christian-ix-52-mm-61-g-lett-renset-1","status":"publish","type":"product","link":"https:\/\/www.oslomyntgalleri.no\/en\/produkt\/1879-danmark-solvmedalje-400-ar-universitet-christian-ix-52-mm-61-g-lett-renset-1\/","title":{"rendered":"1879 Danmark s\u00f8lvmedalje 400 \u00e5r universitet Christian IX, 52 mm, 61 g, lett renset, 1+"},"content":{"rendered":"","protected":false},"excerpt":{"rendered":"<p data-start=\"103\" data-end=\"242\"><strong data-start=\"103\" data-end=\"147\">Danmark. Christian IX. S\u00f8lvmedalje 1879.<\/strong><br data-start=\"147\" data-end=\"150\" \/>400-\u00e5rsjubileum for K\u00f8benhavns Universitet (1479\u20131879).<br data-start=\"205\" data-end=\"208\" \/>52 mm, 61 g.<br data-start=\"223\" data-end=\"226\" \/><strong data-start=\"226\" data-end=\"242\">Bergs\u00f8e 359.<\/strong><\/p>\n<p data-start=\"244\" data-end=\"500\">Preget til minne om universitetets 400-\u00e5rsjubileum, grunnlagt av Christian I i 1479. P\u00e5 advers ses de sammenstilte brystbilder av grunnleggeren og kong Christian IX, som knytter institusjonens opprinnelse til dens videre kontinuitet gjennom fire \u00e5rhundrer.<\/p>\n<p data-start=\"502\" data-end=\"779\">Reversen viser Odin som mottar visdom fra M\u00edmir, en nordisk allegori over kunnskap og l\u00e6rdom. Motivet uttrykker universitetet som visdommens sete, formidlet gjennom norr\u00f8n mytologi, og er et karakteristisk eksempel p\u00e5 sen 1800-talls skandinavisk nasjonalromantisk medaljekunst.<\/p>\n<p data-start=\"781\" data-end=\"936\">Design: <span class=\"hover:entity-accent entity-underline inline cursor-pointer align-baseline\"><span class=\"whitespace-normal\">Heinrich Olrik<\/span><\/span> (inv.)<br data-start=\"833\" data-end=\"836\" \/>Grav\u00f8r: <span class=\"hover:entity-accent entity-underline inline cursor-pointer align-baseline\"><span class=\"whitespace-normal\">Ferdinand Schmahlfeld<\/span><\/span> (fec.)<br data-start=\"888\" data-end=\"891\" \/>Stempel: V<span class=\"hover:entity-accent entity-underline inline cursor-pointer align-baseline\"><span class=\"whitespace-normal\">ilhelm Christensen<\/span><\/span><\/p>\n<p> <a href=\"https:\/\/www.oslomyntgalleri.no\/en\/produkt\/1879-danmark-solvmedalje-400-ar-universitet-christian-ix-52-mm-61-g-lett-renset-1\/\"><\/a><\/p>\n","protected":false},"featured_media":136297,"template":"","meta":{"_acf_changed":false},"product_brand":[],"product_cat":[147],"product_tag":[220],"class_list":{"0":"post-136296","1":"product","2":"type-product","3":"status-publish","4":"has-post-thumbnail","6":"product_cat-medaljer-verden-en","7":"product_tag-odin","9":"first","10":"instock","11":"shipping-taxable","12":"purchasable","13":"product-type-simple"},"acf":[],"_links":{"self":[{"href":"https:\/\/www.oslomyntgalleri.no\/en\/wp-json\/wp\/v2\/product\/136296","targetHints":{"allow":["GET"]}}],"collection":[{"href":"https:\/\/www.oslomyntgalleri.no\/en\/wp-json\/wp\/v2\/product"}],"about":[{"href":"https:\/\/www.oslomyntgalleri.no\/en\/wp-json\/wp\/v2\/types\/product"}],"wp:featuredmedia":[{"embeddable":true,"href":"https:\/\/www.oslomyntgalleri.no\/en\/wp-json\/wp\/v2\/media\/136297"}],"wp:attachment":[{"href":"https:\/\/www.oslomyntgalleri.no\/en\/wp-json\/wp\/v2\/media?parent=136296"}],"wp:term":[{"taxonomy":"product_brand","embeddable":true,"href":"https:\/\/www.oslomyntgalleri.no\/en\/wp-json\/wp\/v2\/product_brand?post=136296"},{"taxonomy":"product_cat","embeddable":true,"href":"https:\/\/www.oslomyntgalleri.no\/en\/wp-json\/wp\/v2\/product_cat?post=136296"},{"taxonomy":"product_tag","embeddable":true,"href":"https:\/\/www.oslomyntgalleri.no\/en\/wp-json\/wp\/v2\/product_tag?post=136296"}],"curies":[{"name":"wp","href":"https:\/\/api.w.org\/{rel}","templated":true}]}}