{"id":136292,"date":"2026-04-03T09:00:22","date_gmt":"2026-04-03T07:00:22","guid":{"rendered":"https:\/\/www.oslomyntgalleri.no\/?post_type=product&#038;p=136292"},"modified":"2026-04-03T09:00:23","modified_gmt":"2026-04-03T07:00:23","slug":"2015-mexico-1-onza-liberdad-999-solv-0","status":"publish","type":"product","link":"https:\/\/www.oslomyntgalleri.no\/en\/produkt\/2015-mexico-1-onza-liberdad-999-solv-0\/","title":{"rendered":"2015 Mexico 1 onza Libertad,  .999 s\u00f8lv, BU"},"content":{"rendered":"","protected":false},"excerpt":{"rendered":"<p>Mexico. 1 Onza Plata Pura, Libertad<br data-start=\"112\" data-end=\"115\" \/>En moderne s\u00f8lvmynt introdusert i 1982 som bullionutgave, preget i 1 unse rent s\u00f8lv.<br data-start=\"199\" data-end=\"202\" data-is-only-node=\"\" \/>Adversen viser Mexicos riksv\u00e5pen med \u00f8rnen som holder en slange i nebbet, omgitt av historiske varianter av v\u00e5penet. Reversen viser den bevingede seiersgudinnen (\u00c1ngel de la Independencia) med utstrakte vinger, foran vulkanene Popocat\u00e9petl og Iztacc\u00edhuatl.<br data-start=\"458\" data-end=\"461\" \/>Mynten preges av Casa de Moneda de M\u00e9xico, en av verdens eldste myntinstitusjoner med r\u00f8tter tilbake til den spanske kolonitiden, i et land som fortsatt er blant verdens ledende produsenter av s\u00f8lv.<br data-start=\"659\" data-end=\"662\" \/>S\u00f8lv (.999), 31,1 g (1 oz). Varierende opplag avhengig av \u00e5r. <a href=\"https:\/\/www.oslomyntgalleri.no\/en\/produkt\/2015-mexico-1-onza-liberdad-999-solv-0\/\"><\/a><\/p>\n","protected":false},"featured_media":136438,"template":"","meta":{"_acf_changed":false},"product_brand":[],"product_cat":[188,189,187],"product_tag":[],"class_list":{"0":"post-136292","1":"product","2":"type-product","3":"status-publish","4":"has-post-thumbnail","6":"product_cat-verden-en","7":"product_cat-europa-en","8":"product_cat-solv-en","10":"first","11":"outofstock","12":"shipping-taxable","13":"purchasable","14":"product-type-simple"},"acf":[],"_links":{"self":[{"href":"https:\/\/www.oslomyntgalleri.no\/en\/wp-json\/wp\/v2\/product\/136292","targetHints":{"allow":["GET"]}}],"collection":[{"href":"https:\/\/www.oslomyntgalleri.no\/en\/wp-json\/wp\/v2\/product"}],"about":[{"href":"https:\/\/www.oslomyntgalleri.no\/en\/wp-json\/wp\/v2\/types\/product"}],"wp:featuredmedia":[{"embeddable":true,"href":"https:\/\/www.oslomyntgalleri.no\/en\/wp-json\/wp\/v2\/media\/136438"}],"wp:attachment":[{"href":"https:\/\/www.oslomyntgalleri.no\/en\/wp-json\/wp\/v2\/media?parent=136292"}],"wp:term":[{"taxonomy":"product_brand","embeddable":true,"href":"https:\/\/www.oslomyntgalleri.no\/en\/wp-json\/wp\/v2\/product_brand?post=136292"},{"taxonomy":"product_cat","embeddable":true,"href":"https:\/\/www.oslomyntgalleri.no\/en\/wp-json\/wp\/v2\/product_cat?post=136292"},{"taxonomy":"product_tag","embeddable":true,"href":"https:\/\/www.oslomyntgalleri.no\/en\/wp-json\/wp\/v2\/product_tag?post=136292"}],"curies":[{"name":"wp","href":"https:\/\/api.w.org\/{rel}","templated":true}]}}