{"id":136243,"date":"2026-03-22T09:00:13","date_gmt":"2026-03-22T08:00:13","guid":{"rendered":"https:\/\/www.oslomyntgalleri.no\/?post_type=product&#038;p=136243"},"modified":"2026-03-22T12:40:01","modified_gmt":"2026-03-22T11:40:01","slug":"1633-nurnberg-thaler-med-tittel-ferdinand-ii-renset-justerspor-1","status":"publish","type":"product","link":"https:\/\/www.oslomyntgalleri.no\/en\/produkt\/1633-nurnberg-thaler-med-tittel-ferdinand-ii-renset-justerspor-1\/","title":{"rendered":"1633 N\u00fcrnberg thaler med tittel Ferdinand II, renset, justerspor, 1"},"content":{"rendered":"","protected":false},"excerpt":{"rendered":"<p data-start=\"259\" data-end=\"323\"><strong data-start=\"259\" data-end=\"323\">N\u00fcrnberg. Reichsstadt. Ferdinand II (1619\u20131637). Taler, 1633<\/strong><\/p>\n<p data-start=\"325\" data-end=\"557\">Preget i den frie riksstaden N\u00fcrnberg under keiser Ferdinand II. Som selvstendig riksstad i det tysk-romerske riket hadde N\u00fcrnberg egen myntrett og preget mynter i keiserens navn, noe som reflekterer rikets desentraliserte struktur.<\/p>\n<p data-start=\"559\" data-end=\"733\">Utgitt under tretti\u00e5rskrigen, en periode preget av politisk uro og store \u00f8konomiske belastninger, hvor stabil myntproduksjon var av avgj\u00f8rende betydning for handel og tillit.<\/p>\n<p data-start=\"782\" data-end=\"928\">Advers: Keiserlig tittel rundt motiv med Ferdinand II.<br data-start=\"839\" data-end=\"842\" \/>Revers: Den tysk-romerske dobbelt \u00f8rnen med keiserlige attributter og byens kjennetegn.<\/p>\n<p data-start=\"930\" data-end=\"1193\">Pregning: Fremstilt ved valsing (walzenpregning), hvor motivene ble preget i metallb\u00e5nd f\u00f8r myntene ble stanset ut. N\u00fcrnberg benyttet det s\u00e5kalte <em data-start=\"1076\" data-end=\"1089\">Taschenwerk<\/em>, hvor utskiftbare stempelpar var montert i roterende valser \u2013 en teknisk avansert metode for sin tid.<\/p>\n<p data-start=\"1195\" data-end=\"1349\">Justerspor forekommer som f\u00f8lge av vektjustering f\u00f8r pregning, hvor metall ble fjernet fra emnet. Disse sporene kunne forbli synlige i det ferdige preget.<\/p>\n<p data-start=\"735\" data-end=\"780\">S\u00f8lv, 28,8 g.\u00a0<br data-start=\"765\" data-end=\"768\" \/>Preget 1633.<\/p>\n<p data-start=\"735\" data-end=\"780\">Myntmerke: Stjerne<br \/>\nKv. 1 \/ F med justerspor, og blankett urenheter.<\/p>\n<p> <a href=\"https:\/\/www.oslomyntgalleri.no\/en\/produkt\/1633-nurnberg-thaler-med-tittel-ferdinand-ii-renset-justerspor-1\/\"><\/a><\/p>\n","protected":false},"featured_media":136244,"template":"","meta":{"_acf_changed":false},"product_brand":[],"product_cat":[193,188],"product_tag":[],"class_list":{"0":"post-136243","1":"product","2":"type-product","3":"status-publish","4":"has-post-thumbnail","6":"product_cat-tyskland-en","7":"product_cat-verden-en","9":"first","10":"instock","11":"shipping-taxable","12":"purchasable","13":"product-type-simple"},"acf":[],"_links":{"self":[{"href":"https:\/\/www.oslomyntgalleri.no\/en\/wp-json\/wp\/v2\/product\/136243","targetHints":{"allow":["GET"]}}],"collection":[{"href":"https:\/\/www.oslomyntgalleri.no\/en\/wp-json\/wp\/v2\/product"}],"about":[{"href":"https:\/\/www.oslomyntgalleri.no\/en\/wp-json\/wp\/v2\/types\/product"}],"wp:featuredmedia":[{"embeddable":true,"href":"https:\/\/www.oslomyntgalleri.no\/en\/wp-json\/wp\/v2\/media\/136244"}],"wp:attachment":[{"href":"https:\/\/www.oslomyntgalleri.no\/en\/wp-json\/wp\/v2\/media?parent=136243"}],"wp:term":[{"taxonomy":"product_brand","embeddable":true,"href":"https:\/\/www.oslomyntgalleri.no\/en\/wp-json\/wp\/v2\/product_brand?post=136243"},{"taxonomy":"product_cat","embeddable":true,"href":"https:\/\/www.oslomyntgalleri.no\/en\/wp-json\/wp\/v2\/product_cat?post=136243"},{"taxonomy":"product_tag","embeddable":true,"href":"https:\/\/www.oslomyntgalleri.no\/en\/wp-json\/wp\/v2\/product_tag?post=136243"}],"curies":[{"name":"wp","href":"https:\/\/api.w.org\/{rel}","templated":true}]}}