{"id":136238,"date":"2026-03-22T09:00:16","date_gmt":"2026-03-22T08:00:16","guid":{"rendered":"https:\/\/www.oslomyntgalleri.no\/?post_type=product&#038;p=136238"},"modified":"2026-03-22T12:21:32","modified_gmt":"2026-03-22T11:21:32","slug":"1626-salzburg-reichsthaler-paris-von-lodron-blanketfeil-1-1","status":"publish","type":"product","link":"https:\/\/www.oslomyntgalleri.no\/en\/produkt\/1626-salzburg-reichsthaler-paris-von-lodron-blanketfeil-1-1\/","title":{"rendered":"1626 Salzburg Reichsthaler Paris von Lodron, blanketfeil, 1\/1+"},"content":{"rendered":"","protected":false},"excerpt":{"rendered":"<p data-start=\"87\" data-end=\"149\"><strong data-start=\"87\" data-end=\"149\">Salzburg. Paris von Lodron (1619\u20131653). Reichsthaler, 1637<\/strong><\/p>\n<p data-start=\"151\" data-end=\"585\">Preget under Paris von Lodron, fyrsteerkebiskop av Salzburg. Som geistlig fyrste i det tysk-romerske riket hadde han b\u00e5de kirkelig og verdslig myndighet, inkludert retten til \u00e5 prege egen mynt. Gjennom en forsiktig og dyktig politikk holdt han Salzburg utenfor \u00f8deleggelsene under tretti\u00e5rskrigen, en konflikt som rammet store deler av det tyskspr\u00e5klige omr\u00e5det med \u00f8deleggelser i et omfang f\u00e5 tidligere konflikter kunne m\u00e5le seg med.<\/p>\n<p data-start=\"587\" data-end=\"632\">S\u00f8lv, 28,64 g. 40 mm.<br data-start=\"617\" data-end=\"620\" \/>Preget 1637, Salzburg<\/p>\n<p data-start=\"634\" data-end=\"817\">Advers: Madonna med barnet st\u00e5ende over erkebiskopens v\u00e5pen. Omskrift med begynnelsen av den marianske b\u00f8nnen <em data-start=\"744\" data-end=\"778\">\u201cSub tuum praesidium confugimus\u201d<\/em> (\u201cUnder ditt vern s\u00f8ker vi tilflukt\u201d).<\/p>\n<p data-start=\"819\" data-end=\"945\">Revers: Den hellige Rupert st\u00e5ende med bispestav og saltkjele, over Salzburgs v\u00e5pen. Omskrift med navn og tittel samt \u00e5rstall.<\/p>\n<p data-start=\"947\" data-end=\"1108\">Motivene forener religi\u00f8s beskyttelse og lokal identitet, med Jomfru Maria som himmelsk beskytter og den hellige Rupert som Salzburgs grunnlegger og skytshelgen.<\/p>\n<p data-start=\"1110\" data-end=\"1156\">Preget p\u00e5 en blankett med sm\u00e5 feil, 1\/1+ \/ F\/VF<\/p>\n<p data-start=\"1158\" data-end=\"1269\">En representativ og historisk forankret type fra et selvstendig geistlig fyrsted\u00f8mme i det tysk-romerske riket.<\/p>\n<p>&nbsp; <a href=\"https:\/\/www.oslomyntgalleri.no\/en\/produkt\/1626-salzburg-reichsthaler-paris-von-lodron-blanketfeil-1-1\/\"><\/a><\/p>\n","protected":false},"featured_media":136239,"template":"","meta":{"_acf_changed":false},"product_brand":[],"product_cat":[189,188],"product_tag":[],"class_list":{"0":"post-136238","1":"product","2":"type-product","3":"status-publish","4":"has-post-thumbnail","6":"product_cat-europa-en","7":"product_cat-verden-en","9":"first","10":"instock","11":"shipping-taxable","12":"purchasable","13":"product-type-simple"},"acf":[],"_links":{"self":[{"href":"https:\/\/www.oslomyntgalleri.no\/en\/wp-json\/wp\/v2\/product\/136238","targetHints":{"allow":["GET"]}}],"collection":[{"href":"https:\/\/www.oslomyntgalleri.no\/en\/wp-json\/wp\/v2\/product"}],"about":[{"href":"https:\/\/www.oslomyntgalleri.no\/en\/wp-json\/wp\/v2\/types\/product"}],"wp:featuredmedia":[{"embeddable":true,"href":"https:\/\/www.oslomyntgalleri.no\/en\/wp-json\/wp\/v2\/media\/136239"}],"wp:attachment":[{"href":"https:\/\/www.oslomyntgalleri.no\/en\/wp-json\/wp\/v2\/media?parent=136238"}],"wp:term":[{"taxonomy":"product_brand","embeddable":true,"href":"https:\/\/www.oslomyntgalleri.no\/en\/wp-json\/wp\/v2\/product_brand?post=136238"},{"taxonomy":"product_cat","embeddable":true,"href":"https:\/\/www.oslomyntgalleri.no\/en\/wp-json\/wp\/v2\/product_cat?post=136238"},{"taxonomy":"product_tag","embeddable":true,"href":"https:\/\/www.oslomyntgalleri.no\/en\/wp-json\/wp\/v2\/product_tag?post=136238"}],"curies":[{"name":"wp","href":"https:\/\/api.w.org\/{rel}","templated":true}]}}