{"id":136202,"date":"2026-03-23T09:00:41","date_gmt":"2026-03-23T08:00:41","guid":{"rendered":"https:\/\/www.oslomyntgalleri.no\/?post_type=product&#038;p=136202"},"modified":"2026-04-30T22:30:18","modified_gmt":"2026-04-30T20:30:18","slug":"1792-m-spania-4-escudos-carl-iv-madrid-1","status":"publish","type":"product","link":"https:\/\/www.oslomyntgalleri.no\/en\/produkt\/1792-m-spania-4-escudos-carl-iv-madrid-1\/","title":{"rendered":"1792 M Spania 4 escudos Carl IV, Madrid, 1+"},"content":{"rendered":"","protected":false},"excerpt":{"rendered":"<p data-start=\"102\" data-end=\"152\"><strong data-start=\"102\" data-end=\"152\">Spania. Carlos IV (1788\u20131808). 4 escudos, 1792<\/strong><\/p>\n<p data-start=\"154\" data-end=\"267\">En st\u00f8rre spansk gullmynt preget i et eldre monarkisk pengesystem f\u00f8r 1800-tallets internasjonale gullstandarder.<\/p>\n<p data-start=\"269\" data-end=\"520\">Carlos IV regjerte i en periode hvor Spania fortsatt var knyttet til sitt oversj\u00f8iske imperium, og hvor tilgangen p\u00e5 edelmetaller fra S\u00f8r-Amerika gjennom flere \u00e5rhundrer hadde v\u00e6rt en avgj\u00f8rende faktor for landets \u00f8konomi og internasjonale posisjon.<\/p>\n<p data-start=\"522\" data-end=\"689\">Carlos IV hersket over et omfattende rike som strakte seg fra Europa til store deler av Amerika og Filippinene, et av de siste stadiene av det spanske verdensimperiet.<\/p>\n<p data-start=\"691\" data-end=\"958\">Mynten inng\u00e5r i escudo-systemet, hvor gullval\u00f8rene var basert p\u00e5 faste vektenheter og finhet. I dette systemet var 8 escudos den st\u00f8rste og mest sentrale gullval\u00f8ren, mens 4 escudos ble preget i mer begrensede mengder og representerer en h\u00f8y, men mindre vanlig val\u00f8r.<\/p>\n<p data-start=\"960\" data-end=\"1156\">Motivet viser kongen med drapert og pansret byste, mens reversen b\u00e6rer Spanias kronede riksv\u00e5pen omgitt av kjeden til Det gylne skinn \u2013 et uttrykk for dynastisk kontinuitet og monarkisk autoritet.<\/p>\n<p data-start=\"1158\" data-end=\"1194\">Myntpregested : Real Casa de la Moneda de Madrid<br \/>\nGull (.875), ca. 13,00 g. Ca. 30 mm.<\/p>\n<p data-start=\"1196\" data-end=\"1453\">En type fra de siste fasene av den eldre imperiale mynttradisjonen, preget f\u00f8r Napoleonskrigene og de senere uavhengighetsprosessene endret forutsetningene for et rike som tidligere hadde hatt en global utstrekning \u2013 \u00abel imperio donde nunca se pone el sol\u00bb.<\/p>\n<p> <a href=\"https:\/\/www.oslomyntgalleri.no\/en\/produkt\/1792-m-spania-4-escudos-carl-iv-madrid-1\/\"><\/a><\/p>\n","protected":false},"featured_media":136203,"template":"","meta":{"_acf_changed":false},"product_brand":[],"product_cat":[143,189,188],"product_tag":[],"class_list":{"0":"post-136202","1":"product","2":"type-product","3":"status-publish","4":"has-post-thumbnail","6":"product_cat-gullmynter-2-en","7":"product_cat-europa-en","8":"product_cat-verden-en","10":"first","11":"instock","12":"shipping-taxable","13":"purchasable","14":"product-type-simple"},"acf":[],"_links":{"self":[{"href":"https:\/\/www.oslomyntgalleri.no\/en\/wp-json\/wp\/v2\/product\/136202","targetHints":{"allow":["GET"]}}],"collection":[{"href":"https:\/\/www.oslomyntgalleri.no\/en\/wp-json\/wp\/v2\/product"}],"about":[{"href":"https:\/\/www.oslomyntgalleri.no\/en\/wp-json\/wp\/v2\/types\/product"}],"wp:featuredmedia":[{"embeddable":true,"href":"https:\/\/www.oslomyntgalleri.no\/en\/wp-json\/wp\/v2\/media\/136203"}],"wp:attachment":[{"href":"https:\/\/www.oslomyntgalleri.no\/en\/wp-json\/wp\/v2\/media?parent=136202"}],"wp:term":[{"taxonomy":"product_brand","embeddable":true,"href":"https:\/\/www.oslomyntgalleri.no\/en\/wp-json\/wp\/v2\/product_brand?post=136202"},{"taxonomy":"product_cat","embeddable":true,"href":"https:\/\/www.oslomyntgalleri.no\/en\/wp-json\/wp\/v2\/product_cat?post=136202"},{"taxonomy":"product_tag","embeddable":true,"href":"https:\/\/www.oslomyntgalleri.no\/en\/wp-json\/wp\/v2\/product_tag?post=136202"}],"curies":[{"name":"wp","href":"https:\/\/api.w.org\/{rel}","templated":true}]}}