{"id":136065,"date":"2026-03-20T09:01:14","date_gmt":"2026-03-20T08:01:14","guid":{"rendered":"https:\/\/www.oslomyntgalleri.no\/?post_type=product&#038;p=136065"},"modified":"2026-03-23T10:37:53","modified_gmt":"2026-03-23T09:37:53","slug":"68-69-e-kr-ar-denarius-galba-351-g-roma-1-01","status":"publish","type":"product","link":"https:\/\/www.oslomyntgalleri.no\/en\/produkt\/68-69-e-kr-ar-denarius-galba-351-g-roma-1-01\/","title":{"rendered":"68-69 e.Kr. AR denarius Galba , 3,51 g, Roma, 1+\/01"},"content":{"rendered":"","protected":false},"excerpt":{"rendered":"<p data-start=\"116\" data-end=\"167\"><strong data-start=\"116\" data-end=\"167\">Romerriket. Galba (68\u201369 e.Kr.). AR denarius, Roma<\/strong><\/p>\n<p data-start=\"169\" data-end=\"354\">Preget i en overgangstid etter Neros fall, hvor Romerriket sto uten en stabil leder og hvor gjenopprettelse av orden og tradisjonelle romerske verdier ble fremhevet som et politisk m\u00e5l.<\/p>\n<p data-start=\"356\" data-end=\"670\">Galba kom til makten som guvern\u00f8r i Hispania etter Neros fall og ble anerkjent som keiser av senatet. Hans korte regjeringstid var preget av fors\u00f8k p\u00e5 \u00e5 gjenopprette disiplin og tradisjonelle styringsprinsipper, men manglende st\u00f8tte fra h\u00e6ren f\u00f8rte til at han ble styrtet og drept av den pretorianske garde i Roma.<\/p>\n<p data-start=\"672\" data-end=\"849\">Til tross for den korte regjeringstiden representerer Galbas myntpregning et viktig overgangsstadium mellom det julisk-claudiske dynastiet og den p\u00e5f\u00f8lgende flavianske perioden.<\/p>\n<p data-start=\"851\" data-end=\"891\">S\u00f8lv, 3,51 g. Preget i Roma, 68\u201369 e.Kr.<\/p>\n<p data-start=\"893\" data-end=\"1099\">Advers: Laureat portrett av Galba mot h\u00f8yre, i en realistisk stil som fremhever tradisjonelle romerske idealer.<br data-start=\"1004\" data-end=\"1007\" \/>Revers: <em data-start=\"1015\" data-end=\"1029\">DIVA AVGVSTA<\/em>. Livia (Julia Augusta), Augustus\u2019 enke, st\u00e5ende med patera og septer.<\/p>\n<p data-start=\"1101\" data-end=\"1248\">Reversmotivet m\u00e5 sees i lys av behovet for legitimitet etter Neros fall og knytter Galba til arven etter Augustus og det tidligere keiserdynastiet.<\/p>\n<p data-start=\"1250\" data-end=\"1501\">Galbas korte regjeringstid inneb\u00e6rer at den samlede myntproduksjonen var begrenset. Denarii fra denne perioden forekommer derfor ofte i sirkulert stand, og eksemplarer i tydelig bedre kvalitet er mindre vanlig enn for keisere med lengre regjeringstid.<\/p>\n<p> <a href=\"https:\/\/www.oslomyntgalleri.no\/en\/produkt\/68-69-e-kr-ar-denarius-galba-351-g-roma-1-01\/\"><\/a><\/p>\n","protected":false},"featured_media":135979,"template":"","meta":{"_acf_changed":false},"product_brand":[],"product_cat":[89,22],"product_tag":[],"class_list":{"0":"post-136065","1":"product","2":"type-product","3":"status-publish","4":"has-post-thumbnail","6":"product_cat-romersk-keisertid","7":"product_cat-romerske-mynter","9":"first","10":"instock","11":"shipping-taxable","12":"purchasable","13":"product-type-simple"},"acf":[],"_links":{"self":[{"href":"https:\/\/www.oslomyntgalleri.no\/en\/wp-json\/wp\/v2\/product\/136065","targetHints":{"allow":["GET"]}}],"collection":[{"href":"https:\/\/www.oslomyntgalleri.no\/en\/wp-json\/wp\/v2\/product"}],"about":[{"href":"https:\/\/www.oslomyntgalleri.no\/en\/wp-json\/wp\/v2\/types\/product"}],"wp:featuredmedia":[{"embeddable":true,"href":"https:\/\/www.oslomyntgalleri.no\/en\/wp-json\/wp\/v2\/media\/135979"}],"wp:attachment":[{"href":"https:\/\/www.oslomyntgalleri.no\/en\/wp-json\/wp\/v2\/media?parent=136065"}],"wp:term":[{"taxonomy":"product_brand","embeddable":true,"href":"https:\/\/www.oslomyntgalleri.no\/en\/wp-json\/wp\/v2\/product_brand?post=136065"},{"taxonomy":"product_cat","embeddable":true,"href":"https:\/\/www.oslomyntgalleri.no\/en\/wp-json\/wp\/v2\/product_cat?post=136065"},{"taxonomy":"product_tag","embeddable":true,"href":"https:\/\/www.oslomyntgalleri.no\/en\/wp-json\/wp\/v2\/product_tag?post=136065"}],"curies":[{"name":"wp","href":"https:\/\/api.w.org\/{rel}","templated":true}]}}