{"id":135803,"date":"2026-03-12T09:01:36","date_gmt":"2026-03-12T08:01:36","guid":{"rendered":"https:\/\/www.oslomyntgalleri.no\/?post_type=product&#038;p=135803"},"modified":"2026-03-22T01:06:32","modified_gmt":"2026-03-22T00:06:32","slug":"454-404-f-kr-attica-athen-ar-tetradrakme-1720-g-1-01","status":"publish","type":"product","link":"https:\/\/www.oslomyntgalleri.no\/en\/produkt\/454-404-f-kr-attica-athen-ar-tetradrakme-1720-g-1-01\/","title":{"rendered":"454-404 f.Kr. ATTICA, Athen. AR tetradrakme, 17,20 g, 1+\/01"},"content":{"rendered":"","protected":false},"excerpt":{"rendered":"<p data-start=\"86\" data-end=\"137\"><strong data-start=\"86\" data-end=\"137\">Attika. Athen. Ca. 454\u2013404 f.Kr. AR tetradrakme<\/strong><\/p>\n<p data-start=\"139\" data-end=\"202\">En av antikkens mest ikoniske og vidt sirkulerte s\u00f8lvmynttyper.<\/p>\n<p data-start=\"204\" data-end=\"562\">Disse tetradrakmene, ofte omtalt som \u201cuglemyntene\u201d, ble preget i Athen under bystatens politiske og \u00f8konomiske storhetstid p\u00e5 400-tallet f.Kr. S\u00f8lvet stammet fra Laurion-gruvene og dannet grunnlaget for Athens makt og handel i Middelhavet. Mynttypen fungerte som en internasjonal handelsvaluta og er blant de mest gjenkjennelige i hele antikkens numismatikk.<\/p>\n<p data-start=\"564\" data-end=\"671\">Motivene forener Athena som byens beskytter med uglen, hennes hellige attributt og et symbol p\u00e5 Athen selv.<\/p>\n<p data-start=\"673\" data-end=\"704\">S\u00f8lv, ca. 17,2 g. Ca. 22\u201325 mm.<\/p>\n<p data-start=\"706\" data-end=\"876\">Advers: Hode av Athena mot h\u00f8yre, if\u00f8rt attisk hjelm dekorert med olivenblader.<br data-start=\"785\" data-end=\"788\" \/>Revers: Ugle st\u00e5ende mot h\u00f8yre med frontalt hode; olivengren og halvm\u00e5ne bak; \u0391\u0398\u0395 foran.<\/p>\n<p data-start=\"878\" data-end=\"911\">Referanser: Kroll 8; HGC 4, 1597.<\/p>\n<p data-start=\"913\" data-end=\"959\">Litt ujevn blankett, med gode detaljer.<\/p>\n<p data-start=\"961\" data-end=\"1036\">En klassisk og h\u00f8yt etterspurt type, sentral b\u00e5de historisk og numismatisk<\/p>\n<p> <a href=\"https:\/\/www.oslomyntgalleri.no\/en\/produkt\/454-404-f-kr-attica-athen-ar-tetradrakme-1720-g-1-01\/\"><\/a><\/p>\n","protected":false},"featured_media":135804,"template":"","meta":{"_acf_changed":false},"product_brand":[],"product_cat":[142],"product_tag":[],"class_list":{"0":"post-135803","1":"product","2":"type-product","3":"status-publish","4":"has-post-thumbnail","6":"product_cat-greske-mynter-en","8":"first","9":"instock","10":"shipping-taxable","11":"purchasable","12":"product-type-simple"},"acf":[],"_links":{"self":[{"href":"https:\/\/www.oslomyntgalleri.no\/en\/wp-json\/wp\/v2\/product\/135803","targetHints":{"allow":["GET"]}}],"collection":[{"href":"https:\/\/www.oslomyntgalleri.no\/en\/wp-json\/wp\/v2\/product"}],"about":[{"href":"https:\/\/www.oslomyntgalleri.no\/en\/wp-json\/wp\/v2\/types\/product"}],"wp:featuredmedia":[{"embeddable":true,"href":"https:\/\/www.oslomyntgalleri.no\/en\/wp-json\/wp\/v2\/media\/135804"}],"wp:attachment":[{"href":"https:\/\/www.oslomyntgalleri.no\/en\/wp-json\/wp\/v2\/media?parent=135803"}],"wp:term":[{"taxonomy":"product_brand","embeddable":true,"href":"https:\/\/www.oslomyntgalleri.no\/en\/wp-json\/wp\/v2\/product_brand?post=135803"},{"taxonomy":"product_cat","embeddable":true,"href":"https:\/\/www.oslomyntgalleri.no\/en\/wp-json\/wp\/v2\/product_cat?post=135803"},{"taxonomy":"product_tag","embeddable":true,"href":"https:\/\/www.oslomyntgalleri.no\/en\/wp-json\/wp\/v2\/product_tag?post=135803"}],"curies":[{"name":"wp","href":"https:\/\/api.w.org\/{rel}","templated":true}]}}