{"id":134486,"date":"2026-02-14T09:01:46","date_gmt":"2026-02-14T08:01:46","guid":{"rendered":"https:\/\/www.oslomyntgalleri.no\/?post_type=product&#038;p=134486"},"modified":"2026-03-29T13:14:20","modified_gmt":"2026-03-29T11:14:20","slug":"1805-brasil-6400-reis-johann-vi-143-g-917-gull-1701","status":"publish","type":"product","link":"https:\/\/www.oslomyntgalleri.no\/en\/produkt\/1805-brasil-6400-reis-johann-vi-143-g-917-gull-1701\/","title":{"rendered":"1805 Portugal 1 pe\u00e7a\/ 6400 reis Jo\u00e3o VI, Lisboa 14,3 g .917 gull, 1+\/01"},"content":{"rendered":"","protected":false},"excerpt":{"rendered":"<p>Portugal. Jo\u00e3o VI. 6400 r\u00e9is, 1805<br data-start=\"381\" data-end=\"384\" \/>Preget i Lisboa i en tid hvor Napoleons fremmarsj i Europa tvang det portugisiske monarkiet til \u00e5 forberede en omfattende flytting av sitt maktsentrum.<br data-start=\"535\" data-end=\"538\" \/>Under Jo\u00e3o VI of Portugal, som p\u00e5 dette tidspunkt regjerte som prinsregent, ble disse store gullval\u00f8rene videref\u00f8rt innenfor et pengesystem som i stor grad var basert p\u00e5 tilgangen til brasiliansk gull. Trusselen fra Napoleons ekspansjon og kravet om \u00e5 bryte forbindelsene med Storbritannia satte Portugal i en utsatt posisjon.<br data-start=\"864\" data-end=\"867\" \/>I m\u00f8te med den forest\u00e5ende invasjonen i 1807 tok Jo\u00e3o en avgj\u00f8rende beslutning: \u00e5 flytte hele det portugisiske hoffet og statsapparatet til Brasil. Overf\u00f8ringen, gjennomf\u00f8rt med st\u00f8tte fra den britiske marinen, innebar at tusenvis av personer samt store deler av rikets administrative og \u00f8konomiske struktur ble flyttet over Atlanterhavet.<br data-start=\"1206\" data-end=\"1209\" \/>Myntene fra denne fasen m\u00e5 sees som de siste utgavene preget med Lisboa som maktsentrum f\u00f8r denne ekstraordin\u00e6re omveltningen. Kort tid etter skulle Rio de Janeiro fungere som imperiets faktiske hovedstad, og myntproduksjonen f\u00e5 et nytt geografisk tyngdepunkt.<br data-start=\"1469\" data-end=\"1472\" \/>Jo\u00e3o VI fremst\u00e5r som en pragmatisk og tilpasningsdyktig hersker, som gjennom denne beslutningen sikret kontinuiteten i monarkiet i en tid hvor mange europeiske troner var truet.<br data-start=\"1649\" data-end=\"1652\" \/>Val\u00f8ren 6400 r\u00e9is, ofte omtalt som en pe\u00e7a, representerte toppniv\u00e5et blant de ordin\u00e6re gullmyntene i pengesystemet og tilsvarte en betydelig verdi i samtiden.<br data-start=\"1810\" data-end=\"1813\" \/>Med en vekt p\u00e5 ca. 14,3 gram gull (.917) var dette en mynt beregnet for st\u00f8rre transaksjoner og som oppbevaring av formue.<br data-start=\"1935\" data-end=\"1938\" \/>Mynttypen illustrerer en fase hvor politiske beslutninger og global konflikt direkte p\u00e5virket b\u00e5de rikets struktur og dets myntvesen.<br data-start=\"2071\" data-end=\"2074\" \/>Advers: Portrett av Jo\u00e3o VI.<br data-start=\"2102\" data-end=\"2105\" \/>Revers: Portugisisk riksv\u00e5pen under krone.<br data-start=\"2147\" data-end=\"2150\" \/>Myntpregested: Lisboa<br data-start=\"2171\" data-end=\"2174\" \/>Gull (.917), ca. 14,3 g.<br data-start=\"2198\" data-end=\"2201\" \/>En mynttype fra en avsluttende fase hvor Lisboa fortsatt var rikets sentrum, kort f\u00f8r makten ble flyttet til Brasil. <a href=\"https:\/\/www.oslomyntgalleri.no\/en\/produkt\/1805-brasil-6400-reis-johann-vi-143-g-917-gull-1701\/\"><\/a><\/p>\n","protected":false},"featured_media":134487,"template":"","meta":{"_acf_changed":false},"product_brand":[],"product_cat":[188,189,143],"product_tag":[],"class_list":{"0":"post-134486","1":"product","2":"type-product","3":"status-publish","4":"has-post-thumbnail","6":"product_cat-verden-en","7":"product_cat-europa-en","8":"product_cat-gullmynter-2-en","10":"first","11":"instock","12":"shipping-taxable","13":"purchasable","14":"product-type-simple"},"acf":[],"_links":{"self":[{"href":"https:\/\/www.oslomyntgalleri.no\/en\/wp-json\/wp\/v2\/product\/134486","targetHints":{"allow":["GET"]}}],"collection":[{"href":"https:\/\/www.oslomyntgalleri.no\/en\/wp-json\/wp\/v2\/product"}],"about":[{"href":"https:\/\/www.oslomyntgalleri.no\/en\/wp-json\/wp\/v2\/types\/product"}],"wp:featuredmedia":[{"embeddable":true,"href":"https:\/\/www.oslomyntgalleri.no\/en\/wp-json\/wp\/v2\/media\/134487"}],"wp:attachment":[{"href":"https:\/\/www.oslomyntgalleri.no\/en\/wp-json\/wp\/v2\/media?parent=134486"}],"wp:term":[{"taxonomy":"product_brand","embeddable":true,"href":"https:\/\/www.oslomyntgalleri.no\/en\/wp-json\/wp\/v2\/product_brand?post=134486"},{"taxonomy":"product_cat","embeddable":true,"href":"https:\/\/www.oslomyntgalleri.no\/en\/wp-json\/wp\/v2\/product_cat?post=134486"},{"taxonomy":"product_tag","embeddable":true,"href":"https:\/\/www.oslomyntgalleri.no\/en\/wp-json\/wp\/v2\/product_tag?post=134486"}],"curies":[{"name":"wp","href":"https:\/\/api.w.org\/{rel}","templated":true}]}}