{"id":134478,"date":"2026-02-13T09:01:41","date_gmt":"2026-02-13T08:01:41","guid":{"rendered":"https:\/\/www.oslomyntgalleri.no\/?post_type=product&#038;p=134478"},"modified":"2026-03-29T12:53:28","modified_gmt":"2026-03-29T10:53:28","slug":"1783-brasil-6400-reis-maria-og-pedro-1436-g-917-gull-1","status":"publish","type":"product","link":"https:\/\/www.oslomyntgalleri.no\/en\/produkt\/1783-brasil-6400-reis-maria-og-pedro-1436-g-917-gull-1\/","title":{"rendered":"1783 Brasil 6400 reis Maria og Pedro, 14,36 g .917 gull, 1+"},"content":{"rendered":"","protected":false},"excerpt":{"rendered":"<p>Brasil (Portugal). Maria I og Pedro III. 6400 r\u00e9is, 1783<\/p>\n<p>Den h\u00f8yeste ordin\u00e6re gullval\u00f8ren preget av den portugisiske kronen i denne perioden, basert p\u00e5 gull fra Brasil og med hoffet i Lisboa som naturlig maktsentrum.<br \/>\nUnder Maria I av Portugal, ofte omtalt som Maria den fromme (A Piedosa), og hennes gemal Pedro III of Portugal, ble de store gullval\u00f8rene preget med utgangspunkt i de betydelige gullressursene fra Brasil, s\u00e6rlig i Minas Gerais, i det s\u00f8r\u00f8stlige Brasil, et omr\u00e5de kjent for sine rike gullforekomster.<br \/>\nMyntene reflekterer et rike hvor rikdommen i \u00f8kende grad var knyttet til oversj\u00f8iske omr\u00e5der og kolonial utvinning.<br \/>\nUtgaver med dobbeltportrett av Maria og Pedro tilh\u00f8rer tradisjonen hvor regjerende monark og gemal fremstilles sammen, mens senere utgaver med Maria alene speiler hennes fortsatte regjeringstid etter Pedro IIIs d\u00f8d.<br \/>\nVal\u00f8ren 6400 r\u00e9is, ofte omtalt som en pe\u00e7a, representerte toppniv\u00e5et blant de ordin\u00e6re gullmyntene i pengesystemet og tilsvarte en betydelig verdi i samtiden.<br \/>\nMed en vekt p\u00e5 ca. 14,3 gram gull (.917) var dette en mynt beregnet for st\u00f8rre transaksjoner og som oppbevaring av formue.<br \/>\nMynttypen m\u00e5 ogs\u00e5 sees som en del av bakteppet for den senere utviklingen, hvor den portugisiske kongefamilien under Napoleonskrigene flyttet sitt hoff fra Lisboa til Rio de Janeiro.<br \/>\nDisse tidlige gullutgavene viser allerede Brasils sentrale rolle som \u00f8konomisk b\u00e6rebjelke i imperiet.<\/p>\n<p>Advers: Portrett av Maria I, eller dobbeltportrett av Maria I og Pedro III.<br \/>\nRevers: Portugisisk riksv\u00e5pen under krone.<br \/>\nMint: R &#8211; Rio de Janeiro<br \/>\nGull (.917), ca. 14,3 g.<\/p>\n<p>En mynttype fra en periode hvor brasiliansk gull dannet grunnlaget for en betydelig del av Portugals \u00f8konomiske styrke. <a href=\"https:\/\/www.oslomyntgalleri.no\/en\/produkt\/1783-brasil-6400-reis-maria-og-pedro-1436-g-917-gull-1\/\"><\/a><\/p>\n","protected":false},"featured_media":134479,"template":"","meta":{"_acf_changed":false},"product_brand":[],"product_cat":[188,189,143],"product_tag":[],"class_list":{"0":"post-134478","1":"product","2":"type-product","3":"status-publish","4":"has-post-thumbnail","6":"product_cat-verden-en","7":"product_cat-europa-en","8":"product_cat-gullmynter-2-en","10":"first","11":"instock","12":"shipping-taxable","13":"purchasable","14":"product-type-simple"},"acf":[],"_links":{"self":[{"href":"https:\/\/www.oslomyntgalleri.no\/en\/wp-json\/wp\/v2\/product\/134478","targetHints":{"allow":["GET"]}}],"collection":[{"href":"https:\/\/www.oslomyntgalleri.no\/en\/wp-json\/wp\/v2\/product"}],"about":[{"href":"https:\/\/www.oslomyntgalleri.no\/en\/wp-json\/wp\/v2\/types\/product"}],"wp:featuredmedia":[{"embeddable":true,"href":"https:\/\/www.oslomyntgalleri.no\/en\/wp-json\/wp\/v2\/media\/134479"}],"wp:attachment":[{"href":"https:\/\/www.oslomyntgalleri.no\/en\/wp-json\/wp\/v2\/media?parent=134478"}],"wp:term":[{"taxonomy":"product_brand","embeddable":true,"href":"https:\/\/www.oslomyntgalleri.no\/en\/wp-json\/wp\/v2\/product_brand?post=134478"},{"taxonomy":"product_cat","embeddable":true,"href":"https:\/\/www.oslomyntgalleri.no\/en\/wp-json\/wp\/v2\/product_cat?post=134478"},{"taxonomy":"product_tag","embeddable":true,"href":"https:\/\/www.oslomyntgalleri.no\/en\/wp-json\/wp\/v2\/product_tag?post=134478"}],"curies":[{"name":"wp","href":"https:\/\/api.w.org\/{rel}","templated":true}]}}