{"id":134474,"date":"2026-02-13T09:01:12","date_gmt":"2026-02-13T08:01:12","guid":{"rendered":"https:\/\/www.oslomyntgalleri.no\/?post_type=product&#038;p=134474"},"modified":"2026-03-29T12:54:16","modified_gmt":"2026-03-29T10:54:16","slug":"1801-brasil-6400-reis-maria-i-143-g-917-gull-1","status":"publish","type":"product","link":"https:\/\/www.oslomyntgalleri.no\/en\/produkt\/1801-brasil-6400-reis-maria-i-143-g-917-gull-1\/","title":{"rendered":"1801 Brasil 6400 reis Maria, 14,3 g .917 gull, 1+"},"content":{"rendered":"","protected":false},"excerpt":{"rendered":"<p>Brasil (Portugal). Maria I. 6400 r\u00e9is, 1801<br \/>\nDen h\u00f8yeste ordin\u00e6re gullval\u00f8ren preget av den portugisiske kronen i denne perioden, basert p\u00e5 gull fra Brasil og med hoffet i Lisboa som naturlig maktsentrum.<br \/>\nUnder Maria I av Portugal, ofte omtalt som Maria den fromme (A Piedosa), ble de store gullval\u00f8rene preget med utgangspunkt i de betydelige gullressursene fra Brasil, s\u00e6rlig i Minas Gerais, i det s\u00f8r\u00f8stlige Brasil, et omr\u00e5de kjent for sine rike gullforekomster.<br \/>\nMaria I ble kronet i 1777 og regjerte sammen med sin gemal Pedro III frem til hans d\u00f8d i 1786, 69 \u00e5r gammel. Hun fortsatte deretter som eneveldig monark frem til 1792, da hun p\u00e5 grunn av sykdom overlot de daglige regjeringsoppgavene til sin s\u00f8nn, Jo\u00e3o VI of Portugal, og hun d\u00f8de senere i 1816 i Rio de Janeiro.<br \/>\nUtgaver med Maria alene tilh\u00f8rer perioden etter Pedro IIIs d\u00f8d, hvor dronningen regjerte videre uten gemal, og hvor motivet i st\u00f8rre grad fremhever den regjerende herskeren alene.<br \/>\nMyntene reflekterer et rike hvor rikdommen i \u00f8kende grad var knyttet til oversj\u00f8iske omr\u00e5der og kolonial utvinning.<br \/>\nVal\u00f8ren 6400 r\u00e9is, ofte omtalt som en pe\u00e7a, representerte toppniv\u00e5et blant de ordin\u00e6re gullmyntene i pengesystemet og tilsvarte en betydelig verdi i samtiden.<br \/>\nMed en vekt p\u00e5 ca. 14,3 gram gull (.917) var dette en mynt beregnet for st\u00f8rre transaksjoner og som oppbevaring av formue.<br \/>\nMynttypen m\u00e5 ogs\u00e5 sees som en del av bakteppet for den senere utviklingen, hvor den portugisiske kongefamilien under Napoleonskrigene flyttet sitt hoff fra Lisboa til Rio de Janeiro.<br \/>\nDisse gullutgavene viser allerede Brasils sentrale rolle som \u00f8konomisk b\u00e6rebjelke i imperiet.<br \/>\nAdvers: Portrett av Maria I.<br \/>\nRevers: Portugisisk riksv\u00e5pen under krone.<br \/>\nMyntpregested: Rio de Janeiro<br \/>\nGull (.917), ca. 14,3 g.<br \/>\nEn mynttype som fremstiller Maria I som enehersker, preget gjennom store deler av hennes senere regjeringstid, og som videref\u00f8rte den \u00f8konomiske stabiliteten basert p\u00e5 gulltilf\u00f8rselen fra Brasil. <a href=\"https:\/\/www.oslomyntgalleri.no\/en\/produkt\/1801-brasil-6400-reis-maria-i-143-g-917-gull-1\/\"><\/a><\/p>\n","protected":false},"featured_media":134475,"template":"","meta":{"_acf_changed":false},"product_brand":[],"product_cat":[188,189,143],"product_tag":[],"class_list":{"0":"post-134474","1":"product","2":"type-product","3":"status-publish","4":"has-post-thumbnail","6":"product_cat-verden-en","7":"product_cat-europa-en","8":"product_cat-gullmynter-2-en","10":"first","11":"instock","12":"shipping-taxable","13":"purchasable","14":"product-type-simple"},"acf":[],"_links":{"self":[{"href":"https:\/\/www.oslomyntgalleri.no\/en\/wp-json\/wp\/v2\/product\/134474","targetHints":{"allow":["GET"]}}],"collection":[{"href":"https:\/\/www.oslomyntgalleri.no\/en\/wp-json\/wp\/v2\/product"}],"about":[{"href":"https:\/\/www.oslomyntgalleri.no\/en\/wp-json\/wp\/v2\/types\/product"}],"wp:featuredmedia":[{"embeddable":true,"href":"https:\/\/www.oslomyntgalleri.no\/en\/wp-json\/wp\/v2\/media\/134475"}],"wp:attachment":[{"href":"https:\/\/www.oslomyntgalleri.no\/en\/wp-json\/wp\/v2\/media?parent=134474"}],"wp:term":[{"taxonomy":"product_brand","embeddable":true,"href":"https:\/\/www.oslomyntgalleri.no\/en\/wp-json\/wp\/v2\/product_brand?post=134474"},{"taxonomy":"product_cat","embeddable":true,"href":"https:\/\/www.oslomyntgalleri.no\/en\/wp-json\/wp\/v2\/product_cat?post=134474"},{"taxonomy":"product_tag","embeddable":true,"href":"https:\/\/www.oslomyntgalleri.no\/en\/wp-json\/wp\/v2\/product_tag?post=134474"}],"curies":[{"name":"wp","href":"https:\/\/api.w.org\/{rel}","templated":true}]}}