{"id":134346,"date":"2026-02-08T09:00:29","date_gmt":"2026-02-08T08:00:29","guid":{"rendered":"https:\/\/www.oslomyntgalleri.no\/?post_type=product&#038;p=134346"},"modified":"2026-03-22T00:42:43","modified_gmt":"2026-03-21T23:42:43","slug":"66-70-e-kr-judaea-ar-shekel-forste-oppror-1350-g-jerusalem-1-01","status":"publish","type":"product","link":"https:\/\/www.oslomyntgalleri.no\/en\/produkt\/66-70-e-kr-judaea-ar-shekel-forste-oppror-1350-g-jerusalem-1-01\/","title":{"rendered":"66-70 e. Kr. Judaea AR shekel, f\u00f8rste oppr\u00f8r, 13,50 g, Jerusalem, 1+\/01"},"content":{"rendered":"","protected":false},"excerpt":{"rendered":"<p data-start=\"380\" data-end=\"449\"><strong data-start=\"380\" data-end=\"449\">Judaea. F\u00f8rste j\u00f8diske oppr\u00f8r (66\u201370 e.Kr.). AR shekel, Jerusalem<\/strong><\/p>\n<p data-start=\"451\" data-end=\"540\">En historisk betydningsfull s\u00f8lvmynt preget under det j\u00f8diske oppr\u00f8ret mot romersk styre.<\/p>\n<p data-start=\"542\" data-end=\"876\">Utgitt i Jerusalem under oppstanden mot <span class=\"hover:entity-accent entity-underline inline cursor-pointer align-baseline\"><span class=\"whitespace-normal\">Nero<\/span><\/span>, representerer disse sheklene et sjeldent uttrykk for politisk og religi\u00f8s selvstendighet. Inskripsjonene i arkaisk hebraisk og de tradisjonelle motivene reflekterer en bevisst tilbakevending til eldre j\u00f8diske tradisjoner i opposisjon til romersk dominans.<\/p>\n<p data-start=\"878\" data-end=\"959\">S\u00f8lv, 13,50 g. 22 mm. Preget kl. 12.<br data-start=\"914\" data-end=\"917\" \/>Datert til \u00e5r 3 av oppr\u00f8ret (68\/69 e.Kr.).<\/p>\n<p data-start=\"961\" data-end=\"1110\">Advers: Omerbeger; \u00e5rstall over, inskripsjon \u201cShekel av Israel\u201d p\u00e5 hebraisk.<br data-start=\"1037\" data-end=\"1040\" \/>Revers: Gren med tre granatepler; \u201cJerusalem den hellige\u201d p\u00e5 hebraisk.<\/p>\n<p data-start=\"1112\" data-end=\"1166\">Referanser: Hendin 1361; Meshorer 202; Kadman 20 m.fl.<\/p>\n<p data-start=\"1168\" data-end=\"1275\">Lett patina, noe ruhet og mindre lagdelinger i metallet, samt kantmerker. N\u00e6r sv\u00e6rt pen kvalitet (Near EF).<\/p>\n<p data-start=\"1277\" data-end=\"1398\">En klassisk og etterspurt type med sterk historisk forankring i hendelsene som kulminerte i Jerusalems fall i \u00e5r 70 e.Kr.<\/p>\n<p> <a href=\"https:\/\/www.oslomyntgalleri.no\/en\/produkt\/66-70-e-kr-judaea-ar-shekel-forste-oppror-1350-g-jerusalem-1-01\/\"><\/a><\/p>\n","protected":false},"featured_media":134631,"template":"","meta":{"_acf_changed":false},"product_brand":[],"product_cat":[142],"product_tag":[],"class_list":{"0":"post-134346","1":"product","2":"type-product","3":"status-publish","4":"has-post-thumbnail","6":"product_cat-greske-mynter-en","8":"first","9":"instock","10":"shipping-taxable","11":"purchasable","12":"product-type-simple"},"acf":[],"_links":{"self":[{"href":"https:\/\/www.oslomyntgalleri.no\/en\/wp-json\/wp\/v2\/product\/134346","targetHints":{"allow":["GET"]}}],"collection":[{"href":"https:\/\/www.oslomyntgalleri.no\/en\/wp-json\/wp\/v2\/product"}],"about":[{"href":"https:\/\/www.oslomyntgalleri.no\/en\/wp-json\/wp\/v2\/types\/product"}],"wp:featuredmedia":[{"embeddable":true,"href":"https:\/\/www.oslomyntgalleri.no\/en\/wp-json\/wp\/v2\/media\/134631"}],"wp:attachment":[{"href":"https:\/\/www.oslomyntgalleri.no\/en\/wp-json\/wp\/v2\/media?parent=134346"}],"wp:term":[{"taxonomy":"product_brand","embeddable":true,"href":"https:\/\/www.oslomyntgalleri.no\/en\/wp-json\/wp\/v2\/product_brand?post=134346"},{"taxonomy":"product_cat","embeddable":true,"href":"https:\/\/www.oslomyntgalleri.no\/en\/wp-json\/wp\/v2\/product_cat?post=134346"},{"taxonomy":"product_tag","embeddable":true,"href":"https:\/\/www.oslomyntgalleri.no\/en\/wp-json\/wp\/v2\/product_tag?post=134346"}],"curies":[{"name":"wp","href":"https:\/\/api.w.org\/{rel}","templated":true}]}}