{"id":134341,"date":"2026-02-08T09:01:17","date_gmt":"2026-02-08T08:01:17","guid":{"rendered":"https:\/\/www.oslomyntgalleri.no\/?post_type=product&#038;p=134341"},"modified":"2026-04-06T00:04:11","modified_gmt":"2026-04-05T22:04:11","slug":"av-solidus-constantin-ii-337-361-e-kr-441-g-antioch-0-01","status":"publish","type":"product","link":"https:\/\/www.oslomyntgalleri.no\/en\/produkt\/av-solidus-constantin-ii-337-361-e-kr-441-g-antioch-0-01\/","title":{"rendered":"AV solidus Constantin II (337-361 e. Kr.), Antioch"},"content":{"rendered":"","protected":false},"excerpt":{"rendered":"<p>Senromerriket. Constantius II. AV Solidus, Antiokia, ca. 347\u2013355<br \/>\nPreget i Antiokia mellom ca. 347 og 355, i en periode hvor Constantius II fortsatt delte makten med andre keisere, men gradvis konsoliderte sin posisjon innen riket.<br \/>\nConstantius II var s\u00f8nn av Konstantin den store og regjerte som Augustus fra 337 til 361. Hans styre var preget av maktkamp innen keiserfamilien, konflikt med ytre fiender og en videref\u00f8ring av den kristne keiserpolitikken. Etter flere \u00e5r med delt styre stod han fra midten av \u00e5rhundret igjen som enehersker, og fremst\u00e5r som en sentral skikkelse i overgangen mellom det klassiske Romerriket og den senere bysantinske tradisjonen.<br \/>\nAdversen viser keiseren med perlediadem, drapering og rustning, en formalisert portretttype som understreker b\u00e5de verdighet og milit\u00e6r autoritet. Reversen viser Roma og Konstantinopel sittende vendt mot hverandre, sammen holdende et skjold med innskriften VOT XX MVLT XXX. Motivet uttrykker kontinuitet og stabilitet i riket, hvor de to keiserlige sentrene fremstilles som b\u00e6rere av den romerske statens videre best\u00e5en.<br \/>\nMyntpregested: Antiokia<br \/>\nMaterial: Gull<br \/>\nVekt: 4,41 g<br \/>\nDiameter: ca. 20 mm<br \/>\nKv. 0\/01 &#8211; en virkelig i\u00f8ynefallende mynt<\/p>\n<pre id=\"tw-target-text\" class=\"tw-data-text tw-text-large tw-ta\" dir=\"ltr\" tabindex=\"-1\" role=\"text\" data-placeholder=\"\u00dcbersetzung\" data-ved=\"2ahUKEwif-u2p29eTAxV-GRAIHW2KHsAQ3ewLegQIDxAW\" aria-label=\"\u00dcbersetzter Text: i\u00f8ynefallende\"><\/pre>\n<p> <a href=\"https:\/\/www.oslomyntgalleri.no\/en\/produkt\/av-solidus-constantin-ii-337-361-e-kr-441-g-antioch-0-01\/\"><\/a><\/p>\n","protected":false},"featured_media":134342,"template":"","meta":{"_acf_changed":false},"product_brand":[],"product_cat":[139,143],"product_tag":[],"class_list":{"0":"post-134341","1":"product","2":"type-product","3":"status-publish","4":"has-post-thumbnail","6":"product_cat-bysantinske-mynter-en","7":"product_cat-gullmynter-2-en","9":"first","10":"instock","11":"shipping-taxable","12":"purchasable","13":"product-type-simple"},"acf":[],"_links":{"self":[{"href":"https:\/\/www.oslomyntgalleri.no\/en\/wp-json\/wp\/v2\/product\/134341","targetHints":{"allow":["GET"]}}],"collection":[{"href":"https:\/\/www.oslomyntgalleri.no\/en\/wp-json\/wp\/v2\/product"}],"about":[{"href":"https:\/\/www.oslomyntgalleri.no\/en\/wp-json\/wp\/v2\/types\/product"}],"wp:featuredmedia":[{"embeddable":true,"href":"https:\/\/www.oslomyntgalleri.no\/en\/wp-json\/wp\/v2\/media\/134342"}],"wp:attachment":[{"href":"https:\/\/www.oslomyntgalleri.no\/en\/wp-json\/wp\/v2\/media?parent=134341"}],"wp:term":[{"taxonomy":"product_brand","embeddable":true,"href":"https:\/\/www.oslomyntgalleri.no\/en\/wp-json\/wp\/v2\/product_brand?post=134341"},{"taxonomy":"product_cat","embeddable":true,"href":"https:\/\/www.oslomyntgalleri.no\/en\/wp-json\/wp\/v2\/product_cat?post=134341"},{"taxonomy":"product_tag","embeddable":true,"href":"https:\/\/www.oslomyntgalleri.no\/en\/wp-json\/wp\/v2\/product_tag?post=134341"}],"curies":[{"name":"wp","href":"https:\/\/api.w.org\/{rel}","templated":true}]}}