{"id":134284,"date":"2026-02-07T09:01:06","date_gmt":"2026-02-07T08:01:06","guid":{"rendered":"https:\/\/www.oslomyntgalleri.no\/?post_type=product&#038;p=134284"},"modified":"2026-04-27T13:57:10","modified_gmt":"2026-04-27T11:57:10","slug":"av-aureus-faustina-junior-augusta-147-175-e-kr-717-g-roma-1-01","status":"publish","type":"product","link":"https:\/\/www.oslomyntgalleri.no\/en\/produkt\/av-aureus-faustina-junior-augusta-147-175-e-kr-717-g-roma-1-01\/","title":{"rendered":"150-152 e.Kr. AV aureus Faustina Junior Augusta (147-175 e. Kr.), 7,17 g, Roma, 1+\/01"},"content":{"rendered":"","protected":false},"excerpt":{"rendered":"<p data-start=\"1003\" data-end=\"1230\">Romerriket. <span class=\"hover:entity-accent entity-underline inline cursor-pointer align-baseline\"><span class=\"whitespace-normal\">Faustina the Younger<\/span><\/span>. AV aureus, ca. 145\u2013161 e.Kr., Roma<br data-start=\"1088\" data-end=\"1091\" \/>En klassisk romersk gullmynt fra Antoniner-tiden, preget i en periode som ofte regnes som en av imperiets mest stabile og velordnede faser.<\/p>\n<p data-start=\"1232\" data-end=\"1547\">Faustina den yngre var datter av keiser Antoninus Pius og senere hustru til Marcus Aurelius, og inntok dermed en sentral rolle i det dynastiske systemet som sikret kontinuitet i det romerske keiserd\u00f8mmet. Som Augusta representerte hun ikke bare keiserens gemal, men ogs\u00e5 en b\u00e6rer av slektens legitimitet og fremtid.<\/p>\n<p data-start=\"1549\" data-end=\"1800\">Myntpregningen under hennes navn m\u00e5 sees i lys av denne rollen. Portrettet viser en idealisert, men samtidig individuelt utformet fremstilling, med en fin og presis gravering som understreker myntens status som offisiell representasjon av keiserhuset.<\/p>\n<p data-start=\"1802\" data-end=\"2044\">Reversmotivet viser Venus Genetrix, en guddom knyttet til fruktbarhet, slektskap og guddommelig opphav. Valget av dette motivet er n\u00e6rt forbundet med keiserfamiliens selvforst\u00e5else og \u00f8nsket om \u00e5 fremheve dynastisk kontinuitet og legitimitet.<\/p>\n<p data-start=\"2046\" data-end=\"2209\">Advers: Drapert byste av Faustina den yngre mot h\u00f8yre.<br data-start=\"2100\" data-end=\"2103\" \/>Revers: Venus st\u00e5ende mot venstre, holdende septer og utstrakt h\u00e5nd.<br data-start=\"2171\" data-end=\"2174\" \/>Gull (AV), 7,17 g.<br data-start=\"2192\" data-end=\"2195\" \/>Preget i Roma.<br \/>\nMynten er i tiltalende kvalitet med bevart preg av original glans, med et lite kanthakk og noe svakere preg i de ytre delene av motivet.<br \/>\nEx Leu sale 7, in 1973.<\/p>\n<p data-start=\"2211\" data-end=\"2386\">En aureus av h\u00f8y kunstnerisk kvalitet, hvor portrett og motiv sammen uttrykker den romerske keiserfamiliens politiske og ideologiske grunnlag i midten av det 2. \u00e5rhundre e.Kr.<\/p>\n<p> <a href=\"https:\/\/www.oslomyntgalleri.no\/en\/produkt\/av-aureus-faustina-junior-augusta-147-175-e-kr-717-g-roma-1-01\/\"><\/a><\/p>\n","protected":false},"featured_media":134201,"template":"","meta":{"_acf_changed":false},"product_brand":[],"product_cat":[45,89,22],"product_tag":[],"class_list":{"0":"post-134284","1":"product","2":"type-product","3":"status-publish","4":"has-post-thumbnail","6":"product_cat-gullmynter-2","7":"product_cat-romersk-keisertid","8":"product_cat-romerske-mynter","10":"first","11":"outofstock","12":"shipping-taxable","13":"purchasable","14":"product-type-simple"},"acf":[],"_links":{"self":[{"href":"https:\/\/www.oslomyntgalleri.no\/en\/wp-json\/wp\/v2\/product\/134284","targetHints":{"allow":["GET"]}}],"collection":[{"href":"https:\/\/www.oslomyntgalleri.no\/en\/wp-json\/wp\/v2\/product"}],"about":[{"href":"https:\/\/www.oslomyntgalleri.no\/en\/wp-json\/wp\/v2\/types\/product"}],"wp:featuredmedia":[{"embeddable":true,"href":"https:\/\/www.oslomyntgalleri.no\/en\/wp-json\/wp\/v2\/media\/134201"}],"wp:attachment":[{"href":"https:\/\/www.oslomyntgalleri.no\/en\/wp-json\/wp\/v2\/media?parent=134284"}],"wp:term":[{"taxonomy":"product_brand","embeddable":true,"href":"https:\/\/www.oslomyntgalleri.no\/en\/wp-json\/wp\/v2\/product_brand?post=134284"},{"taxonomy":"product_cat","embeddable":true,"href":"https:\/\/www.oslomyntgalleri.no\/en\/wp-json\/wp\/v2\/product_cat?post=134284"},{"taxonomy":"product_tag","embeddable":true,"href":"https:\/\/www.oslomyntgalleri.no\/en\/wp-json\/wp\/v2\/product_tag?post=134284"}],"curies":[{"name":"wp","href":"https:\/\/api.w.org\/{rel}","templated":true}]}}