{"id":134265,"date":"2026-02-05T09:01:51","date_gmt":"2026-02-05T08:01:51","guid":{"rendered":"https:\/\/www.oslomyntgalleri.no\/?post_type=product&#038;p=134265"},"modified":"2026-04-05T12:32:41","modified_gmt":"2026-04-05T10:32:41","slug":"bysants-av-histamenon-basil-ii-976-1025-434-g-constantinople-01","status":"publish","type":"product","link":"https:\/\/www.oslomyntgalleri.no\/en\/produkt\/bysants-av-histamenon-basil-ii-976-1025-434-g-constantinople-01\/","title":{"rendered":"Bysants AV histamenon Basil II (976-1025) , 4,34 g, Constantinople, 01"},"content":{"rendered":"","protected":false},"excerpt":{"rendered":"<p>Bysants. <span class=\"hover:entity-accent entity-underline inline cursor-pointer align-baseline\"><span class=\"whitespace-normal\">Basil II<\/span><\/span> og <span class=\"hover:entity-accent entity-underline inline cursor-pointer align-baseline\"><span class=\"whitespace-normal\">Constantine VIII<\/span><\/span>. AV Histamenon Nomisma, Konstantinopel, ca. 977<br data-start=\"308\" data-end=\"311\" \/>Preget i Konstantinopel under det bysantinske riket, en direkte videref\u00f8ring av Romerriket og et imperium hvor keiserlig makt var tett knyttet til kristen ideologi.<br data-start=\"475\" data-end=\"478\" \/>Basil II, kjent som \u201cBulgaroktonos\u201d, regjerte i n\u00e6rmere femti \u00e5r og styrket riket b\u00e5de milit\u00e6rt og administrativt, s\u00e6rlig gjennom sine felttog mot det bulgarske riket. Hans bror Constantine VIII var medkeiser gjennom store deler av perioden, men spilte en mer tilbaketrukket rolle.<br data-start=\"759\" data-end=\"762\" \/>Adversen viser Kristus Pantokrator frontalt, et motiv som understreker den guddommelige autoriteten bak keiserens styre. Reversen fremstiller de to keiserne side om side, kronet og vendt mot betrakteren, med en patriarkalsk korsstav mellom seg. Komposisjonen er stram og symmetrisk, og uttrykker b\u00e5de delt keisermakt og forbindelsen mellom kirke og stat, hvor den jordiske makten legitimeres gjennom den himmelske.<br data-start=\"1176\" data-end=\"1179\" \/>Myntpregested: Konstantinopel<br data-start=\"1208\" data-end=\"1211\" \/>Kv. 01 med stempelrust (preget med rustent stempel)<br \/>\nMaterial: Gull<br data-start=\"1225\" data-end=\"1228\" \/>Vekt: 4,34 g<br data-start=\"1240\" data-end=\"1243\" \/>Diameter: 21,5 mm <a href=\"https:\/\/www.oslomyntgalleri.no\/en\/produkt\/bysants-av-histamenon-basil-ii-976-1025-434-g-constantinople-01\/\"><\/a><\/p>\n","protected":false},"featured_media":134266,"template":"","meta":{"_acf_changed":false},"product_brand":[],"product_cat":[139,143],"product_tag":[],"class_list":{"0":"post-134265","1":"product","2":"type-product","3":"status-publish","4":"has-post-thumbnail","6":"product_cat-bysantinske-mynter-en","7":"product_cat-gullmynter-2-en","9":"first","10":"instock","11":"shipping-taxable","12":"purchasable","13":"product-type-simple"},"acf":[],"_links":{"self":[{"href":"https:\/\/www.oslomyntgalleri.no\/en\/wp-json\/wp\/v2\/product\/134265","targetHints":{"allow":["GET"]}}],"collection":[{"href":"https:\/\/www.oslomyntgalleri.no\/en\/wp-json\/wp\/v2\/product"}],"about":[{"href":"https:\/\/www.oslomyntgalleri.no\/en\/wp-json\/wp\/v2\/types\/product"}],"wp:featuredmedia":[{"embeddable":true,"href":"https:\/\/www.oslomyntgalleri.no\/en\/wp-json\/wp\/v2\/media\/134266"}],"wp:attachment":[{"href":"https:\/\/www.oslomyntgalleri.no\/en\/wp-json\/wp\/v2\/media?parent=134265"}],"wp:term":[{"taxonomy":"product_brand","embeddable":true,"href":"https:\/\/www.oslomyntgalleri.no\/en\/wp-json\/wp\/v2\/product_brand?post=134265"},{"taxonomy":"product_cat","embeddable":true,"href":"https:\/\/www.oslomyntgalleri.no\/en\/wp-json\/wp\/v2\/product_cat?post=134265"},{"taxonomy":"product_tag","embeddable":true,"href":"https:\/\/www.oslomyntgalleri.no\/en\/wp-json\/wp\/v2\/product_tag?post=134265"}],"curies":[{"name":"wp","href":"https:\/\/api.w.org\/{rel}","templated":true}]}}