{"id":133554,"date":"2026-01-19T09:01:38","date_gmt":"2026-01-19T08:01:38","guid":{"rendered":"https:\/\/www.oslomyntgalleri.no\/?post_type=product&#038;p=133554"},"modified":"2026-01-19T09:01:39","modified_gmt":"2026-01-19T08:01:39","slug":"danmark-belonningsmedalje-christian-x-forgylt-solv-23-mm-0-01","status":"publish","type":"product","link":"https:\/\/www.oslomyntgalleri.no\/en\/produkt\/danmark-belonningsmedalje-christian-x-forgylt-solv-23-mm-0-01\/","title":{"rendered":"Danmark bel\u00f8nningsmedalje Christian X, forgylt s\u00f8lv, 23 mm, uorig. b\u00e5nd, 0\/01"},"content":{"rendered":"","protected":false},"excerpt":{"rendered":"<p>I etui. <a href=\"https:\/\/www.oslomyntgalleri.no\/en\/produkt\/danmark-belonningsmedalje-christian-x-forgylt-solv-23-mm-0-01\/\"><\/a><\/p>\n","protected":false},"featured_media":133556,"template":"","meta":{"_acf_changed":false},"product_brand":[],"product_cat":[147],"product_tag":[],"class_list":{"0":"post-133554","1":"product","2":"type-product","3":"status-publish","4":"has-post-thumbnail","6":"product_cat-medaljer-verden-en","8":"first","9":"instock","10":"shipping-taxable","11":"purchasable","12":"product-type-simple"},"acf":[],"_links":{"self":[{"href":"https:\/\/www.oslomyntgalleri.no\/en\/wp-json\/wp\/v2\/product\/133554","targetHints":{"allow":["GET"]}}],"collection":[{"href":"https:\/\/www.oslomyntgalleri.no\/en\/wp-json\/wp\/v2\/product"}],"about":[{"href":"https:\/\/www.oslomyntgalleri.no\/en\/wp-json\/wp\/v2\/types\/product"}],"wp:featuredmedia":[{"embeddable":true,"href":"https:\/\/www.oslomyntgalleri.no\/en\/wp-json\/wp\/v2\/media\/133556"}],"wp:attachment":[{"href":"https:\/\/www.oslomyntgalleri.no\/en\/wp-json\/wp\/v2\/media?parent=133554"}],"wp:term":[{"taxonomy":"product_brand","embeddable":true,"href":"https:\/\/www.oslomyntgalleri.no\/en\/wp-json\/wp\/v2\/product_brand?post=133554"},{"taxonomy":"product_cat","embeddable":true,"href":"https:\/\/www.oslomyntgalleri.no\/en\/wp-json\/wp\/v2\/product_cat?post=133554"},{"taxonomy":"product_tag","embeddable":true,"href":"https:\/\/www.oslomyntgalleri.no\/en\/wp-json\/wp\/v2\/product_tag?post=133554"}],"curies":[{"name":"wp","href":"https:\/\/api.w.org\/{rel}","templated":true}]}}