{"id":132776,"date":"2026-01-01T09:01:46","date_gmt":"2026-01-01T08:01:46","guid":{"rendered":"https:\/\/www.oslomyntgalleri.no\/?post_type=product&#038;p=132776"},"modified":"2026-03-22T12:03:08","modified_gmt":"2026-03-22T11:03:08","slug":"ptolemaic-kings-of-egypt-av-1-2-mnaieion-tetradrachm-ptolemy-ii-philadelphos-285-246-bc-with-arsinoe-ii-ptolemy-i-and-berenike-i-1382-g-harlines-pa-adv-1","status":"publish","type":"product","link":"https:\/\/www.oslomyntgalleri.no\/en\/produkt\/ptolemaic-kings-of-egypt-av-1-2-mnaieion-tetradrachm-ptolemy-ii-philadelphos-285-246-bc-with-arsinoe-ii-ptolemy-i-and-berenike-i-1382-g-harlines-pa-adv-1\/","title":{"rendered":"PTOLEMEISKE KONGER AV EGYPT AV 1\/2 mnaieion \u2013 &#8216;tetradrakme&#8217; Ptolemaios II Filadelfos (285\u2013246 f.Kr.), med Arsino\u00eb II, Ptolemaios I og Berenike I, 13,82 g, h\u00e5rlines p\u00e5 adv., 1+"},"content":{"rendered":"","protected":false},"excerpt":{"rendered":"<p data-start=\"144\" data-end=\"274\"><strong data-start=\"144\" data-end=\"274\">Ptolemeerdynastiet i Egypt. <span class=\"hover:entity-accent entity-underline inline cursor-pointer align-baseline\"><span class=\"whitespace-normal\">Ptolemaios II Filadelfos<\/span><\/span> (285\u2013246 f.Kr.). AV halvmnaieion (\u201ctetradrakme\u201d), Alexandria<\/strong><\/p>\n<p data-start=\"276\" data-end=\"406\">En betydningsfull gullmynt fra det ptolemeiske Egypt, et av de rikeste og mest innflytelsesrike rikene i den hellenistiske verden.<\/p>\n<p data-start=\"408\" data-end=\"770\">Under <span class=\"hover:entity-accent entity-underline inline cursor-pointer align-baseline\"><span class=\"whitespace-normal\">Ptolemaios II Filadelfos<\/span><\/span> n\u00e5dde Egypt en periode med \u00f8konomisk styrke og kulturell blomstring, med Alexandria som et ledende sentrum for handel, l\u00e6rdom og administrasjon. Myntpregningen reflekterer et velorganisert og ressurssterkt konged\u00f8mme med kontroll over betydelige rikdommer, s\u00e6rlig gjennom jordbruk og handel langs Nilen og Middelhavet.<\/p>\n<p data-start=\"772\" data-end=\"1298\">Mynten fremhever det ptolemeiske dynastiets legitimitet gjennom en bevisst iscenesettelse av herskerfamilien. Forsiden viser <span class=\"hover:entity-accent entity-underline inline cursor-pointer align-baseline\"><span class=\"whitespace-normal\">Ptolemaios II Filadelfos<\/span><\/span> sammen med hans s\u00f8ster og hustru <span class=\"hover:entity-accent entity-underline inline cursor-pointer align-baseline\"><span class=\"whitespace-normal\">Arsinoe II<\/span><\/span>, ledsaget av innskriften \u0391\u0394\u0395\u039b\u03a6\u03a9\u039d (\u201cav s\u00f8sknene\u201d). Denne betegnelsen er et bevisst politisk uttrykk som understreker deres n\u00e6re forbindelse og opph\u00f8yde dynastiske status. Baksiden avbilder dynastiets grunnleggere, <span class=\"hover:entity-accent entity-underline inline cursor-pointer align-baseline\"><span class=\"whitespace-normal\">Ptolemaios I Soter<\/span><\/span> og <span class=\"hover:entity-accent entity-underline inline cursor-pointer align-baseline\"><span class=\"whitespace-normal\">Berenike I<\/span><\/span>.<\/p>\n<p data-start=\"1300\" data-end=\"1435\">Gull, 13,90 g. 20 mm. Preget kl. 12.<br data-start=\"1336\" data-end=\"1339\" \/>Preget i Alexandria ca. 270\/265\u2013261\/260 f.Kr.<br data-start=\"1384\" data-end=\"1387\" \/>AV halvmnaieion (ofte omtalt som \u201ctetradrakme\u201d).<\/p>\n<p data-start=\"1437\" data-end=\"1622\">Advers: Sammenstilte byster av Ptolemaios II og Arsinoe II mot h\u00f8yre; A\u0394E\u039b\u03a6\u03a9N over, galatisk skjold i bakgrunnen.<br data-start=\"1550\" data-end=\"1553\" \/>Revers: Sammenstilte byster av Ptolemaios I og Berenike I; \u0398E\u03a9N over.<\/p>\n<p data-start=\"1624\" data-end=\"1680\">Referanser: Svoronos 604; SNG Copenhagen 133; Noeske 38.<\/p>\n<p data-start=\"1682\" data-end=\"1730\">Hairlines. God kvalitet VF \/ 1+<\/p>\n<p data-start=\"1732\" data-end=\"1843\">En karakteristisk og etterspurt type som tydelig uttrykker det ptolemeiske dynastiets makt og selvfremstilling.<\/p>\n<p>Ex. CNG Electronic 334\/180 <a href=\"https:\/\/www.oslomyntgalleri.no\/en\/produkt\/ptolemaic-kings-of-egypt-av-1-2-mnaieion-tetradrachm-ptolemy-ii-philadelphos-285-246-bc-with-arsinoe-ii-ptolemy-i-and-berenike-i-1382-g-harlines-pa-adv-1\/\"><\/a><\/p>\n","protected":false},"featured_media":132779,"template":"","meta":{"_acf_changed":false},"product_brand":[],"product_cat":[143,142],"product_tag":[],"class_list":{"0":"post-132776","1":"product","2":"type-product","3":"status-publish","4":"has-post-thumbnail","6":"product_cat-gullmynter-2-en","7":"product_cat-greske-mynter-en","9":"first","10":"instock","11":"shipping-taxable","12":"purchasable","13":"product-type-simple"},"acf":[],"_links":{"self":[{"href":"https:\/\/www.oslomyntgalleri.no\/en\/wp-json\/wp\/v2\/product\/132776","targetHints":{"allow":["GET"]}}],"collection":[{"href":"https:\/\/www.oslomyntgalleri.no\/en\/wp-json\/wp\/v2\/product"}],"about":[{"href":"https:\/\/www.oslomyntgalleri.no\/en\/wp-json\/wp\/v2\/types\/product"}],"wp:featuredmedia":[{"embeddable":true,"href":"https:\/\/www.oslomyntgalleri.no\/en\/wp-json\/wp\/v2\/media\/132779"}],"wp:attachment":[{"href":"https:\/\/www.oslomyntgalleri.no\/en\/wp-json\/wp\/v2\/media?parent=132776"}],"wp:term":[{"taxonomy":"product_brand","embeddable":true,"href":"https:\/\/www.oslomyntgalleri.no\/en\/wp-json\/wp\/v2\/product_brand?post=132776"},{"taxonomy":"product_cat","embeddable":true,"href":"https:\/\/www.oslomyntgalleri.no\/en\/wp-json\/wp\/v2\/product_cat?post=132776"},{"taxonomy":"product_tag","embeddable":true,"href":"https:\/\/www.oslomyntgalleri.no\/en\/wp-json\/wp\/v2\/product_tag?post=132776"}],"curies":[{"name":"wp","href":"https:\/\/api.w.org\/{rel}","templated":true}]}}