{"id":132543,"date":"2025-12-24T09:02:50","date_gmt":"2025-12-24T08:02:50","guid":{"rendered":"https:\/\/www.oslomyntgalleri.no\/?post_type=product&#038;p=132543"},"modified":"2026-05-03T17:55:22","modified_gmt":"2026-05-03T15:55:22","slug":"30-29-f-kr-ar-denarius-octavian-44-27-f-kr-triumvir-374-g-italia-1","status":"publish","type":"product","link":"https:\/\/www.oslomyntgalleri.no\/en\/produkt\/30-29-f-kr-ar-denarius-octavian-44-27-f-kr-triumvir-374-g-italia-1\/","title":{"rendered":"30-29 f. Kr. AR denarius Octavian, 1+"},"content":{"rendered":"","protected":false},"excerpt":{"rendered":"<p class=\"font-claude-response-body break-words whitespace-normal leading-[1.7]\"><strong>AR denarius (imperatorial), Octavian, 30\u201329 f. Kr.<\/strong><\/p>\n<p class=\"font-claude-response-body break-words whitespace-normal leading-[1.7]\"><em>Plassert under keisertid av praktiske hensyn \u2014 mynten ble preget f\u00f8r Augustus-tittelen ble gitt i 27 f. Kr., men tilh\u00f8rer den perioden da Octavian allerede var ener\u00e5dende hersker over den romerske verden.<\/em><\/p>\n<p class=\"font-claude-response-body break-words whitespace-normal leading-[1.7]\">Forsiden viser Octavians barhode mot h\u00f8yre, uten innskrift. P\u00e5 baksiden gjengis fasaden av Curia Julia \u2014 det romerske senatsbygget \u2014 med fire s\u00f8yler, innskriften IMP CAESAR p\u00e5 architraven, en sittende figur i gavlfeltet og Victoria st\u00e5ende p\u00e5 en globus \u00f8verst p\u00e5 taket. Curia Julia var p\u00e5begynt av Julius Caesar rundt 45 f. Kr. og sto uferdig da han ble myrdet. Octavian fullf\u00f8rte bygget i 29 f. Kr. \u2014 samme \u00e5r som denne mynten ble preget. At han valgte akkurat dette motivet er ingen tilfeldighet: \u00e5 overlevere Caesars ufullendte prosjekt til senatet var en erkl\u00e6ring om kontinuitet, legitimitet og orden etter ti\u00e5r med borgerkrig. Antonius og Kleopatra var d\u00f8de. Verden hadde f\u00e5tt \u00e9n herre \u2014 og han bygde ferdig farens hus.<\/p>\n<p>Romersk republikken, imperatorial utgave<br \/>\nOctavian<br \/>\nDenarius 30-29 f. Kr.<br \/>\nMint Italiensk pregested<br \/>\nS\u00f8lv 3,74 g.<br \/>\nKv. 1+<br \/>\nRIC I 266 <a href=\"https:\/\/www.oslomyntgalleri.no\/en\/produkt\/30-29-f-kr-ar-denarius-octavian-44-27-f-kr-triumvir-374-g-italia-1\/\"><\/a><\/p>\n","protected":false},"featured_media":132544,"template":"","meta":{"_acf_changed":false},"product_brand":[],"product_cat":[180,181],"product_tag":[],"class_list":{"0":"post-132543","1":"product","2":"type-product","3":"status-publish","4":"has-post-thumbnail","6":"product_cat-romerske-mynter-en","7":"product_cat-romersk-keisertid-en","9":"first","10":"instock","11":"shipping-taxable","12":"purchasable","13":"product-type-simple"},"acf":[],"_links":{"self":[{"href":"https:\/\/www.oslomyntgalleri.no\/en\/wp-json\/wp\/v2\/product\/132543","targetHints":{"allow":["GET"]}}],"collection":[{"href":"https:\/\/www.oslomyntgalleri.no\/en\/wp-json\/wp\/v2\/product"}],"about":[{"href":"https:\/\/www.oslomyntgalleri.no\/en\/wp-json\/wp\/v2\/types\/product"}],"wp:featuredmedia":[{"embeddable":true,"href":"https:\/\/www.oslomyntgalleri.no\/en\/wp-json\/wp\/v2\/media\/132544"}],"wp:attachment":[{"href":"https:\/\/www.oslomyntgalleri.no\/en\/wp-json\/wp\/v2\/media?parent=132543"}],"wp:term":[{"taxonomy":"product_brand","embeddable":true,"href":"https:\/\/www.oslomyntgalleri.no\/en\/wp-json\/wp\/v2\/product_brand?post=132543"},{"taxonomy":"product_cat","embeddable":true,"href":"https:\/\/www.oslomyntgalleri.no\/en\/wp-json\/wp\/v2\/product_cat?post=132543"},{"taxonomy":"product_tag","embeddable":true,"href":"https:\/\/www.oslomyntgalleri.no\/en\/wp-json\/wp\/v2\/product_tag?post=132543"}],"curies":[{"name":"wp","href":"https:\/\/api.w.org\/{rel}","templated":true}]}}