{"id":132486,"date":"2025-12-23T09:01:18","date_gmt":"2025-12-23T08:01:18","guid":{"rendered":"https:\/\/www.oslomyntgalleri.no\/?post_type=product&#038;p=132486"},"modified":"2026-05-02T23:22:00","modified_gmt":"2026-05-02T21:22:00","slug":"71-f-kr-ar-denarius-mn-aquillius-400-g-roma-01","status":"publish","type":"product","link":"https:\/\/www.oslomyntgalleri.no\/en\/produkt\/71-f-kr-ar-denarius-mn-aquillius-400-g-roma-01\/","title":{"rendered":"71 f. Kr. AR denarius Mn. Aquillius, Roma, 01"},"content":{"rendered":"","protected":false},"excerpt":{"rendered":"<p class=\"font-claude-response-body break-words whitespace-normal leading-[1.7]\"><strong>AR denarius serratus, Mn. Aquillius, Roma, 71 f. Kr.<br \/>\n<\/strong>Forsiden viser Virtus \u2014 dydens og tapperhetens gudinne \u2014 hjelmb\u00e6rende og drapert mot h\u00f8yre, med innskriften VIRTVS III VIR.<br \/>\nP\u00e5 baksiden st\u00e5r en romersk kriger med skjold, mens han l\u00f8fter en knelende Sicilia opp fra bakken; i ekserguen SICIL. Motivet er en direkte familiereferanse: i 101 f. Kr. avsluttet konsulen Manius Aquillius den eldre det annet slaveoppr\u00f8ret p\u00e5 Sicilia, etter sigende ved \u00e5 drepe oppr\u00f8rslederen Athenion i tvekamp. Myntmesteren \u2014 barnebarnet av samme navn \u2014 hentet denne hendelsen frem igjen tretti \u00e5r senere og st\u00f8pte familiens politiske kapital i s\u00f8lv. Mynten tilh\u00f8rer typen <em>serratus<\/em> \u2014 denarer med forsettlig taggete kanter, preget slik fra mynten av, trolig for \u00e5 bekrefte at s\u00f8lvet var ekte helt igjennom. Det som kan ligne kantskader er alts\u00e5 opprinnelig utforming.<\/p>\n<p class=\"font-claude-response-body break-words whitespace-normal leading-[1.7]\">Romerske republikken<br \/>\nMoneyer Manius Aquillius<br \/>\nDenarius<br \/>\n71 f.Kr.<br \/>\nS\u00f8lv \/ 3,8 g \/<br \/>\nMint Roma<\/p>\n<p>Cr. 401\/1 \/ Syd. 798 <a href=\"https:\/\/www.oslomyntgalleri.no\/en\/produkt\/71-f-kr-ar-denarius-mn-aquillius-400-g-roma-01\/\"><\/a><\/p>\n","protected":false},"featured_media":132487,"template":"","meta":{"_acf_changed":false},"product_brand":[],"product_cat":[180,183],"product_tag":[],"class_list":{"0":"post-132486","1":"product","2":"type-product","3":"status-publish","4":"has-post-thumbnail","6":"product_cat-romerske-mynter-en","7":"product_cat-romersk-republikk-en","9":"first","10":"instock","11":"shipping-taxable","12":"purchasable","13":"product-type-simple"},"acf":[],"_links":{"self":[{"href":"https:\/\/www.oslomyntgalleri.no\/en\/wp-json\/wp\/v2\/product\/132486","targetHints":{"allow":["GET"]}}],"collection":[{"href":"https:\/\/www.oslomyntgalleri.no\/en\/wp-json\/wp\/v2\/product"}],"about":[{"href":"https:\/\/www.oslomyntgalleri.no\/en\/wp-json\/wp\/v2\/types\/product"}],"wp:featuredmedia":[{"embeddable":true,"href":"https:\/\/www.oslomyntgalleri.no\/en\/wp-json\/wp\/v2\/media\/132487"}],"wp:attachment":[{"href":"https:\/\/www.oslomyntgalleri.no\/en\/wp-json\/wp\/v2\/media?parent=132486"}],"wp:term":[{"taxonomy":"product_brand","embeddable":true,"href":"https:\/\/www.oslomyntgalleri.no\/en\/wp-json\/wp\/v2\/product_brand?post=132486"},{"taxonomy":"product_cat","embeddable":true,"href":"https:\/\/www.oslomyntgalleri.no\/en\/wp-json\/wp\/v2\/product_cat?post=132486"},{"taxonomy":"product_tag","embeddable":true,"href":"https:\/\/www.oslomyntgalleri.no\/en\/wp-json\/wp\/v2\/product_tag?post=132486"}],"curies":[{"name":"wp","href":"https:\/\/api.w.org\/{rel}","templated":true}]}}