{"id":132321,"date":"2025-12-18T09:00:09","date_gmt":"2025-12-18T08:00:09","guid":{"rendered":"https:\/\/www.oslomyntgalleri.no\/?post_type=product&#038;p=132321"},"modified":"2025-12-18T09:00:10","modified_gmt":"2025-12-18T08:00:10","slug":"1979-finland-25-markkaa-abo-750-ar-500-solv-0","status":"publish","type":"product","link":"https:\/\/www.oslomyntgalleri.no\/en\/produkt\/1979-finland-25-markkaa-abo-750-ar-500-solv-0\/","title":{"rendered":"1979 Finland 25 markkaa, \u00c5bo 750 \u00e5r, .500 s\u00f8lv, 0"},"content":{"rendered":"","protected":false},"excerpt":{"rendered":"","protected":false},"featured_media":132322,"template":"","meta":{"_acf_changed":false},"product_brand":[],"product_cat":[189,187,188],"product_tag":[],"class_list":{"0":"post-132321","1":"product","2":"type-product","3":"status-publish","4":"has-post-thumbnail","6":"product_cat-europa-en","7":"product_cat-solv-en","8":"product_cat-verden-en","10":"first","11":"instock","12":"shipping-taxable","13":"purchasable","14":"product-type-simple"},"acf":[],"_links":{"self":[{"href":"https:\/\/www.oslomyntgalleri.no\/en\/wp-json\/wp\/v2\/product\/132321","targetHints":{"allow":["GET"]}}],"collection":[{"href":"https:\/\/www.oslomyntgalleri.no\/en\/wp-json\/wp\/v2\/product"}],"about":[{"href":"https:\/\/www.oslomyntgalleri.no\/en\/wp-json\/wp\/v2\/types\/product"}],"wp:featuredmedia":[{"embeddable":true,"href":"https:\/\/www.oslomyntgalleri.no\/en\/wp-json\/wp\/v2\/media\/132322"}],"wp:attachment":[{"href":"https:\/\/www.oslomyntgalleri.no\/en\/wp-json\/wp\/v2\/media?parent=132321"}],"wp:term":[{"taxonomy":"product_brand","embeddable":true,"href":"https:\/\/www.oslomyntgalleri.no\/en\/wp-json\/wp\/v2\/product_brand?post=132321"},{"taxonomy":"product_cat","embeddable":true,"href":"https:\/\/www.oslomyntgalleri.no\/en\/wp-json\/wp\/v2\/product_cat?post=132321"},{"taxonomy":"product_tag","embeddable":true,"href":"https:\/\/www.oslomyntgalleri.no\/en\/wp-json\/wp\/v2\/product_tag?post=132321"}],"curies":[{"name":"wp","href":"https:\/\/api.w.org\/{rel}","templated":true}]}}