{"id":132009,"date":"2025-12-12T09:01:46","date_gmt":"2025-12-12T08:01:46","guid":{"rendered":"https:\/\/www.oslomyntgalleri.no\/?post_type=product&#038;p=132009"},"modified":"2025-12-12T09:01:47","modified_gmt":"2025-12-12T08:01:47","slug":"1624-danmark-speciedaler-christian-iv-1-01","status":"publish","type":"product","link":"https:\/\/www.oslomyntgalleri.no\/en\/produkt\/1624-danmark-speciedaler-christian-iv-1-01\/","title":{"rendered":"1624 Danmark Speciedaler Christian IV, 1+\/01"},"content":{"rendered":"","protected":false},"excerpt":{"rendered":"<p>Blant de f\u00f8rste myntene som ble preget av s\u00f8lv fra Kongsberg som ble sendt til K\u00f8benhavn. <a href=\"https:\/\/www.oslomyntgalleri.no\/en\/produkt\/1624-danmark-speciedaler-christian-iv-1-01\/\"><\/a><\/p>\n","protected":false},"featured_media":132053,"template":"","meta":{"_acf_changed":false},"product_brand":[],"product_cat":[140],"product_tag":[],"class_list":{"0":"post-132009","1":"product","2":"type-product","3":"status-publish","4":"has-post-thumbnail","6":"product_cat-danmark-en","8":"first","9":"instock","10":"shipping-taxable","11":"purchasable","12":"product-type-simple"},"acf":[],"_links":{"self":[{"href":"https:\/\/www.oslomyntgalleri.no\/en\/wp-json\/wp\/v2\/product\/132009","targetHints":{"allow":["GET"]}}],"collection":[{"href":"https:\/\/www.oslomyntgalleri.no\/en\/wp-json\/wp\/v2\/product"}],"about":[{"href":"https:\/\/www.oslomyntgalleri.no\/en\/wp-json\/wp\/v2\/types\/product"}],"wp:featuredmedia":[{"embeddable":true,"href":"https:\/\/www.oslomyntgalleri.no\/en\/wp-json\/wp\/v2\/media\/132053"}],"wp:attachment":[{"href":"https:\/\/www.oslomyntgalleri.no\/en\/wp-json\/wp\/v2\/media?parent=132009"}],"wp:term":[{"taxonomy":"product_brand","embeddable":true,"href":"https:\/\/www.oslomyntgalleri.no\/en\/wp-json\/wp\/v2\/product_brand?post=132009"},{"taxonomy":"product_cat","embeddable":true,"href":"https:\/\/www.oslomyntgalleri.no\/en\/wp-json\/wp\/v2\/product_cat?post=132009"},{"taxonomy":"product_tag","embeddable":true,"href":"https:\/\/www.oslomyntgalleri.no\/en\/wp-json\/wp\/v2\/product_tag?post=132009"}],"curies":[{"name":"wp","href":"https:\/\/api.w.org\/{rel}","templated":true}]}}