{"id":128232,"date":"2026-04-02T19:00:35","date_gmt":"2026-04-02T17:00:35","guid":{"rendered":"https:\/\/www.oslomyntgalleri.no\/?post_type=product&#038;p=128232"},"modified":"2026-04-03T13:22:44","modified_gmt":"2026-04-03T11:22:44","slug":"1930-england-trade-dollar-kantmerker-renset-01","status":"publish","type":"product","link":"https:\/\/www.oslomyntgalleri.no\/en\/produkt\/1930-england-trade-dollar-kantmerker-renset-01\/","title":{"rendered":"1930 England trade dollar, lett renset, 01"},"content":{"rendered":"","protected":false},"excerpt":{"rendered":"<p>Storbritannia. Trade Dollar, 1895\u20131935<br \/>\nEn s\u00f8lvmynt preget for bruk i \u00d8st-Asia, utgitt for \u00e5 st\u00f8tte britisk handel i regioner hvor s\u00f8lvbaserte valutaer dominerte. Mynten var ikke ment for sirkulasjon i Storbritannia, men fungerte som et internasjonalt betalingsmiddel i viktige handelsomr\u00e5der som Kina og S\u00f8r\u00f8st-Asia.<br \/>\nMotivet skiller seg tydelig fra tradisjonell britisk myntpregning. Adversen viser Britannia st\u00e5ende ved kysten med trefork og skjold, vendt mot \u00f8st, med et handelsskip i bakgrunnen. Komposisjonen er b\u00e5de symbolsk og funksjonell, hvor Britannia ikke fremst\u00e5r som hersker, men som garantist for handel og stabilitet. Det maritime preget og den \u00e5pne, balanserte utformingen gir mynten et s\u00e6rpreget uttrykk, og er trolig en av \u00e5rsakene til at typen er godt likt blant mange samlere i dag.<br \/>\nReversen er tilpasset bruk i Asia, med val\u00f8rangivelse i b\u00e5de kinesisk og malayisk skrift, omgitt av en dekorativ krans som gir mynten et internasjonalt preg.<br \/>\nMynten ble preget ved flere myntverk, og myntpregested kan identifiseres ved sm\u00e5 bokstaver i feltet: B for Bombay, C for Calcutta, mens utgaver uten bokstav er preget i London.<br \/>\nDesignet er utf\u00f8rt av George William de Saulles, en sentral britisk grav\u00f8r som stod bak en rekke mynter fra perioden, inkludert flere portretter av Edward VII og George V.<\/p>\n<p>Myntpregested: London \/ Bombay \/ Calcutta<br \/>\nMaterial: S\u00f8lv (.900)<br \/>\nVekt: 26,95 g<br \/>\nDiameter: 39 mm <a href=\"https:\/\/www.oslomyntgalleri.no\/en\/produkt\/1930-england-trade-dollar-kantmerker-renset-01\/\"><\/a><\/p>\n","protected":false},"featured_media":128233,"template":"","meta":{"_acf_changed":false},"product_brand":[],"product_cat":[190,188],"product_tag":[],"class_list":{"0":"post-128232","1":"product","2":"type-product","3":"status-publish","4":"has-post-thumbnail","6":"product_cat-england-en","7":"product_cat-verden-en","9":"first","10":"instock","11":"shipping-taxable","12":"purchasable","13":"product-type-simple"},"acf":[],"_links":{"self":[{"href":"https:\/\/www.oslomyntgalleri.no\/en\/wp-json\/wp\/v2\/product\/128232","targetHints":{"allow":["GET"]}}],"collection":[{"href":"https:\/\/www.oslomyntgalleri.no\/en\/wp-json\/wp\/v2\/product"}],"about":[{"href":"https:\/\/www.oslomyntgalleri.no\/en\/wp-json\/wp\/v2\/types\/product"}],"wp:featuredmedia":[{"embeddable":true,"href":"https:\/\/www.oslomyntgalleri.no\/en\/wp-json\/wp\/v2\/media\/128233"}],"wp:attachment":[{"href":"https:\/\/www.oslomyntgalleri.no\/en\/wp-json\/wp\/v2\/media?parent=128232"}],"wp:term":[{"taxonomy":"product_brand","embeddable":true,"href":"https:\/\/www.oslomyntgalleri.no\/en\/wp-json\/wp\/v2\/product_brand?post=128232"},{"taxonomy":"product_cat","embeddable":true,"href":"https:\/\/www.oslomyntgalleri.no\/en\/wp-json\/wp\/v2\/product_cat?post=128232"},{"taxonomy":"product_tag","embeddable":true,"href":"https:\/\/www.oslomyntgalleri.no\/en\/wp-json\/wp\/v2\/product_tag?post=128232"}],"curies":[{"name":"wp","href":"https:\/\/api.w.org\/{rel}","templated":true}]}}