{"id":122800,"date":"2025-08-29T09:01:26","date_gmt":"2025-08-29T07:01:26","guid":{"rendered":"https:\/\/www.oslomyntgalleri.no\/?post_type=product&#038;p=122800"},"modified":"2026-05-02T23:43:16","modified_gmt":"2026-05-02T21:43:16","slug":"48-f-kr-ar-denarius-hostilius-saserna-335-g-roma-01","status":"publish","type":"product","link":"https:\/\/www.oslomyntgalleri.no\/en\/produkt\/48-f-kr-ar-denarius-hostilius-saserna-335-g-roma-01\/","title":{"rendered":"48 f.Kr.  AR denarius, Hostilius Saserna, Roma, 01"},"content":{"rendered":"","protected":false},"excerpt":{"rendered":"<p class=\"font-claude-response-body break-words whitespace-normal leading-[1.7]\"><strong>AR denarius, L. Hostilius Saserna, Roma, 48 f. Kr.\u00a0<\/strong><\/p>\n<p class=\"font-claude-response-body break-words whitespace-normal leading-[1.7]\">L. Hostilius Saserna var en av Caesars lojale st\u00f8ttespillere i borgerkrigenes Roma, og mynten b\u00e6rer tydelig preg av det. Forsiden viser et kvinnelig hode mot h\u00f8yre \u2014 trolig en personifikasjon av den nylig underkuede provinsen Gallia \u2014 med en karnyx, det galliske bl\u00e5seinstrumentet, bak skulderen. P\u00e5 baksiden st\u00e5r Diana \u2014 jaktens gudinne, kjent under det greske navnet Artemis \u2014 fremover vendt med spyd og hjort; motivet er trolig en allusjon til Caesars erobring av Massalia i 49 f. Kr., der hun ble dyrket som byens fremste guddom. Mynten ble preget i 48 f. Kr. \u2014 samme \u00e5r som slaget ved Pharsalos avgjorde borgerkrigen mot Pompeius. Caesar var p\u00e5 vei mot eneherred\u00f8mme, og hans tilhengere visste det.<\/p>\n<p>Romerske republikken<br \/>\nMoneyer L. Hostilius Saserna<br \/>\nDenarius 48 f.Kr.<br \/>\nS\u00f8lv \/ 3,35 g. \/ 19 mm<br \/>\nMint Roma<br \/>\nKv. 01<br \/>\nCr. 448.3 \/ Syd 953 <a href=\"https:\/\/www.oslomyntgalleri.no\/en\/produkt\/48-f-kr-ar-denarius-hostilius-saserna-335-g-roma-01\/\"><\/a><\/p>\n","protected":false},"featured_media":122807,"template":"","meta":{"_acf_changed":false},"product_brand":[],"product_cat":[88,22],"product_tag":[],"class_list":{"0":"post-122800","1":"product","2":"type-product","3":"status-publish","4":"has-post-thumbnail","6":"product_cat-romersk-republikk","7":"product_cat-romerske-mynter","9":"first","10":"instock","11":"shipping-taxable","12":"purchasable","13":"product-type-simple"},"acf":[],"_links":{"self":[{"href":"https:\/\/www.oslomyntgalleri.no\/en\/wp-json\/wp\/v2\/product\/122800","targetHints":{"allow":["GET"]}}],"collection":[{"href":"https:\/\/www.oslomyntgalleri.no\/en\/wp-json\/wp\/v2\/product"}],"about":[{"href":"https:\/\/www.oslomyntgalleri.no\/en\/wp-json\/wp\/v2\/types\/product"}],"wp:featuredmedia":[{"embeddable":true,"href":"https:\/\/www.oslomyntgalleri.no\/en\/wp-json\/wp\/v2\/media\/122807"}],"wp:attachment":[{"href":"https:\/\/www.oslomyntgalleri.no\/en\/wp-json\/wp\/v2\/media?parent=122800"}],"wp:term":[{"taxonomy":"product_brand","embeddable":true,"href":"https:\/\/www.oslomyntgalleri.no\/en\/wp-json\/wp\/v2\/product_brand?post=122800"},{"taxonomy":"product_cat","embeddable":true,"href":"https:\/\/www.oslomyntgalleri.no\/en\/wp-json\/wp\/v2\/product_cat?post=122800"},{"taxonomy":"product_tag","embeddable":true,"href":"https:\/\/www.oslomyntgalleri.no\/en\/wp-json\/wp\/v2\/product_tag?post=122800"}],"curies":[{"name":"wp","href":"https:\/\/api.w.org\/{rel}","templated":true}]}}