{"id":116510,"date":"2025-04-15T09:00:35","date_gmt":"2025-04-15T07:00:35","guid":{"rendered":"https:\/\/www.oslomyntgalleri.no\/?post_type=product&#038;p=116510"},"modified":"2025-04-15T09:00:37","modified_gmt":"2025-04-15T07:00:37","slug":"det-gronnes-over-grode-loos-42-mm-solv-0","status":"publish","type":"product","link":"https:\/\/www.oslomyntgalleri.no\/en\/produkt\/det-gronnes-over-grode-loos-42-mm-solv-0\/","title":{"rendered":"Det gr\u00f8nnes over gr\u00f8de, Loos,  42 mm, s\u00f8lv, 0"},"content":{"rendered":"","protected":false},"excerpt":{"rendered":"","protected":false},"featured_media":116420,"template":"","meta":{"_acf_changed":false},"product_brand":[],"product_cat":[146],"product_tag":[],"class_list":{"0":"post-116510","1":"product","2":"type-product","3":"status-publish","4":"has-post-thumbnail","6":"product_cat-medaljer-norge-en","8":"first","9":"instock","10":"shipping-taxable","11":"purchasable","12":"product-type-simple"},"acf":[],"_links":{"self":[{"href":"https:\/\/www.oslomyntgalleri.no\/en\/wp-json\/wp\/v2\/product\/116510","targetHints":{"allow":["GET"]}}],"collection":[{"href":"https:\/\/www.oslomyntgalleri.no\/en\/wp-json\/wp\/v2\/product"}],"about":[{"href":"https:\/\/www.oslomyntgalleri.no\/en\/wp-json\/wp\/v2\/types\/product"}],"wp:featuredmedia":[{"embeddable":true,"href":"https:\/\/www.oslomyntgalleri.no\/en\/wp-json\/wp\/v2\/media\/116420"}],"wp:attachment":[{"href":"https:\/\/www.oslomyntgalleri.no\/en\/wp-json\/wp\/v2\/media?parent=116510"}],"wp:term":[{"taxonomy":"product_brand","embeddable":true,"href":"https:\/\/www.oslomyntgalleri.no\/en\/wp-json\/wp\/v2\/product_brand?post=116510"},{"taxonomy":"product_cat","embeddable":true,"href":"https:\/\/www.oslomyntgalleri.no\/en\/wp-json\/wp\/v2\/product_cat?post=116510"},{"taxonomy":"product_tag","embeddable":true,"href":"https:\/\/www.oslomyntgalleri.no\/en\/wp-json\/wp\/v2\/product_tag?post=116510"}],"curies":[{"name":"wp","href":"https:\/\/api.w.org\/{rel}","templated":true}]}}