{"id":115724,"date":"2025-04-01T09:01:09","date_gmt":"2025-04-01T07:01:09","guid":{"rendered":"https:\/\/www.oslomyntgalleri.no\/?post_type=product&#038;p=115724"},"modified":"2026-05-03T14:54:24","modified_gmt":"2026-05-03T12:54:24","slug":"149-f-kr-ar-denarius-pinarius-natta-368-g-roma-01","status":"publish","type":"product","link":"https:\/\/www.oslomyntgalleri.no\/en\/produkt\/149-f-kr-ar-denarius-pinarius-natta-368-g-roma-01\/","title":{"rendered":"149 f. Kr. AR denarius Pinarius Nata, Roma, 01"},"content":{"rendered":"","protected":false},"excerpt":{"rendered":"<p class=\"font-claude-response-body break-words whitespace-normal leading-[1.7]\"><strong>AR denarius, Pinarius Natta, Roma, 149 f. Kr.\u00a0<\/strong><\/p>\n<p class=\"font-claude-response-body break-words whitespace-normal leading-[1.7]\">Forsiden viser Roma med hjelm mot h\u00f8yre, med verdimerkingen X bak hodet. P\u00e5 baksiden kj\u00f8rer Victoria en biga mot h\u00f8yre, med t\u00f8ylene i den ene h\u00e5nden og pisken i den andre; i ekserguen ROMA, under hestene NATTA.<br \/>\nX-merkingen angir myntens verdi som ti asses \u2014 den opprinnelige tariffen da denariusen ble innf\u00f8rt rundt 211 f. Kr. Omkring 141 f. Kr. ble mynten omtarifert til seksten asses, og X-merkingen forsvant gradvis fra pregningene. Denne denaren befinner seg alts\u00e5 n\u00e6r slutten av den perioden da den opprinnelige verdimerkingen fortsatt var i bruk.<br \/>\nOm Pinarius Natta selv vet vi ingenting utover navnet p\u00e5 mynten.<\/p>\n<p>Romerske republikken<br \/>\nMoneyer Pinarius Natta<br \/>\nDenarius 149 f. Kr.<br \/>\nS\u00f8lv 3,68 g.<br \/>\nMint Roma<br \/>\nKv. 01<\/p>\n<p>Crawford 208\/1<\/p>\n<p> <a href=\"https:\/\/www.oslomyntgalleri.no\/en\/produkt\/149-f-kr-ar-denarius-pinarius-natta-368-g-roma-01\/\"><\/a><\/p>\n","protected":false},"featured_media":115703,"template":"","meta":{"_acf_changed":false},"product_brand":[],"product_cat":[180,183],"product_tag":[],"class_list":{"0":"post-115724","1":"product","2":"type-product","3":"status-publish","4":"has-post-thumbnail","6":"product_cat-romerske-mynter-en","7":"product_cat-romersk-republikk-en","9":"first","10":"instock","11":"shipping-taxable","12":"purchasable","13":"product-type-simple"},"acf":[],"_links":{"self":[{"href":"https:\/\/www.oslomyntgalleri.no\/en\/wp-json\/wp\/v2\/product\/115724","targetHints":{"allow":["GET"]}}],"collection":[{"href":"https:\/\/www.oslomyntgalleri.no\/en\/wp-json\/wp\/v2\/product"}],"about":[{"href":"https:\/\/www.oslomyntgalleri.no\/en\/wp-json\/wp\/v2\/types\/product"}],"wp:featuredmedia":[{"embeddable":true,"href":"https:\/\/www.oslomyntgalleri.no\/en\/wp-json\/wp\/v2\/media\/115703"}],"wp:attachment":[{"href":"https:\/\/www.oslomyntgalleri.no\/en\/wp-json\/wp\/v2\/media?parent=115724"}],"wp:term":[{"taxonomy":"product_brand","embeddable":true,"href":"https:\/\/www.oslomyntgalleri.no\/en\/wp-json\/wp\/v2\/product_brand?post=115724"},{"taxonomy":"product_cat","embeddable":true,"href":"https:\/\/www.oslomyntgalleri.no\/en\/wp-json\/wp\/v2\/product_cat?post=115724"},{"taxonomy":"product_tag","embeddable":true,"href":"https:\/\/www.oslomyntgalleri.no\/en\/wp-json\/wp\/v2\/product_tag?post=115724"}],"curies":[{"name":"wp","href":"https:\/\/api.w.org\/{rel}","templated":true}]}}