{"id":103417,"date":"2024-06-28T08:00:03","date_gmt":"2024-06-28T06:00:03","guid":{"rendered":"https:\/\/www.oslomyntgalleri.no\/product\/geir-totland-den-norske-pengeseddelen-en-kulturhistorie-innbundet\/"},"modified":"2025-08-27T10:08:23","modified_gmt":"2025-08-27T08:08:23","slug":"geir-totland-den-norske-pengeseddelen-en-kulturhistorie-innbundet","status":"publish","type":"product","link":"https:\/\/www.oslomyntgalleri.no\/en\/produkt\/geir-totland-den-norske-pengeseddelen-en-kulturhistorie-innbundet\/","title":{"rendered":"Geir Totland: Den norske pengeseddelen &#8211; en kulturhistorie, innbundet"},"content":{"rendered":"","protected":false},"excerpt":{"rendered":"<p>Penger er p\u00e5 vei ut av daglig bruk. Likevel er de fortsatt viktige holdepunkter for v\u00e5r forestilling om penger. Historien om dem handler om hverdagsobjekter som lenge var en n\u00f8dvendig indrastruktur for handel og \u00f8konomi. Det var ikke f\u00e5 timer som gikk med til \u00e5 telle og administrere papirpenger f\u00f8r digitaliseringen endret betalingstjenestene.<\/p>\n<div class=\"rte text--pull\">\n<p>Men pengeseddelen er mer enn et medium for \u00f8konomiske transaksjoner. I denne boken vil du f\u00e5 et innblikk i papirpengenes kulturelle og samfunnsmessige dimensjon. Hvorfor ble slike papirer satt i sirkulasjon? Hvem hadde rett til \u00e5 utstede dem? Hvem utformen dem? Hva var den politiske betydningen og konsekvensen av dem? Hvilke kulturelle spor har de etterlatte?<\/p>\n<p>Med samtidens kilder som veiviser f\u00f8lger vi papirpengene gjennom \u00e5rhundrene. Hvilken betydning hadde de sirkulerende papirene for kongen, for handelsstanden, for falsknere, for tyver og for folk flest? Hvordan har utformingen av dem til ulike tider v\u00e6rt en del av samtidens visuelle kultur? Hvilken rolle har papirpengene hatt i etableringen av nasjonen og for utviklingen av nasjonal identitet? I denne tverrfaglige fremstillingen blir den norske pengeseddelen som fenomen belyst ut fra en rekke perspektiver.<\/p>\n<p>For f\u00f8rste gang er alle offisielle utgaver utstedt i Norge dokumentert og gjengitt.<\/p>\n<p>Geir Totland (f. 1961 i Bergen), Cand. Philol. 1992 med Id\u00e9historie, Nordisk og hovedfag i Medier og kommunikasjon. Han har arbeidet innenfor fagfeltet medier og kommunikasjon med undervisning og ledelse i videreg\u00e5ende skole, h\u00f8yskole og universitet. Som forfatter har han blant annet bidratt til l\u00e6reverkene Mediem\u00f8ter og Hallo.<\/p>\n<\/div>\n<p>&nbsp; <a href=\"https:\/\/www.oslomyntgalleri.no\/en\/produkt\/geir-totland-den-norske-pengeseddelen-en-kulturhistorie-innbundet\/\"><\/a><\/p>\n","protected":false},"featured_media":103276,"template":"","meta":{"_acf_changed":false},"product_brand":[],"product_cat":[145],"product_tag":[],"class_list":{"0":"post-103417","1":"product","2":"type-product","3":"status-publish","4":"has-post-thumbnail","6":"product_cat-litteratur-en","8":"first","9":"instock","10":"shipping-taxable","11":"purchasable","12":"product-type-simple"},"acf":[],"_links":{"self":[{"href":"https:\/\/www.oslomyntgalleri.no\/en\/wp-json\/wp\/v2\/product\/103417","targetHints":{"allow":["GET"]}}],"collection":[{"href":"https:\/\/www.oslomyntgalleri.no\/en\/wp-json\/wp\/v2\/product"}],"about":[{"href":"https:\/\/www.oslomyntgalleri.no\/en\/wp-json\/wp\/v2\/types\/product"}],"wp:featuredmedia":[{"embeddable":true,"href":"https:\/\/www.oslomyntgalleri.no\/en\/wp-json\/wp\/v2\/media\/103276"}],"wp:attachment":[{"href":"https:\/\/www.oslomyntgalleri.no\/en\/wp-json\/wp\/v2\/media?parent=103417"}],"wp:term":[{"taxonomy":"product_brand","embeddable":true,"href":"https:\/\/www.oslomyntgalleri.no\/en\/wp-json\/wp\/v2\/product_brand?post=103417"},{"taxonomy":"product_cat","embeddable":true,"href":"https:\/\/www.oslomyntgalleri.no\/en\/wp-json\/wp\/v2\/product_cat?post=103417"},{"taxonomy":"product_tag","embeddable":true,"href":"https:\/\/www.oslomyntgalleri.no\/en\/wp-json\/wp\/v2\/product_tag?post=103417"}],"curies":[{"name":"wp","href":"https:\/\/api.w.org\/{rel}","templated":true}]}}