{"id":102192,"date":"2024-06-11T09:01:35","date_gmt":"2024-06-11T07:01:35","guid":{"rendered":"https:\/\/www.oslomyntgalleri.no\/?post_type=product&#038;p=102192"},"modified":"2026-03-29T19:35:23","modified_gmt":"2026-03-29T17:35:23","slug":"1973-iran-iranian-red-lion-and-sun-society-0-01","status":"publish","type":"product","link":"https:\/\/www.oslomyntgalleri.no\/en\/produkt\/1973-iran-iranian-red-lion-and-sun-society-0-01\/","title":{"rendered":"1973  Iran Iranian Red Lion and Sun Society, 0\/01"},"content":{"rendered":"","protected":false},"excerpt":{"rendered":"<p data-start=\"117\" data-end=\"198\"><strong data-start=\"117\" data-end=\"144\">Iran. S\u00f8lvmedalje 1973.<\/strong><br data-start=\"144\" data-end=\"147\" \/>Iransk R\u00f8de L\u00f8ve og Sol-selskap, 1923\u20131973.<br data-start=\"190\" data-end=\"193\" \/>31 g.<\/p>\n<p data-start=\"200\" data-end=\"359\">Preget til markering av 50-\u00e5rsjubileet for Irans R\u00f8de L\u00f8ve og Sol-selskap, grunnlagt i 1922 og internasjonalt anerkjent i 1923 som del av R\u00f8de Kors-bevegelsen.<\/p>\n<p data-start=\"361\" data-end=\"698\">Motivet viser det historiske emblemet med l\u00f8ve og sol, et nasjonalt symbol med r\u00f8tter i iransk tradisjon, brukt som alternativ til kors og halvm\u00e5ne innen den humanit\u00e6re bevegelsen. Emblemet ble avskaffet etter revolusjonen i 1979, da Iran gikk over til R\u00f8de Halvm\u00e5ne, noe som gir medaljen en tydelig historisk forankring i shah-perioden.<\/p>\n<p data-start=\"700\" data-end=\"821\">Et interessant og relativt lite tilgjengelig minne fra en s\u00e6rpreget del av den internasjonale humanit\u00e6re symbolhistorien.<\/p>\n<p> <a href=\"https:\/\/www.oslomyntgalleri.no\/en\/produkt\/1973-iran-iranian-red-lion-and-sun-society-0-01\/\"><\/a><\/p>\n","protected":false},"featured_media":102146,"template":"","meta":{"_acf_changed":false},"product_brand":[],"product_cat":[147],"product_tag":[],"class_list":{"0":"post-102192","1":"product","2":"type-product","3":"status-publish","4":"has-post-thumbnail","6":"product_cat-medaljer-verden-en","8":"first","9":"instock","10":"shipping-taxable","11":"purchasable","12":"product-type-simple"},"acf":[],"_links":{"self":[{"href":"https:\/\/www.oslomyntgalleri.no\/en\/wp-json\/wp\/v2\/product\/102192","targetHints":{"allow":["GET"]}}],"collection":[{"href":"https:\/\/www.oslomyntgalleri.no\/en\/wp-json\/wp\/v2\/product"}],"about":[{"href":"https:\/\/www.oslomyntgalleri.no\/en\/wp-json\/wp\/v2\/types\/product"}],"wp:featuredmedia":[{"embeddable":true,"href":"https:\/\/www.oslomyntgalleri.no\/en\/wp-json\/wp\/v2\/media\/102146"}],"wp:attachment":[{"href":"https:\/\/www.oslomyntgalleri.no\/en\/wp-json\/wp\/v2\/media?parent=102192"}],"wp:term":[{"taxonomy":"product_brand","embeddable":true,"href":"https:\/\/www.oslomyntgalleri.no\/en\/wp-json\/wp\/v2\/product_brand?post=102192"},{"taxonomy":"product_cat","embeddable":true,"href":"https:\/\/www.oslomyntgalleri.no\/en\/wp-json\/wp\/v2\/product_cat?post=102192"},{"taxonomy":"product_tag","embeddable":true,"href":"https:\/\/www.oslomyntgalleri.no\/en\/wp-json\/wp\/v2\/product_tag?post=102192"}],"curies":[{"name":"wp","href":"https:\/\/api.w.org\/{rel}","templated":true}]}}