{"id":101656,"date":"2024-06-01T09:00:40","date_gmt":"2024-06-01T07:00:40","guid":{"rendered":"https:\/\/www.oslomyntgalleri.no\/?post_type=product&#038;p=101656"},"modified":"2026-01-29T10:29:47","modified_gmt":"2026-01-29T09:29:47","slug":"1974-polen-100-zlotych-marie-curie-sklodowska-fingermerker-proof","status":"publish","type":"product","link":"https:\/\/www.oslomyntgalleri.no\/en\/produkt\/1974-polen-100-zlotych-marie-curie-sklodowska-fingermerker-proof\/","title":{"rendered":"1974  Polen 100 z\u0142otych Marie Curie Sk\u0142odowska, 16,6 g .650 s\u00f8lv, fingermerker, proof"},"content":{"rendered":"","protected":false},"excerpt":{"rendered":"","protected":false},"featured_media":101614,"template":"","meta":{"_acf_changed":false},"product_brand":[],"product_cat":[56,40,18],"product_tag":[],"class_list":{"0":"post-101656","1":"product","2":"type-product","3":"status-publish","4":"has-post-thumbnail","6":"product_cat-europa","7":"product_cat-solv","8":"product_cat-verden","10":"first","11":"instock","12":"shipping-taxable","13":"purchasable","14":"product-type-simple"},"acf":[],"_links":{"self":[{"href":"https:\/\/www.oslomyntgalleri.no\/en\/wp-json\/wp\/v2\/product\/101656","targetHints":{"allow":["GET"]}}],"collection":[{"href":"https:\/\/www.oslomyntgalleri.no\/en\/wp-json\/wp\/v2\/product"}],"about":[{"href":"https:\/\/www.oslomyntgalleri.no\/en\/wp-json\/wp\/v2\/types\/product"}],"wp:featuredmedia":[{"embeddable":true,"href":"https:\/\/www.oslomyntgalleri.no\/en\/wp-json\/wp\/v2\/media\/101614"}],"wp:attachment":[{"href":"https:\/\/www.oslomyntgalleri.no\/en\/wp-json\/wp\/v2\/media?parent=101656"}],"wp:term":[{"taxonomy":"product_brand","embeddable":true,"href":"https:\/\/www.oslomyntgalleri.no\/en\/wp-json\/wp\/v2\/product_brand?post=101656"},{"taxonomy":"product_cat","embeddable":true,"href":"https:\/\/www.oslomyntgalleri.no\/en\/wp-json\/wp\/v2\/product_cat?post=101656"},{"taxonomy":"product_tag","embeddable":true,"href":"https:\/\/www.oslomyntgalleri.no\/en\/wp-json\/wp\/v2\/product_tag?post=101656"}],"curies":[{"name":"wp","href":"https:\/\/api.w.org\/{rel}","templated":true}]}}